{"id":9921,"date":"2024-10-02T12:12:23","date_gmt":"2024-10-02T11:12:23","guid":{"rendered":"https:\/\/www.sigre.es\/boletin\/?page_id=9921"},"modified":"2024-10-07T11:36:00","modified_gmt":"2024-10-07T10:36:00","slug":"dudas-sobre-el-reciclaje-89","status":"publish","type":"page","link":"https:\/\/www.sigre.es\/boletin\/sigre-informa-89\/dudas-sobre-el-reciclaje-89\/","title":{"rendered":"DUDAS SOBRE EL RECICLAJE"},"content":{"rendered":"<div id=\"fb-root\"><\/div>\n<p><strong>La respuesta es s\u00ed<\/strong>. Es sumamente importante que las cajas de cart\u00f3n, los prospectos y los envases de medicamentos de todo tipo (frascos, bl\u00edsteres, ampollas, etc.), tengan a\u00fan restos del medicamento o est\u00e9n vac\u00edos, no se tiren al contenedor azul del papel, ni al amarillo de los envases o al contenedor verde del vidrio.<\/p>\n<p>\u00bfEl motivo? Cualquier envase de medicamento, incluidas las cajas y los prospectos, precisa de un tratamiento especial que solo puede ofrecer SIGRE, ya que puede contener trazas y restos del producto, por lo que \u00fanicamente debe ser depositado en cualquiera de los m\u00e1s de 22.100 Puntos SIGRE repartidos por toda la geograf\u00eda espa\u00f1ola.<\/p>\n<p>Una vez depositados, los envases y los restos de medicamentos son recogidos por la distribuci\u00f3n farmac\u00e9utica, mediante un sistema de log\u00edstica inversa, para ser posteriormente transportados a la <a href=\"https:\/\/www.blogsigre.es\/2021\/06\/30\/tu-medicamento-acaba-aqui\/\" target=\"_blank\" rel=\"noopener\">Planta de Clasificaci\u00f3n de Envases y Residuos de Medicamentos<\/a> ubicada en Tudela de Duero (Valladolid), instalaci\u00f3n pionera y referencia mundial en el tratamiento de este tipo de residuos.<\/p>\n<p>En esta Planta, los residuos se someten a diversos tratamientos para separar los materiales de los envases de los medicamentos (cart\u00f3n, vidrio, pl\u00e1sticos, aluminio, etc.) para poder ser reciclados posteriormente. <strong>Casi el 70% de estos envases son reciclados<\/strong>.<\/p>\n<p><a href=\"https:\/\/www.sigre.es\/boletin\/wp-content\/uploads\/2024\/10\/Reciclaje.jpg\"><img loading=\"lazy\" decoding=\"async\" class=\"aligncenter wp-image-10048 \" src=\"https:\/\/www.sigre.es\/boletin\/wp-content\/uploads\/2024\/10\/Reciclaje-1024x563.jpg\" alt=\"\" width=\"637\" height=\"350\" srcset=\"https:\/\/www.sigre.es\/boletin\/wp-content\/uploads\/2024\/10\/Reciclaje-1024x563.jpg 1024w, https:\/\/www.sigre.es\/boletin\/wp-content\/uploads\/2024\/10\/Reciclaje-300x165.jpg 300w, https:\/\/www.sigre.es\/boletin\/wp-content\/uploads\/2024\/10\/Reciclaje-768x422.jpg 768w, https:\/\/www.sigre.es\/boletin\/wp-content\/uploads\/2024\/10\/Reciclaje.jpg 1200w\" sizes=\"auto, (max-width: 637px) 100vw, 637px\" \/><\/a><\/p>\n<p>&nbsp;<\/p>\n","protected":false},"excerpt":{"rendered":"<p>La respuesta es s\u00ed. Es sumamente importante que las cajas de cart\u00f3n, los prospectos y los envases de medicamentos de todo tipo (frascos, bl\u00edsteres, ampollas, etc.), tengan a\u00fan restos del medicamento o est\u00e9n vac\u00edos, no se tiren al contenedor azul del papel, ni al amarillo de los envases o al contenedor verde del vidrio. \u00bfEl [&hellip;]<\/p>\n","protected":false},"author":10,"featured_media":0,"parent":9884,"menu_order":187,"comment_status":"closed","ping_status":"closed","template":"sigre-entrevista.php","meta":{"footnotes":""},"class_list":["post-9921","page","type-page","status-publish","hentry"],"_links":{"self":[{"href":"https:\/\/www.sigre.es\/boletin\/wp-json\/wp\/v2\/pages\/9921","targetHints":{"allow":["GET"]}}],"collection":[{"href":"https:\/\/www.sigre.es\/boletin\/wp-json\/wp\/v2\/pages"}],"about":[{"href":"https:\/\/www.sigre.es\/boletin\/wp-json\/wp\/v2\/types\/page"}],"author":[{"embeddable":true,"href":"https:\/\/www.sigre.es\/boletin\/wp-json\/wp\/v2\/users\/10"}],"replies":[{"embeddable":true,"href":"https:\/\/www.sigre.es\/boletin\/wp-json\/wp\/v2\/comments?post=9921"}],"version-history":[{"count":0,"href":"https:\/\/www.sigre.es\/boletin\/wp-json\/wp\/v2\/pages\/9921\/revisions"}],"up":[{"embeddable":true,"href":"https:\/\/www.sigre.es\/boletin\/wp-json\/wp\/v2\/pages\/9884"}],"wp:attachment":[{"href":"https:\/\/www.sigre.es\/boletin\/wp-json\/wp\/v2\/media?parent=9921"}],"curies":[{"name":"wp","href":"https:\/\/api.w.org\/{rel}","templated":true}]}}