{"id":9787,"date":"2024-07-02T10:55:30","date_gmt":"2024-07-02T09:55:30","guid":{"rendered":"https:\/\/www.sigre.es\/boletin\/?page_id=9787"},"modified":"2024-07-05T10:47:02","modified_gmt":"2024-07-05T09:47:02","slug":"dudas-reciclaje-88","status":"publish","type":"page","link":"https:\/\/www.sigre.es\/boletin\/sigre-informa-88\/dudas-reciclaje-88\/","title":{"rendered":"DUDAS SOBRE EL RECICLAJE"},"content":{"rendered":"<div id=\"fb-root\"><\/div>\n<p>En ning\u00fan caso los residuos de medicamentos depositados en el Punto SIGRE se destinan a <a href=\"https:\/\/www.blogsigre.es\/2022\/03\/10\/medicamentos-procedentes-domicilios-particulares-no-se-pueden-donar\/\" target=\"_blank\" rel=\"noopener\">donaciones<\/a>. La legislaci\u00f3n vigente no permite su uso para fines humanitarios debido al riesgo sanitario que implica su reutilizaci\u00f3n.<\/p>\n<p>Adem\u00e1s, cuando donamos medicamentos que no corresponden a las necesidades de las personas receptoras, estos pasan a acumularse en fronteras, aduanas o campos de refugiados.<\/p>\n<p>Ya ha habido casos de acumulaci\u00f3n de toneladas de medicamentos que no se destruyen adecuadamente y acaban siendo un problema econ\u00f3mico y para el medioambiente.<\/p>\n<p>En definitiva, todos los envases de medicamentos, vac\u00edos o con restos de medicamentos, que se generen en los hogares deben ser depositados en el Punto SIGRE de la farmacia para su correcto tratamiento medioambiental. Conoce qu\u00e9 ocurre una vez llegan estos residuos a la Planta de Clasificaci\u00f3n de Envases y Residuos de Medicamentos en este <a href=\"https:\/\/www.blogsigre.es\/2021\/06\/30\/tu-medicamento-acaba-aqui\/\" target=\"_blank\" rel=\"noopener\">post<\/a>.<\/p>\n<p>Tambi\u00e9n te invitamos a conocer otros falsos mitos sobre el reciclado de los medicamentos <a href=\"https:\/\/sigre.es\/post\/5-falsos-mitos-sobre-el-reciclaje-de-medicamentos\" target=\"_blank\" rel=\"noopener\">aqu\u00ed<\/a>.<\/p>\n<div id=\"attachment_9815\" style=\"width: 491px\" class=\"wp-caption aligncenter\"><a href=\"https:\/\/www.sigre.es\/boletin\/wp-content\/uploads\/2024\/07\/donaciones.jpg\"><img loading=\"lazy\" decoding=\"async\" aria-describedby=\"caption-attachment-9815\" class=\" wp-image-9815\" src=\"https:\/\/www.sigre.es\/boletin\/wp-content\/uploads\/2024\/07\/donaciones.jpg\" alt=\"\" width=\"481\" height=\"347\" srcset=\"https:\/\/www.sigre.es\/boletin\/wp-content\/uploads\/2024\/07\/donaciones.jpg 884w, https:\/\/www.sigre.es\/boletin\/wp-content\/uploads\/2024\/07\/donaciones-300x217.jpg 300w, https:\/\/www.sigre.es\/boletin\/wp-content\/uploads\/2024\/07\/donaciones-768x554.jpg 768w\" sizes=\"auto, (max-width: 481px) 100vw, 481px\" \/><\/a><p id=\"caption-attachment-9815\" class=\"wp-caption-text\">Campa\u00f1a 2021 de Farmamundi, en colaboraci\u00f3n con el Colegio de Farmac\u00e9uticos de Valladolid y la financiaci\u00f3n de la Junta de Castilla y Le\u00f3n, sobre donaciones adecuadas de medicamentos<\/p><\/div>\n","protected":false},"excerpt":{"rendered":"<p>En ning\u00fan caso los residuos de medicamentos depositados en el Punto SIGRE se destinan a donaciones. La legislaci\u00f3n vigente no permite su uso para fines humanitarios debido al riesgo sanitario que implica su reutilizaci\u00f3n. Adem\u00e1s, cuando donamos medicamentos que no corresponden a las necesidades de las personas receptoras, estos pasan a acumularse en fronteras, aduanas [&hellip;]<\/p>\n","protected":false},"author":7,"featured_media":0,"parent":9692,"menu_order":196,"comment_status":"closed","ping_status":"closed","template":"sigre-entrevista.php","meta":{"footnotes":""},"class_list":["post-9787","page","type-page","status-publish","hentry"],"_links":{"self":[{"href":"https:\/\/www.sigre.es\/boletin\/wp-json\/wp\/v2\/pages\/9787","targetHints":{"allow":["GET"]}}],"collection":[{"href":"https:\/\/www.sigre.es\/boletin\/wp-json\/wp\/v2\/pages"}],"about":[{"href":"https:\/\/www.sigre.es\/boletin\/wp-json\/wp\/v2\/types\/page"}],"author":[{"embeddable":true,"href":"https:\/\/www.sigre.es\/boletin\/wp-json\/wp\/v2\/users\/7"}],"replies":[{"embeddable":true,"href":"https:\/\/www.sigre.es\/boletin\/wp-json\/wp\/v2\/comments?post=9787"}],"version-history":[{"count":0,"href":"https:\/\/www.sigre.es\/boletin\/wp-json\/wp\/v2\/pages\/9787\/revisions"}],"up":[{"embeddable":true,"href":"https:\/\/www.sigre.es\/boletin\/wp-json\/wp\/v2\/pages\/9692"}],"wp:attachment":[{"href":"https:\/\/www.sigre.es\/boletin\/wp-json\/wp\/v2\/media?parent=9787"}],"curies":[{"name":"wp","href":"https:\/\/api.w.org\/{rel}","templated":true}]}}