{"id":9785,"date":"2024-07-02T10:54:31","date_gmt":"2024-07-02T09:54:31","guid":{"rendered":"https:\/\/www.sigre.es\/boletin\/?page_id=9785"},"modified":"2024-07-02T11:52:46","modified_gmt":"2024-07-02T10:52:46","slug":"sigre-farmacias","status":"publish","type":"page","link":"https:\/\/www.sigre.es\/boletin\/sigre-informa-88\/sigre-farmacias\/","title":{"rendered":"SENSIBILIZACI\u00d3N"},"content":{"rendered":"<div id=\"fb-root\"><\/div>\n<p>Las farmacias cumplen un papel muy importante en la formaci\u00f3n de los pacientes sobre el uso responsable de los medicamentos, que incluye su adecuado almacenamiento en el hogar, la revisi\u00f3n peri\u00f3dica del botiqu\u00edn dom\u00e9stico para retirar aquellos medicamentos que han caducado o que ya no son necesarios y la entrega en el Punto SIGRE para garantizar que reciben un correcto tratamiento medioambiental.<\/p>\n<p>En esta labor, SIGRE colabora con distintas iniciativas impulsadas desde la farmacia.<\/p>\n<p>Un claro ejemplo de lo anterior lo atestigua la colaboraci\u00f3n, un a\u00f1o m\u00e1s, de SIGRE con el <a href=\"https:\/\/www.cofalava.org\" target=\"_blank\" rel=\"noopener\">Colegio Oficial de Farmac\u00e9uticos de \u00c1lava<\/a> en la campa\u00f1a<strong> \u2018Pon al d\u00eda tu botiqu\u00edn\u2019. <\/strong>El objetivo de esta iniciativa es mejorar la utilizaci\u00f3n de los medicamentos y su conocimiento, as\u00ed como informar, formar y fomentar la adecuada gesti\u00f3n de los residuos de los mismos.<\/p>\n<p>Tambi\u00e9n en el Pa\u00eds Vasco, hemos participado en la campa\u00f1a de revisi\u00f3n de botiquines caseros organizada por los Colegios de Farmac\u00e9uticos, M\u00e9dicos y Enfermer\u00eda de Bizkaia.<\/p>\n<p><a href=\"https:\/\/www.sigre.es\/boletin\/wp-content\/uploads\/2024\/07\/COFAlava-1.jpg\"><img loading=\"lazy\" decoding=\"async\" class=\"aligncenter wp-image-9801\" src=\"https:\/\/www.sigre.es\/boletin\/wp-content\/uploads\/2024\/07\/COFAlava-1.jpg\" alt=\"\" width=\"411\" height=\"226\" srcset=\"https:\/\/www.sigre.es\/boletin\/wp-content\/uploads\/2024\/07\/COFAlava-1.jpg 767w, https:\/\/www.sigre.es\/boletin\/wp-content\/uploads\/2024\/07\/COFAlava-1-300x165.jpg 300w\" sizes=\"auto, (max-width: 411px) 100vw, 411px\" \/><\/a><a href=\"https:\/\/www.sigre.es\/boletin\/wp-content\/uploads\/2024\/07\/SI88-COFAlava-2.jpg\"><img loading=\"lazy\" decoding=\"async\" class=\"aligncenter wp-image-9802\" src=\"https:\/\/www.sigre.es\/boletin\/wp-content\/uploads\/2024\/07\/SI88-COFAlava-2.jpg\" alt=\"\" width=\"288\" height=\"409\" srcset=\"https:\/\/www.sigre.es\/boletin\/wp-content\/uploads\/2024\/07\/SI88-COFAlava-2.jpg 564w, https:\/\/www.sigre.es\/boletin\/wp-content\/uploads\/2024\/07\/SI88-COFAlava-2-212x300.jpg 212w\" sizes=\"auto, (max-width: 288px) 100vw, 288px\" \/><\/a><\/p>\n<p>Y para fomentar el reciclaje de los inhaladores, hemos aportado nuestro granito de arena junto al Colegio de Farmac\u00e9uticos de Barcelona (<a href=\"http:\/\/www.cofb.net\/?utm_source=diariofarma&amp;utm_medium=web&amp;utm_campaign=smartlink\">COFB<\/a>), <a href=\"http:\/\/www.astrazeneca.es\/?utm_source=diariofarma&amp;utm_medium=web&amp;utm_campaign=smartlink\">AstraZeneca<\/a>, la Federaci\u00f3n Espa\u00f1ola de Asociaciones de Pacientes Al\u00e9rgicos y con Enfermedades Respiratorias (<a href=\"https:\/\/fenaer.es\/\" target=\"_blank\" rel=\"noopener\">Fenaer<\/a>) y la Asociaci\u00f3n de Afectados Cr\u00f3nicos de las V\u00edas Respiratorias, \u201cA Tot Pulm\u00f3\u201d en la campa\u00f1a <strong>&#8216;Yo te ayudo a respirar, t\u00fa me ayudas a reciclar&#8217;<\/strong>.<\/p>\n<p><a href=\"https:\/\/www.sigre.es\/boletin\/wp-content\/uploads\/2024\/07\/SI88-COFB.jpg\"><img loading=\"lazy\" decoding=\"async\" class=\"aligncenter wp-image-9795\" src=\"https:\/\/www.sigre.es\/boletin\/wp-content\/uploads\/2024\/07\/SI88-COFB-1024x683.jpg\" alt=\"\" width=\"471\" height=\"314\" srcset=\"https:\/\/www.sigre.es\/boletin\/wp-content\/uploads\/2024\/07\/SI88-COFB-1024x683.jpg 1024w, https:\/\/www.sigre.es\/boletin\/wp-content\/uploads\/2024\/07\/SI88-COFB-300x200.jpg 300w, https:\/\/www.sigre.es\/boletin\/wp-content\/uploads\/2024\/07\/SI88-COFB-768x512.jpg 768w, https:\/\/www.sigre.es\/boletin\/wp-content\/uploads\/2024\/07\/SI88-COFB.jpg 1200w\" sizes=\"auto, (max-width: 471px) 100vw, 471px\" \/><\/a><\/p>\n","protected":false},"excerpt":{"rendered":"<p>Las farmacias cumplen un papel muy importante en la formaci\u00f3n de los pacientes sobre el uso responsable de los medicamentos, que incluye su adecuado almacenamiento en el hogar, la revisi\u00f3n peri\u00f3dica del botiqu\u00edn dom\u00e9stico para retirar aquellos medicamentos que han caducado o que ya no son necesarios y la entrega en el Punto SIGRE para [&hellip;]<\/p>\n","protected":false},"author":7,"featured_media":0,"parent":9692,"menu_order":190,"comment_status":"closed","ping_status":"closed","template":"sigre-entrevista.php","meta":{"footnotes":""},"class_list":["post-9785","page","type-page","status-publish","hentry"],"_links":{"self":[{"href":"https:\/\/www.sigre.es\/boletin\/wp-json\/wp\/v2\/pages\/9785","targetHints":{"allow":["GET"]}}],"collection":[{"href":"https:\/\/www.sigre.es\/boletin\/wp-json\/wp\/v2\/pages"}],"about":[{"href":"https:\/\/www.sigre.es\/boletin\/wp-json\/wp\/v2\/types\/page"}],"author":[{"embeddable":true,"href":"https:\/\/www.sigre.es\/boletin\/wp-json\/wp\/v2\/users\/7"}],"replies":[{"embeddable":true,"href":"https:\/\/www.sigre.es\/boletin\/wp-json\/wp\/v2\/comments?post=9785"}],"version-history":[{"count":0,"href":"https:\/\/www.sigre.es\/boletin\/wp-json\/wp\/v2\/pages\/9785\/revisions"}],"up":[{"embeddable":true,"href":"https:\/\/www.sigre.es\/boletin\/wp-json\/wp\/v2\/pages\/9692"}],"wp:attachment":[{"href":"https:\/\/www.sigre.es\/boletin\/wp-json\/wp\/v2\/media?parent=9785"}],"curies":[{"name":"wp","href":"https:\/\/api.w.org\/{rel}","templated":true}]}}