{"id":9782,"date":"2024-07-02T10:53:21","date_gmt":"2024-07-02T09:53:21","guid":{"rendered":"https:\/\/www.sigre.es\/boletin\/?page_id=9782"},"modified":"2024-07-02T11:58:29","modified_gmt":"2024-07-02T10:58:29","slug":"sigre-foros-88","status":"publish","type":"page","link":"https:\/\/www.sigre.es\/boletin\/sigre-informa-88\/sigre-foros-88\/","title":{"rendered":"FOROS Y CONGRESOS"},"content":{"rendered":"<div id=\"fb-root\"><\/div>\n<p>Seguimos volcados en informar a los distintos agentes del sector farmac\u00e9utico y sanitario de las acciones que SIGRE est\u00e1 realizando para organizar, a partir del 1 de enero de 2025, la gesti\u00f3n de los residuos de envases comerciales e industriales de medicamentos.<\/p>\n<p>Nuestra participaci\u00f3n en seminarios y jornadas organizadas por la <a href=\"https:\/\/sigre.es\/post\/la-industria-farmaceutica-y-sigre-muestran-su-compromiso-con-el-medio-ambiente\" target=\"_blank\" rel=\"noopener\">Asociaci\u00f3n Espa\u00f1ola de Farmac\u00e9uticos de la Industria (AEFI),<\/a> <a href=\"https:\/\/www.ceoe.es\/es\/ceoe-news\/sostenibilidad\/ceoe-reune-los-agentes-implicados-en-el-reto-empresarial-frente-la\" target=\"_blank\" rel=\"noopener\">CEOE<\/a>, <a href=\"https:\/\/packnet.es\/evento\/packnet-jornada-reglamento\/\" target=\"_blank\" rel=\"noopener\">Packnet<\/a>, la <a href=\"https:\/\/www.farmaindustria.es\/web\/prensa\/notas-de-prensa\/2024\/06\/13\/el-cuidado-del-medio-ambiente-una-prioridad-para-la-industria-farmaceutica-innovadora-que-busca-reducir-el-impacto-de-los-medicamentos-y-garantizar-su-disponibilidad-para-los-pacientes\/\" target=\"_blank\" rel=\"noopener\">Real Academia de Farmacia y Farmaindustria<\/a> o la <a href=\"https:\/\/www.fundacionidis.com\/sala-prensa\/notas-de-prensa\/la-fundacion-idis-y-sigre-firman-un-acuerdo-de-colaboracion-para-impulsar-la-economia-circular-y-el-reciclaje-de-envases-de-medicamentos-en-centros-sanitarios\" target=\"_blank\" rel=\"noopener\">Fundaci\u00f3n IDIS<\/a> , por poner solo algunos ejemplos, as\u00ed lo atestiguan.<\/p>\n<p><a href=\"https:\/\/www.sigre.es\/boletin\/wp-content\/uploads\/2024\/07\/SI88-Foros.png\"><img loading=\"lazy\" decoding=\"async\" class=\"aligncenter wp-image-9821\" src=\"https:\/\/www.sigre.es\/boletin\/wp-content\/uploads\/2024\/07\/SI88-Foros-1024x375.png\" alt=\"\" width=\"737\" height=\"270\" srcset=\"https:\/\/www.sigre.es\/boletin\/wp-content\/uploads\/2024\/07\/SI88-Foros-1024x375.png 1024w, https:\/\/www.sigre.es\/boletin\/wp-content\/uploads\/2024\/07\/SI88-Foros-300x110.png 300w, https:\/\/www.sigre.es\/boletin\/wp-content\/uploads\/2024\/07\/SI88-Foros-768x281.png 768w, https:\/\/www.sigre.es\/boletin\/wp-content\/uploads\/2024\/07\/SI88-Foros-1536x563.png 1536w, https:\/\/www.sigre.es\/boletin\/wp-content\/uploads\/2024\/07\/SI88-Foros.png 1968w\" sizes=\"auto, (max-width: 737px) 100vw, 737px\" \/><\/a><\/p>\n<p>Pero, por supuesto, sin olvidarnos de seguir concienciando a todos los niveles y p\u00fablicos sobre la importancia medioambiental y socio-sanitaria de la separaci\u00f3n en origen de los residuos de medicamentos y sus envases que se generan en los hogares.<\/p>\n<p>As\u00ed, <em>volvimos a la universidad<\/em> para participar en la XVII Jornada sobre tecnolog\u00eda farmac\u00e9utica, biofarmacia y farmacocin\u00e9tica de la<strong> Universidad Complutense de Madrid (UCM)<\/strong> y en el curso sobre &#8216;Farmacontaminaci\u00f3n&#8217; de la <strong>Universidad del Pa\u00eds Vasco (UPV-EHU)<\/strong>.<\/p>\n<p><a href=\"https:\/\/www.sigre.es\/boletin\/wp-content\/uploads\/2024\/07\/SIGRE-Foros-SI88.jpg\"><img loading=\"lazy\" decoding=\"async\" class=\"aligncenter wp-image-9820\" src=\"https:\/\/www.sigre.es\/boletin\/wp-content\/uploads\/2024\/07\/SIGRE-Foros-SI88-768x1024.jpg\" alt=\"\" width=\"341\" height=\"455\" srcset=\"https:\/\/www.sigre.es\/boletin\/wp-content\/uploads\/2024\/07\/SIGRE-Foros-SI88-768x1023.jpg 768w, https:\/\/www.sigre.es\/boletin\/wp-content\/uploads\/2024\/07\/SIGRE-Foros-SI88-225x300.jpg 225w, https:\/\/www.sigre.es\/boletin\/wp-content\/uploads\/2024\/07\/SIGRE-Foros-SI88.jpg 800w\" sizes=\"auto, (max-width: 341px) 100vw, 341px\" \/><\/a><\/p>\n","protected":false},"excerpt":{"rendered":"<p>Seguimos volcados en informar a los distintos agentes del sector farmac\u00e9utico y sanitario de las acciones que SIGRE est\u00e1 realizando para organizar, a partir del 1 de enero de 2025, la gesti\u00f3n de los residuos de envases comerciales e industriales de medicamentos. Nuestra participaci\u00f3n en seminarios y jornadas organizadas por la Asociaci\u00f3n Espa\u00f1ola de Farmac\u00e9uticos [&hellip;]<\/p>\n","protected":false},"author":7,"featured_media":0,"parent":9692,"menu_order":189,"comment_status":"closed","ping_status":"closed","template":"sigre-entrevista.php","meta":{"footnotes":""},"class_list":["post-9782","page","type-page","status-publish","hentry"],"_links":{"self":[{"href":"https:\/\/www.sigre.es\/boletin\/wp-json\/wp\/v2\/pages\/9782","targetHints":{"allow":["GET"]}}],"collection":[{"href":"https:\/\/www.sigre.es\/boletin\/wp-json\/wp\/v2\/pages"}],"about":[{"href":"https:\/\/www.sigre.es\/boletin\/wp-json\/wp\/v2\/types\/page"}],"author":[{"embeddable":true,"href":"https:\/\/www.sigre.es\/boletin\/wp-json\/wp\/v2\/users\/7"}],"replies":[{"embeddable":true,"href":"https:\/\/www.sigre.es\/boletin\/wp-json\/wp\/v2\/comments?post=9782"}],"version-history":[{"count":0,"href":"https:\/\/www.sigre.es\/boletin\/wp-json\/wp\/v2\/pages\/9782\/revisions"}],"up":[{"embeddable":true,"href":"https:\/\/www.sigre.es\/boletin\/wp-json\/wp\/v2\/pages\/9692"}],"wp:attachment":[{"href":"https:\/\/www.sigre.es\/boletin\/wp-json\/wp\/v2\/media?parent=9782"}],"curies":[{"name":"wp","href":"https:\/\/api.w.org\/{rel}","templated":true}]}}