{"id":9750,"date":"2024-06-27T12:07:03","date_gmt":"2024-06-27T11:07:03","guid":{"rendered":"https:\/\/www.sigre.es\/boletin\/?page_id=9750"},"modified":"2024-07-05T10:43:21","modified_gmt":"2024-07-05T09:43:21","slug":"sigre-aulas-farmacia","status":"publish","type":"page","link":"https:\/\/www.sigre.es\/boletin\/sigre-informa-88\/sigre-aulas-farmacia\/","title":{"rendered":"FORMACI\u00d3N"},"content":{"rendered":"<div id=\"fb-root\"><\/div>\n<p>Son ya muchas las Facultades de Farmacia de toda Espa\u00f1a que han puesto en marcha aulas de simulaci\u00f3n de farmacia en sus Campus.<\/p>\n<p>En ellas, los estudiantes pueden conocer todos los servicios que estos establecimientos sanitarios prestan a la sociedad, desarrollando competencias fundamentales como la relaci\u00f3n farmac\u00e9utico-paciente y los diferentes pasos dentro del ciclo de la vida del medicamento.<\/p>\n<p>El uso adecuado de los medicamentos finaliza cuando sus residuos son depositados en el Punto SIGRE de las farmacias, por lo que la presencia del Punto SIGRE en estas aulas a efectos formativos permite transmitir a los futuros farmac\u00e9uticos la importancia socio-sanitaria y medioambiental de la correcta gesti\u00f3n de los residuos de medicamentos y sus envases de origen dom\u00e9stico.<\/p>\n<p><a href=\"https:\/\/www.sigre.es\/boletin\/wp-content\/uploads\/2024\/07\/SI88-SIGRE-aulas.jpg\"><img loading=\"lazy\" decoding=\"async\" class=\"aligncenter size-full wp-image-9780\" src=\"https:\/\/www.sigre.es\/boletin\/wp-content\/uploads\/2024\/07\/SI88-SIGRE-aulas.jpg\" alt=\"\" width=\"442\" height=\"309\" srcset=\"https:\/\/www.sigre.es\/boletin\/wp-content\/uploads\/2024\/07\/SI88-SIGRE-aulas.jpg 442w, https:\/\/www.sigre.es\/boletin\/wp-content\/uploads\/2024\/07\/SI88-SIGRE-aulas-300x210.jpg 300w\" sizes=\"auto, (max-width: 442px) 100vw, 442px\" \/><\/a><\/p>\n","protected":false},"excerpt":{"rendered":"<p>Son ya muchas las Facultades de Farmacia de toda Espa\u00f1a que han puesto en marcha aulas de simulaci\u00f3n de farmacia en sus Campus. En ellas, los estudiantes pueden conocer todos los servicios que estos establecimientos sanitarios prestan a la sociedad, desarrollando competencias fundamentales como la relaci\u00f3n farmac\u00e9utico-paciente y los diferentes pasos dentro del ciclo de [&hellip;]<\/p>\n","protected":false},"author":10,"featured_media":0,"parent":9692,"menu_order":182,"comment_status":"closed","ping_status":"closed","template":"sigre-entrevista.php","meta":{"footnotes":""},"class_list":["post-9750","page","type-page","status-publish","hentry"],"_links":{"self":[{"href":"https:\/\/www.sigre.es\/boletin\/wp-json\/wp\/v2\/pages\/9750","targetHints":{"allow":["GET"]}}],"collection":[{"href":"https:\/\/www.sigre.es\/boletin\/wp-json\/wp\/v2\/pages"}],"about":[{"href":"https:\/\/www.sigre.es\/boletin\/wp-json\/wp\/v2\/types\/page"}],"author":[{"embeddable":true,"href":"https:\/\/www.sigre.es\/boletin\/wp-json\/wp\/v2\/users\/10"}],"replies":[{"embeddable":true,"href":"https:\/\/www.sigre.es\/boletin\/wp-json\/wp\/v2\/comments?post=9750"}],"version-history":[{"count":0,"href":"https:\/\/www.sigre.es\/boletin\/wp-json\/wp\/v2\/pages\/9750\/revisions"}],"up":[{"embeddable":true,"href":"https:\/\/www.sigre.es\/boletin\/wp-json\/wp\/v2\/pages\/9692"}],"wp:attachment":[{"href":"https:\/\/www.sigre.es\/boletin\/wp-json\/wp\/v2\/media?parent=9750"}],"curies":[{"name":"wp","href":"https:\/\/api.w.org\/{rel}","templated":true}]}}