{"id":9744,"date":"2024-06-27T12:05:03","date_gmt":"2024-06-27T11:05:03","guid":{"rendered":"https:\/\/www.sigre.es\/boletin\/?page_id=9744"},"modified":"2024-07-05T10:42:36","modified_gmt":"2024-07-05T09:42:36","slug":"visita-planta-aeseg","status":"publish","type":"page","link":"https:\/\/www.sigre.es\/boletin\/sigre-informa-88\/visita-planta-aeseg\/","title":{"rendered":"ACTUALIDAD"},"content":{"rendered":"<div id=\"fb-root\"><\/div>\n<p>La transparencia es fundamental para generar confianza. M\u00e1xime cuando, seg\u00fan un reciente <a href=\"https:\/\/elpais.com\/clima-y-medio-ambiente\/2024-04-08\/los-espanoles-ante-el-reciclaje-el-86-afirma-que-separa-sus-residuos-pero-el-40-desconfia-de-que-sean-procesados-correctamente.html\" target=\"_blank\" rel=\"noopener\">sondeo de 40dB para El Pa\u00eds<\/a>, un 40% de los encuestados afirma confiar poco o nada en que los residuos sean procesados correctamente en las instalaciones de tratamiento de residuos.<\/p>\n<p>Por este motivo, fue un placer adicional para SIGRE recibir a representantes de compa\u00f1\u00edas farmac\u00e9uticas adheridas al Sistema, y pertenecientes adem\u00e1s a la Asociaci\u00f3n Espa\u00f1ola de Medicamentos Gen\u00e9ricos (AESEG), en la Planta de Clasificaci\u00f3n de Envases y Residuos de Medicamentos.<\/p>\n<p>A lo largo de la visita, tuvieron la oportunidad de conocer <em>in situ<\/em> c\u00f3mo, a trav\u00e9s de las \u00faltimas novedades tecnol\u00f3gicas en el tratamiento de residuos y siguiendo siempre la jerarqu\u00eda de residuos, los restos de medicamentos y sus envases de origen dom\u00e9stico reciben un correcto tratamiento medioambiental.<\/p>\n<p><a href=\"https:\/\/www.sigre.es\/boletin\/wp-content\/uploads\/2024\/07\/aeseg-SI88.jpg\"><img loading=\"lazy\" decoding=\"async\" class=\"aligncenter wp-image-9770\" src=\"https:\/\/www.sigre.es\/boletin\/wp-content\/uploads\/2024\/07\/aeseg-SI88.jpg\" alt=\"\" width=\"442\" height=\"426\" srcset=\"https:\/\/www.sigre.es\/boletin\/wp-content\/uploads\/2024\/07\/aeseg-SI88.jpg 639w, https:\/\/www.sigre.es\/boletin\/wp-content\/uploads\/2024\/07\/aeseg-SI88-300x289.jpg 300w\" sizes=\"auto, (max-width: 442px) 100vw, 442px\" \/><\/a><\/p>\n","protected":false},"excerpt":{"rendered":"<p>La transparencia es fundamental para generar confianza. M\u00e1xime cuando, seg\u00fan un reciente sondeo de 40dB para El Pa\u00eds, un 40% de los encuestados afirma confiar poco o nada en que los residuos sean procesados correctamente en las instalaciones de tratamiento de residuos. Por este motivo, fue un placer adicional para SIGRE recibir a representantes de [&hellip;]<\/p>\n","protected":false},"author":10,"featured_media":0,"parent":9692,"menu_order":179,"comment_status":"closed","ping_status":"closed","template":"sigre-entrevista.php","meta":{"footnotes":""},"class_list":["post-9744","page","type-page","status-publish","hentry"],"_links":{"self":[{"href":"https:\/\/www.sigre.es\/boletin\/wp-json\/wp\/v2\/pages\/9744","targetHints":{"allow":["GET"]}}],"collection":[{"href":"https:\/\/www.sigre.es\/boletin\/wp-json\/wp\/v2\/pages"}],"about":[{"href":"https:\/\/www.sigre.es\/boletin\/wp-json\/wp\/v2\/types\/page"}],"author":[{"embeddable":true,"href":"https:\/\/www.sigre.es\/boletin\/wp-json\/wp\/v2\/users\/10"}],"replies":[{"embeddable":true,"href":"https:\/\/www.sigre.es\/boletin\/wp-json\/wp\/v2\/comments?post=9744"}],"version-history":[{"count":0,"href":"https:\/\/www.sigre.es\/boletin\/wp-json\/wp\/v2\/pages\/9744\/revisions"}],"up":[{"embeddable":true,"href":"https:\/\/www.sigre.es\/boletin\/wp-json\/wp\/v2\/pages\/9692"}],"wp:attachment":[{"href":"https:\/\/www.sigre.es\/boletin\/wp-json\/wp\/v2\/media?parent=9744"}],"curies":[{"name":"wp","href":"https:\/\/api.w.org\/{rel}","templated":true}]}}