{"id":9736,"date":"2024-06-27T12:00:13","date_gmt":"2024-06-27T11:00:13","guid":{"rendered":"https:\/\/www.sigre.es\/boletin\/?page_id=9736"},"modified":"2024-07-05T10:46:32","modified_gmt":"2024-07-05T09:46:32","slug":"aliado-periodismo-ambiental","status":"publish","type":"page","link":"https:\/\/www.sigre.es\/boletin\/sigre-informa-88\/aliado-periodismo-ambiental\/","title":{"rendered":"ACTUALIDAD"},"content":{"rendered":"<div id=\"fb-root\"><\/div>\n<p>Para poder avanzar hacia un modelo de desarrollo sostenible es imprescindible la sensibilizaci\u00f3n de la sociedad sobre los problemas ambientales que debemos afrontar, una labor en la que los medios de comunicaci\u00f3n resultan esenciales.<\/p>\n<p>Por este motivo, SIGRE cuenta desde hace a\u00f1os con actividades espec\u00edficas para el fomento del periodismo especializado en temas de sostenibilidad y medio ambiente.<\/p>\n<p>La reciente renovaci\u00f3n de nuestras alianzas con la Agencia EFE y su Escuela de Periodismo y con la Asociaci\u00f3n de Periodistas de Informaci\u00f3n Ambiental (APIA) nos permite seguir contribuyendo a concienciar sobre la importancia de la protecci\u00f3n del medio ambiente para el cuidado de nuestra salud.<\/p>\n<p><a href=\"https:\/\/www.sigre.es\/boletin\/wp-content\/uploads\/2024\/07\/SIGRE-EFE.jpg\"><img loading=\"lazy\" decoding=\"async\" class=\"aligncenter wp-image-9764\" src=\"https:\/\/www.sigre.es\/boletin\/wp-content\/uploads\/2024\/07\/SIGRE-EFE-1024x683.jpg\" alt=\"\" width=\"425\" height=\"284\" srcset=\"https:\/\/www.sigre.es\/boletin\/wp-content\/uploads\/2024\/07\/SIGRE-EFE-1024x683.jpg 1024w, https:\/\/www.sigre.es\/boletin\/wp-content\/uploads\/2024\/07\/SIGRE-EFE-300x200.jpg 300w, https:\/\/www.sigre.es\/boletin\/wp-content\/uploads\/2024\/07\/SIGRE-EFE-768x512.jpg 768w, https:\/\/www.sigre.es\/boletin\/wp-content\/uploads\/2024\/07\/SIGRE-EFE.jpg 1200w\" sizes=\"auto, (max-width: 425px) 100vw, 425px\" \/><\/a><\/p>\n<p><a href=\"https:\/\/www.sigre.es\/boletin\/wp-content\/uploads\/2024\/07\/SIGRE-APIA.jpg\"><img loading=\"lazy\" decoding=\"async\" class=\"aligncenter wp-image-9763\" src=\"https:\/\/www.sigre.es\/boletin\/wp-content\/uploads\/2024\/07\/SIGRE-APIA.jpg\" alt=\"\" width=\"411\" height=\"348\" srcset=\"https:\/\/www.sigre.es\/boletin\/wp-content\/uploads\/2024\/07\/SIGRE-APIA.jpg 800w, https:\/\/www.sigre.es\/boletin\/wp-content\/uploads\/2024\/07\/SIGRE-APIA-300x254.jpg 300w, https:\/\/www.sigre.es\/boletin\/wp-content\/uploads\/2024\/07\/SIGRE-APIA-768x651.jpg 768w\" sizes=\"auto, (max-width: 411px) 100vw, 411px\" \/><\/a><\/p>\n","protected":false},"excerpt":{"rendered":"<p>Para poder avanzar hacia un modelo de desarrollo sostenible es imprescindible la sensibilizaci\u00f3n de la sociedad sobre los problemas ambientales que debemos afrontar, una labor en la que los medios de comunicaci\u00f3n resultan esenciales. Por este motivo, SIGRE cuenta desde hace a\u00f1os con actividades espec\u00edficas para el fomento del periodismo especializado en temas de sostenibilidad [&hellip;]<\/p>\n","protected":false},"author":10,"featured_media":0,"parent":9692,"menu_order":170,"comment_status":"closed","ping_status":"closed","template":"sigre-entrevista.php","meta":{"footnotes":""},"class_list":["post-9736","page","type-page","status-publish","hentry"],"_links":{"self":[{"href":"https:\/\/www.sigre.es\/boletin\/wp-json\/wp\/v2\/pages\/9736","targetHints":{"allow":["GET"]}}],"collection":[{"href":"https:\/\/www.sigre.es\/boletin\/wp-json\/wp\/v2\/pages"}],"about":[{"href":"https:\/\/www.sigre.es\/boletin\/wp-json\/wp\/v2\/types\/page"}],"author":[{"embeddable":true,"href":"https:\/\/www.sigre.es\/boletin\/wp-json\/wp\/v2\/users\/10"}],"replies":[{"embeddable":true,"href":"https:\/\/www.sigre.es\/boletin\/wp-json\/wp\/v2\/comments?post=9736"}],"version-history":[{"count":0,"href":"https:\/\/www.sigre.es\/boletin\/wp-json\/wp\/v2\/pages\/9736\/revisions"}],"up":[{"embeddable":true,"href":"https:\/\/www.sigre.es\/boletin\/wp-json\/wp\/v2\/pages\/9692"}],"wp:attachment":[{"href":"https:\/\/www.sigre.es\/boletin\/wp-json\/wp\/v2\/media?parent=9736"}],"curies":[{"name":"wp","href":"https:\/\/api.w.org\/{rel}","templated":true}]}}