{"id":9734,"date":"2024-06-27T11:59:50","date_gmt":"2024-06-27T10:59:50","guid":{"rendered":"https:\/\/www.sigre.es\/boletin\/?page_id=9734"},"modified":"2024-07-05T10:40:56","modified_gmt":"2024-07-05T09:40:56","slug":"colaboracion-sedisa-idis","status":"publish","type":"page","link":"https:\/\/www.sigre.es\/boletin\/sigre-informa-88\/colaboracion-sedisa-idis\/","title":{"rendered":"ACTUALIDAD"},"content":{"rendered":"<div id=\"fb-root\"><\/div>\n<p>Desde SIGRE continuamos con el plan de trabajo establecido para, a partir del 1 de enero de 2025, asumir tambi\u00e9n la gesti\u00f3n de los residuos de envases de medicamentos generados en el canal de distribuci\u00f3n, en los centros sanitarios y en las industrias.<\/p>\n<p>En este sentido, hemos firmado sendos acuerdos de colaboraci\u00f3n con la Sociedad Espa\u00f1ola de Directivos de la Salud (SEDISA) y la Fundaci\u00f3n IDIS para seguir dando a conocer a los grupos de inter\u00e9s afectados las obligaciones legales derivadas de la nueva normativa de residuos.<\/p>\n<p>El alcance de estas colaboraciones se circunscribe a la organizaci\u00f3n de seminarios, conferencias y reuniones, la promoci\u00f3n de proyectos que contribuyan a la correcta gesti\u00f3n de los residuos de envases de medicamentos, la ejecuci\u00f3n de acciones de sensibilizaci\u00f3n sobre la importancia de la econom\u00eda circular y el reciclaje de los envases, a la vez que se desarrollan e implementan soluciones innovadoras para mejorar la eficiencia y sostenibilidad en la gesti\u00f3n de los mismos.<\/p>\n<p><a href=\"https:\/\/www.sigre.es\/boletin\/wp-content\/uploads\/2024\/07\/SI88-FirmasConvenios.png\"><img loading=\"lazy\" decoding=\"async\" class=\"aligncenter wp-image-9826\" src=\"https:\/\/www.sigre.es\/boletin\/wp-content\/uploads\/2024\/07\/SI88-FirmasConvenios-1024x362.png\" alt=\"\" width=\"693\" height=\"245\" srcset=\"https:\/\/www.sigre.es\/boletin\/wp-content\/uploads\/2024\/07\/SI88-FirmasConvenios-1024x362.png 1024w, https:\/\/www.sigre.es\/boletin\/wp-content\/uploads\/2024\/07\/SI88-FirmasConvenios-300x106.png 300w, https:\/\/www.sigre.es\/boletin\/wp-content\/uploads\/2024\/07\/SI88-FirmasConvenios-768x271.png 768w, https:\/\/www.sigre.es\/boletin\/wp-content\/uploads\/2024\/07\/SI88-FirmasConvenios-1536x542.png 1536w, https:\/\/www.sigre.es\/boletin\/wp-content\/uploads\/2024\/07\/SI88-FirmasConvenios.png 1818w\" sizes=\"auto, (max-width: 693px) 100vw, 693px\" \/><\/a><\/p>\n","protected":false},"excerpt":{"rendered":"<p>Desde SIGRE continuamos con el plan de trabajo establecido para, a partir del 1 de enero de 2025, asumir tambi\u00e9n la gesti\u00f3n de los residuos de envases de medicamentos generados en el canal de distribuci\u00f3n, en los centros sanitarios y en las industrias. En este sentido, hemos firmado sendos acuerdos de colaboraci\u00f3n con la Sociedad [&hellip;]<\/p>\n","protected":false},"author":10,"featured_media":0,"parent":9692,"menu_order":169,"comment_status":"closed","ping_status":"closed","template":"sigre-entrevista.php","meta":{"footnotes":""},"class_list":["post-9734","page","type-page","status-publish","hentry"],"_links":{"self":[{"href":"https:\/\/www.sigre.es\/boletin\/wp-json\/wp\/v2\/pages\/9734","targetHints":{"allow":["GET"]}}],"collection":[{"href":"https:\/\/www.sigre.es\/boletin\/wp-json\/wp\/v2\/pages"}],"about":[{"href":"https:\/\/www.sigre.es\/boletin\/wp-json\/wp\/v2\/types\/page"}],"author":[{"embeddable":true,"href":"https:\/\/www.sigre.es\/boletin\/wp-json\/wp\/v2\/users\/10"}],"replies":[{"embeddable":true,"href":"https:\/\/www.sigre.es\/boletin\/wp-json\/wp\/v2\/comments?post=9734"}],"version-history":[{"count":0,"href":"https:\/\/www.sigre.es\/boletin\/wp-json\/wp\/v2\/pages\/9734\/revisions"}],"up":[{"embeddable":true,"href":"https:\/\/www.sigre.es\/boletin\/wp-json\/wp\/v2\/pages\/9692"}],"wp:attachment":[{"href":"https:\/\/www.sigre.es\/boletin\/wp-json\/wp\/v2\/media?parent=9734"}],"curies":[{"name":"wp","href":"https:\/\/api.w.org\/{rel}","templated":true}]}}