{"id":9732,"date":"2024-06-27T11:59:31","date_gmt":"2024-06-27T10:59:31","guid":{"rendered":"https:\/\/www.sigre.es\/boletin\/?page_id=9732"},"modified":"2024-07-05T10:40:06","modified_gmt":"2024-07-05T09:40:06","slug":"sigre-responde-88","status":"publish","type":"page","link":"https:\/\/www.sigre.es\/boletin\/sigre-informa-88\/sigre-responde-88\/","title":{"rendered":"SIGRE RESPONDE"},"content":{"rendered":"<div id=\"fb-root\"><\/div>\n<p>Podemos afirmar, sin ning\u00fan g\u00e9nero de duda, que la producci\u00f3n de medicamentos en Espa\u00f1a se encuentra a la vanguardia en cuanto a est\u00e1ndares de sostenibilidad ambiental se refiere.<\/p>\n<p>Algunos ejemplos de este compromiso medioambiental son que las m\u00e1s de cien plantas farmac\u00e9uticas que operan en Espa\u00f1a consumen ya el 70 % de su energ\u00eda procedente de fuentes renovables o que en los \u00faltimos a\u00f1os se ha reducido un 15 % los residuos generados por la fabricaci\u00f3n de medicamentos.<\/p>\n<p>Otro hito importante en esta materia es el esfuerzo que realizan los laboratorios para conseguir que sus envases sean cada vez m\u00e1s sostenibles, a pesar de los requisitos legales que se deben cumplir en todo momento para garantizar la calidad y seguridad de los medicamentos.<\/p>\n<p>Desde el a\u00f1o 2000, los laboratorios han aplicado m\u00e1s de 3.500 iniciativas de ecodise\u00f1o sobre sus envases, logrando que cada a\u00f1o se pongan en el mercado espa\u00f1ol cerca de 500 millones de f\u00e1rmacos (uno de cada tres) con alguna mejora medioambiental, lo que ha permitido reducir su peso medio en m\u00e1s de un 25 % y ha facilitado el reciclado del 70 % de los materiales recuperados a trav\u00e9s del Sistema SIGRE.<\/p>\n<p>Sin embargo, el trabajo no acaba aqu\u00ed. En diciembre de 2023, SIGRE lanz\u00f3 el <a href=\"https:\/\/sigre.es\/uploads\/files\/SIGRE_PEPE2024-2028.pdf\" target=\"_blank\" rel=\"noopener\">Plan Empresarial de Prevenci\u00f3n y Ecodise\u00f1o (PEPE) de envases del sector farmac\u00e9utico para el periodo 2024-2028<\/a>. Este Plan, que permitir\u00e1 contribuir al cumplimiento de los objetivos de prevenci\u00f3n establecidos en la normativa de envases, prev\u00e9 incrementar en un 5 % el n\u00famero de iniciativas que favorezcan la reciclabilidad de los envases y minimicen su impacto ambiental, reduciendo entre el 1 y el 1,5 % el peso medio de los envases de medicamentos; un objetivo ambicioso considerando las reducciones ya conseguidas en a\u00f1os anteriores y las medidas de seguridad que requieren estos productos tan esenciales para nuestra salud.<\/p>\n<p>De esta forma, la industria farmac\u00e9utica espa\u00f1ola, con el apoyo de SIGRE, seguir\u00e1 trabajando intensamente durante los pr\u00f3ximos a\u00f1os para avanzar hacia un modelo de producci\u00f3n m\u00e1s sostenible y circular.<\/p>\n","protected":false},"excerpt":{"rendered":"<p>Podemos afirmar, sin ning\u00fan g\u00e9nero de duda, que la producci\u00f3n de medicamentos en Espa\u00f1a se encuentra a la vanguardia en cuanto a est\u00e1ndares de sostenibilidad ambiental se refiere. Algunos ejemplos de este compromiso medioambiental son que las m\u00e1s de cien plantas farmac\u00e9uticas que operan en Espa\u00f1a consumen ya el 70 % de su energ\u00eda procedente [&hellip;]<\/p>\n","protected":false},"author":10,"featured_media":0,"parent":9692,"menu_order":168,"comment_status":"closed","ping_status":"closed","template":"sigre-responde.php","meta":{"footnotes":""},"class_list":["post-9732","page","type-page","status-publish","hentry"],"_links":{"self":[{"href":"https:\/\/www.sigre.es\/boletin\/wp-json\/wp\/v2\/pages\/9732","targetHints":{"allow":["GET"]}}],"collection":[{"href":"https:\/\/www.sigre.es\/boletin\/wp-json\/wp\/v2\/pages"}],"about":[{"href":"https:\/\/www.sigre.es\/boletin\/wp-json\/wp\/v2\/types\/page"}],"author":[{"embeddable":true,"href":"https:\/\/www.sigre.es\/boletin\/wp-json\/wp\/v2\/users\/10"}],"replies":[{"embeddable":true,"href":"https:\/\/www.sigre.es\/boletin\/wp-json\/wp\/v2\/comments?post=9732"}],"version-history":[{"count":0,"href":"https:\/\/www.sigre.es\/boletin\/wp-json\/wp\/v2\/pages\/9732\/revisions"}],"up":[{"embeddable":true,"href":"https:\/\/www.sigre.es\/boletin\/wp-json\/wp\/v2\/pages\/9692"}],"wp:attachment":[{"href":"https:\/\/www.sigre.es\/boletin\/wp-json\/wp\/v2\/media?parent=9732"}],"curies":[{"name":"wp","href":"https:\/\/api.w.org\/{rel}","templated":true}]}}