{"id":9727,"date":"2024-06-27T11:56:11","date_gmt":"2024-06-27T10:56:11","guid":{"rendered":"https:\/\/www.sigre.es\/boletin\/?page_id=9727"},"modified":"2024-07-05T10:40:24","modified_gmt":"2024-07-05T09:40:24","slug":"editorial-88","status":"publish","type":"page","link":"https:\/\/www.sigre.es\/boletin\/sigre-informa-88\/editorial-88\/","title":{"rendered":"EDITORIAL"},"content":{"rendered":"<div id=\"fb-root\"><\/div>\n<p>Aun con los importantes avances conseguidos en los \u00faltimos a\u00f1os, la transici\u00f3n europea hacia una econom\u00eda circular y sostenible requerir\u00e1 la completa implementaci\u00f3n de las medidas ya existentes y el desarrollo de nuevas y audaces acciones, tal y como se recoge en el informe de la Agencia Europea de Medio Ambiente (AEMA) \u201c<em>Accelerating circular economy in Europe \u2014 state and outlook 2024<\/em>\u201d.<\/p>\n<p>Este informe subraya tambi\u00e9n la importancia de un enfoque colaborativo para construir una econom\u00eda circular robusta en Europa.<\/p>\n<p>En este contexto, los socios de SIGRE (industria farmac\u00e9utica, distribuci\u00f3n y farmacia), para poder cumplir con las nuevas obligaciones que vienen desde Europa, han decidido dar un paso adelante en materia de circularidad y ampliar el \u00e1mbito de actuaci\u00f3n de esta entidad, que a partir de 2025 abarcar\u00e1 no solo los envases y residuos de medicamentos de los hogares, sino tambi\u00e9n los envases de medicamentos generados en los centros sanitarios (hospitales, cl\u00ednicas, ambulatorios, etc.), en las instalaciones del canal farmac\u00e9utico (distribuidores, operadores log\u00edsticos y farmacias) y en las industrias.<\/p>\n<p>Para ello, el <u>establecimiento de <a href=\"https:\/\/www.sigre.es\/boletin\/sigre-informa-88\/colaboracion-sedisa-idis\/\" target=\"_blank\" rel=\"noopener\">alianzas estrat\u00e9gicas<\/a><\/u> con todos los grupos de inter\u00e9s afectados resulta imprescindible si queremos poder afrontar con \u00e9xito el reto que supone la gesti\u00f3n de los residuos de envases de medicamentos que se generan en m\u00e1s de 150.000 puntos de toda Espa\u00f1a, unas 42.000 toneladas al a\u00f1o, con una tipolog\u00eda muy variada de formatos (inmediatos, externos, de agrupaci\u00f3n y de transporte) y materiales (cart\u00f3n, pl\u00e1stico, metales, etc.).<\/p>\n<p>Para superar las dificultades que se plantean y capturar las oportunidades que las nuevas obligaciones legales nos ofrecen, contamos con un minucioso plan de trabajo y, sobre todo, con el apoyo de un sector comprometido con el medio ambiente.<\/p>\n<p>Las actividades que tendremos que desarrollar durante los pr\u00f3ximos meses ser\u00e1n numerosas y complejas, pero estamos seguros de que, al igual que se hizo con los residuos dom\u00e9sticos y gracias al valor de la colaboraci\u00f3n, SIGRE estar\u00e1 en disposici\u00f3n de garantizar a partir de 2025 una gesti\u00f3n eficaz y eficiente de los residuos de envases comerciales e industriales de medicamentos.<\/p>\n<p>&nbsp;<\/p>\n","protected":false},"excerpt":{"rendered":"<p>Aun con los importantes avances conseguidos en los \u00faltimos a\u00f1os, la transici\u00f3n europea hacia una econom\u00eda circular y sostenible requerir\u00e1 la completa implementaci\u00f3n de las medidas ya existentes y el desarrollo de nuevas y audaces acciones, tal y como se recoge en el informe de la Agencia Europea de Medio Ambiente (AEMA) \u201cAccelerating circular economy [&hellip;]<\/p>\n","protected":false},"author":10,"featured_media":0,"parent":9692,"menu_order":167,"comment_status":"closed","ping_status":"closed","template":"sigre-entrevista.php","meta":{"footnotes":""},"class_list":["post-9727","page","type-page","status-publish","hentry"],"_links":{"self":[{"href":"https:\/\/www.sigre.es\/boletin\/wp-json\/wp\/v2\/pages\/9727","targetHints":{"allow":["GET"]}}],"collection":[{"href":"https:\/\/www.sigre.es\/boletin\/wp-json\/wp\/v2\/pages"}],"about":[{"href":"https:\/\/www.sigre.es\/boletin\/wp-json\/wp\/v2\/types\/page"}],"author":[{"embeddable":true,"href":"https:\/\/www.sigre.es\/boletin\/wp-json\/wp\/v2\/users\/10"}],"replies":[{"embeddable":true,"href":"https:\/\/www.sigre.es\/boletin\/wp-json\/wp\/v2\/comments?post=9727"}],"version-history":[{"count":0,"href":"https:\/\/www.sigre.es\/boletin\/wp-json\/wp\/v2\/pages\/9727\/revisions"}],"up":[{"embeddable":true,"href":"https:\/\/www.sigre.es\/boletin\/wp-json\/wp\/v2\/pages\/9692"}],"wp:attachment":[{"href":"https:\/\/www.sigre.es\/boletin\/wp-json\/wp\/v2\/media?parent=9727"}],"curies":[{"name":"wp","href":"https:\/\/api.w.org\/{rel}","templated":true}]}}