{"id":9722,"date":"2024-06-27T11:52:53","date_gmt":"2024-06-27T10:52:53","guid":{"rendered":"https:\/\/www.sigre.es\/boletin\/?page_id=9722"},"modified":"2024-07-02T11:59:03","modified_gmt":"2024-07-02T10:59:03","slug":"encuentro-industria-sigre-88","status":"publish","type":"page","link":"https:\/\/www.sigre.es\/boletin\/sigre-informa-88\/encuentro-industria-sigre-88\/","title":{"rendered":"ACTUALIDAD"},"content":{"rendered":"<div id=\"fb-root\"><\/div>\n<p>Madrid y Barcelona han sido testigos de la celebraci\u00f3n, un a\u00f1o m\u00e1s, del Encuentro Industria + SIGRE, una jornada dise\u00f1ada para compartir con los laboratorios los resultados anuales y la actualidad sobre temas ambientales relacionados con el ecodise\u00f1o y la econom\u00eda circular.<\/p>\n<p>Gran parte del Encuentro, al que asistieron representantes de m\u00e1s de 120 compa\u00f1\u00edas farmac\u00e9uticas, se centr\u00f3 en la actualizaci\u00f3n del estado de situaci\u00f3n del nuevo Sistema Colectivo de Responsabilidad Ampliada del Productor (SCRAP) de SIGRE, que a partir del 1 de enero de 2025 gestionar\u00e1 no solo los residuos de medicamentos y sus envases procedentes de los hogares, sino tambi\u00e9n los envases comerciales e industriales de medicamentos generados en todos los centros sanitarios e instalaciones del canal farmac\u00e9utico.<\/p>\n<p>Asimismo, se puso en valor el esfuerzo que realiza la industria farmac\u00e9utica para avanzar hacia un modelo de negocio m\u00e1s circular\u00a0 y sostenible, como lo demuestra el hecho de que uno de cada tres envases de medicamentos incorpore ya alguna mejora medioambiental. Los resultados presentados en este evento permitieron mostrar los avances realizados durante el \u00faltimo Plan Empresarial de Prevenci\u00f3n 2021-2023: 749 medidas de prevenci\u00f3n y un incremento superior al 5% en las iniciativas cualitativas de ecodise\u00f1o, que han permitido ahorrar hasta 2.800 toneladas de materias primas.<\/p>\n<p>Por \u00faltimo, se analiz\u00f3 la nueva propuesta de Reglamento europeo sobre envases y residuos de envases que se est\u00e1 tramitando actualmente y las nuevas obligaciones y retos que plantear\u00e1 para la industria farmac\u00e9utica.<\/p>\n<div id=\"attachment_9808\" style=\"width: 436px\" class=\"wp-caption aligncenter\"><a href=\"https:\/\/www.sigre.es\/boletin\/wp-content\/uploads\/2024\/07\/Encuentro-Industria-SIGRE2024-scaled-1.jpeg\"><img loading=\"lazy\" decoding=\"async\" aria-describedby=\"caption-attachment-9808\" class=\"wp-image-9808\" src=\"https:\/\/www.sigre.es\/boletin\/wp-content\/uploads\/2024\/07\/Encuentro-Industria-SIGRE2024-scaled-1.jpeg\" alt=\"Encuentro Industria+SIGRE 2024 en Madrid\" width=\"426\" height=\"276\" srcset=\"https:\/\/www.sigre.es\/boletin\/wp-content\/uploads\/2024\/07\/Encuentro-Industria-SIGRE2024-scaled-1.jpeg 660w, https:\/\/www.sigre.es\/boletin\/wp-content\/uploads\/2024\/07\/Encuentro-Industria-SIGRE2024-scaled-1-300x195.jpeg 300w\" sizes=\"auto, (max-width: 426px) 100vw, 426px\" \/><\/a><p id=\"caption-attachment-9808\" class=\"wp-caption-text\">Encuentro Industria+SIGRE 2024 en Madrid<\/p><\/div>\n<div id=\"attachment_9810\" style=\"width: 453px\" class=\"wp-caption aligncenter\"><a href=\"https:\/\/www.sigre.es\/boletin\/wp-content\/uploads\/2024\/07\/IMG_20240620_120956-scaled.jpg\"><img loading=\"lazy\" decoding=\"async\" aria-describedby=\"caption-attachment-9810\" class=\"wp-image-9810\" src=\"https:\/\/www.sigre.es\/boletin\/wp-content\/uploads\/2024\/07\/IMG_20240620_120956-1024x576.jpg\" alt=\"Encuentro Industria+SIGRE 2024 en Barcelona\" width=\"443\" height=\"249\" srcset=\"https:\/\/www.sigre.es\/boletin\/wp-content\/uploads\/2024\/07\/IMG_20240620_120956-1024x576.jpg 1024w, https:\/\/www.sigre.es\/boletin\/wp-content\/uploads\/2024\/07\/IMG_20240620_120956-300x169.jpg 300w, https:\/\/www.sigre.es\/boletin\/wp-content\/uploads\/2024\/07\/IMG_20240620_120956-768x432.jpg 768w, https:\/\/www.sigre.es\/boletin\/wp-content\/uploads\/2024\/07\/IMG_20240620_120956-1536x864.jpg 1536w, https:\/\/www.sigre.es\/boletin\/wp-content\/uploads\/2024\/07\/IMG_20240620_120956-2048x1152.jpg 2048w\" sizes=\"auto, (max-width: 443px) 100vw, 443px\" \/><\/a><p id=\"caption-attachment-9810\" class=\"wp-caption-text\">Encuentro Industria+SIGRE 2024 en Barcelona<\/p><\/div>\n<p>&nbsp;<\/p>\n","protected":false},"excerpt":{"rendered":"<p>Madrid y Barcelona han sido testigos de la celebraci\u00f3n, un a\u00f1o m\u00e1s, del Encuentro Industria + SIGRE, una jornada dise\u00f1ada para compartir con los laboratorios los resultados anuales y la actualidad sobre temas ambientales relacionados con el ecodise\u00f1o y la econom\u00eda circular. Gran parte del Encuentro, al que asistieron representantes de m\u00e1s de 120 compa\u00f1\u00edas [&hellip;]<\/p>\n","protected":false},"author":10,"featured_media":0,"parent":9692,"menu_order":158,"comment_status":"closed","ping_status":"closed","template":"sigre-entrevista.php","meta":{"footnotes":""},"class_list":["post-9722","page","type-page","status-publish","hentry"],"_links":{"self":[{"href":"https:\/\/www.sigre.es\/boletin\/wp-json\/wp\/v2\/pages\/9722","targetHints":{"allow":["GET"]}}],"collection":[{"href":"https:\/\/www.sigre.es\/boletin\/wp-json\/wp\/v2\/pages"}],"about":[{"href":"https:\/\/www.sigre.es\/boletin\/wp-json\/wp\/v2\/types\/page"}],"author":[{"embeddable":true,"href":"https:\/\/www.sigre.es\/boletin\/wp-json\/wp\/v2\/users\/10"}],"replies":[{"embeddable":true,"href":"https:\/\/www.sigre.es\/boletin\/wp-json\/wp\/v2\/comments?post=9722"}],"version-history":[{"count":0,"href":"https:\/\/www.sigre.es\/boletin\/wp-json\/wp\/v2\/pages\/9722\/revisions"}],"up":[{"embeddable":true,"href":"https:\/\/www.sigre.es\/boletin\/wp-json\/wp\/v2\/pages\/9692"}],"wp:attachment":[{"href":"https:\/\/www.sigre.es\/boletin\/wp-json\/wp\/v2\/media?parent=9722"}],"curies":[{"name":"wp","href":"https:\/\/api.w.org\/{rel}","templated":true}]}}