{"id":9718,"date":"2024-06-27T11:49:56","date_gmt":"2024-06-27T10:49:56","guid":{"rendered":"https:\/\/www.sigre.es\/boletin\/?page_id=9718"},"modified":"2024-07-02T11:57:02","modified_gmt":"2024-07-02T10:57:02","slug":"entrevista-88","status":"publish","type":"page","link":"https:\/\/www.sigre.es\/boletin\/sigre-informa-88\/entrevista-88\/","title":{"rendered":"ENTREVISTA"},"content":{"rendered":"<div id=\"fb-root\"><\/div>\n<p>&nbsp;<\/p>\n<p><strong>\u00bfQu\u00e9 relaci\u00f3n existe entre la Farmacia Hospitalaria y la sostenibilidad ambiental?<\/strong><\/p>\n<p>En el ecuador temporal de la\u00a0Agenda 2030 y de la aprobaci\u00f3n de los Objetivos de Desarrollo Sostenible (ODS), y cuando se precisa que las medidas a nivel macro alcancen\u00a0<em>velocidad de crucero<\/em>, es preciso el compromiso de todas las organizaciones, pues es la Salud Global, tanto humana como del planeta, lo que debe movernos.<\/p>\n<p>Este es el contexto en el cual la Sociedad Espa\u00f1ola de Farmacia Hospitalaria (SEFH) lleva a cabo una reflexi\u00f3n interna, junto con las labores de desarrollo del Marco \u00c9tico de la organizaci\u00f3n, y en enero del a\u00f1o 2022 se adhiere al\u00a0<a href=\"https:\/\/www.pactomundial.org\/\" target=\"_blank\" rel=\"noopener\">Pacto Mundial de las Naciones Unidas<\/a>, siendo la primera sociedad cient\u00edfica en nuestro pa\u00eds en estar incluida en dicho pacto. Con dicha adhesi\u00f3n adquirimos como sociedad cient\u00edfica un compromiso para apoyar e implementar los\u00a0<a href=\"https:\/\/www.pactomundial.org\/que-puedes-hacer-tu\/\" target=\"_blank\" rel=\"noopener\">Diez Principios<\/a>\u00a0del Pacto Mundial en materia de derechos humanos, laborales, medio ambiente y la lucha contra la corrupci\u00f3n en nuestro \u00e1mbito de influencia. La adhesi\u00f3n deb\u00eda conllevar una planificaci\u00f3n de acciones que\u00a0hicieran\u00a0visible dicho compromiso y los objetivos e indicadores que mostrasen la contribuci\u00f3n.<\/p>\n<p>La farmacia hospitalaria tiene entre sus competencias algunas relacionadas con los tres pilares que definen la sostenibilidad: sociedad, econom\u00eda y medioambiente. Por tanto, en nuestro ADN se encuentra el hecho de contribuir a alcanzar los Objetivos de Desarrollo Sostenible, y nuestra profesi\u00f3n tiene un largo recorrido realizando actividades que nos acercan a su cumplimiento. Entre estas actividades se encuentran la desprescripci\u00f3n, la selecci\u00f3n de medicamentos, el reciclado adecuado de materiales en los servicios de farmacia hospitalaria (SFH), la b\u00fasqueda de la m\u00e1xima seguridad laboral respecto a medicamentos biopeligrosos, y la telefarmacia, entre otras.<\/p>\n<p>En el contexto de dicha adhesi\u00f3n se plantea para el a\u00f1o 2023, la identificaci\u00f3n de los objetivos de desarrollo sostenible a los que como organizaci\u00f3n profesional podemos contribuir, planificando y llevando a cabo un proyecto, 2023+SOStenible, mediante el cual quer\u00edamos trasladar a todos los farmac\u00e9uticos especialistas en farmacia hospitalaria de nuestra organizaci\u00f3n, y a los servicios de farmacia en los cuales desarrollan sus labores asistenciales, 12 acciones concretas, una por mes, alineadas con los\u00a0<a href=\"https:\/\/www.pactomundial.org\/que-puedes-hacer-tu\/ods\/\" target=\"_blank\" rel=\"noopener\">Objetivos de Desarrollo Sostenible<\/a>\u00a0con el objetivo de colaborar\u00a0como profesionales y como sociedad. Son propuestas sensibilizadoras, de visibilizaci\u00f3n y con un impacto social real; sencillas, abordables y aplicables por la SEFH y en mayor o menor medida, por parte de todos los SFH.<\/p>\n<p>&nbsp;<\/p>\n<p><strong>Entre los objetivos de la SEFH se encuentra la mejora de los resultados en salud de los pacientes mediante el uso adecuado y seguro de los medicamentos. \u00bfCree que el uso adecuado de un medicamento debe incluir tambi\u00e9n el dep\u00f3sito de los residuos en el Punto SIGRE de las farmacias?<\/strong><\/p>\n<p>Creemos que el uso adecuado de un medicamento incluye la b\u00fasqueda del cumplimiento de las funciones para las cuales se prescribe y emplea, pero de manera complementaria, debemos ampliar esa visi\u00f3n y trasladar a los pacientes la visi\u00f3n no s\u00f3lo de su correcta utilizaci\u00f3n, sino tambi\u00e9n segregaci\u00f3n. En el caso de los medicamentos que se adquieren fuera del canal hospitalario, a trav\u00e9s el punto SIGRE; y en el caso de los medicamentos que se adquieren y recepcionan en los servicios de farmacia hospitalaria, como residuo sanitario cuando deben desecharse.<\/p>\n<p>&nbsp;<\/p>\n<p><strong>Como consecuencia de la entrada en vigor del RD 1055\/2022, a partir del 1 de enero de 2025 SIGRE se har\u00e1 cargo de la gesti\u00f3n de los envases de medicamentos que se generan en los centros sanitarios. \u00bfConsidera que este cambio puede ser una oportunidad para mejorar la gesti\u00f3n de los residuos en la farmacia hospitalaria?<\/strong><\/p>\n<p>Este cambio es una oportunidad para dar homogeneidad a la gesti\u00f3n de los residuos sanitarios relacionados con los medicamentos.<\/p>\n<p>En la actualidad, cada centro sanitario tiene una pol\u00edtica de segregaci\u00f3n de residuos sanitarios medicamentosos, pero, como en cada uno de los aspectos en los cuales la responsabilidad est\u00e1 tan dispersa, estamos seguros de que la heterogeneidad en la calidad y alcance de estos es m\u00e1s que probable. Por ello, creemos que la entrada en vigor de este RD, que, pese a que los porcentajes de cumplimiento son reducidos los primeros a\u00f1os, supondr\u00e1 una oportunidad de dar homogeneidad y aportar calidad en el proceso global, y, por tanto, hacemos una valoraci\u00f3n positiva de la implementaci\u00f3n de \u00e9ste.<\/p>\n<p>&nbsp;<\/p>\n<p><strong>El Ministerio de Sanidad y el Ministerio para la Transici\u00f3n Ecol\u00f3gica y el Reto Demogr\u00e1fico, a trav\u00e9s del Plan Estrat\u00e9gico de Salud y Medioambiente 2022-2026, y la propia SEFH, inciden en la importancia de sensibilizar a los profesionales sanitarios en materia medioambiental. \u00bfCree que esta sensibilizaci\u00f3n puede servir tambi\u00e9n para concienciar a los pacientes sobre la gesti\u00f3n de los residuos de medicamentos?<\/strong><\/p>\n<p>Desde la SEFH no solo seguimos trabajando en concienciar a los farmac\u00e9uticos de hospital, sino que en el eje de pacientes de nuestro plan estrat\u00e9gico para los pr\u00f3ximos a\u00f1os figura como objetivo contribuir a la educaci\u00f3n sanitaria a la ciudadan\u00eda e incrementar el conocimiento que la poblaci\u00f3n tiene de nuestra profesi\u00f3n. En este sentido una de las actuaciones es la formaci\u00f3n a los pacientes sobre sostenibilidad, pues el mejor manejo de los residuos sanitarios que se generan dar\u00e1 lugar a un mejor uso poblacional de los mismos.<\/p>\n","protected":false},"excerpt":{"rendered":"<p>&nbsp; \u00bfQu\u00e9 relaci\u00f3n existe entre la Farmacia Hospitalaria y la sostenibilidad ambiental? En el ecuador temporal de la\u00a0Agenda 2030 y de la aprobaci\u00f3n de los Objetivos de Desarrollo Sostenible (ODS), y cuando se precisa que las medidas a nivel macro alcancen\u00a0velocidad de crucero, es preciso el compromiso de todas las organizaciones, pues es la Salud [&hellip;]<\/p>\n","protected":false},"author":10,"featured_media":0,"parent":9692,"menu_order":157,"comment_status":"closed","ping_status":"closed","template":"sigre-entrevista.php","meta":{"footnotes":""},"class_list":["post-9718","page","type-page","status-publish","hentry"],"_links":{"self":[{"href":"https:\/\/www.sigre.es\/boletin\/wp-json\/wp\/v2\/pages\/9718","targetHints":{"allow":["GET"]}}],"collection":[{"href":"https:\/\/www.sigre.es\/boletin\/wp-json\/wp\/v2\/pages"}],"about":[{"href":"https:\/\/www.sigre.es\/boletin\/wp-json\/wp\/v2\/types\/page"}],"author":[{"embeddable":true,"href":"https:\/\/www.sigre.es\/boletin\/wp-json\/wp\/v2\/users\/10"}],"replies":[{"embeddable":true,"href":"https:\/\/www.sigre.es\/boletin\/wp-json\/wp\/v2\/comments?post=9718"}],"version-history":[{"count":0,"href":"https:\/\/www.sigre.es\/boletin\/wp-json\/wp\/v2\/pages\/9718\/revisions"}],"up":[{"embeddable":true,"href":"https:\/\/www.sigre.es\/boletin\/wp-json\/wp\/v2\/pages\/9692"}],"wp:attachment":[{"href":"https:\/\/www.sigre.es\/boletin\/wp-json\/wp\/v2\/media?parent=9718"}],"curies":[{"name":"wp","href":"https:\/\/api.w.org\/{rel}","templated":true}]}}