{"id":9530,"date":"2024-04-04T14:04:04","date_gmt":"2024-04-04T13:04:04","guid":{"rendered":"https:\/\/www.sigre.es\/boletin\/?page_id=9530"},"modified":"2024-04-09T11:05:21","modified_gmt":"2024-04-09T10:05:21","slug":"actualidad-87-2","status":"publish","type":"page","link":"https:\/\/www.sigre.es\/boletin\/sigre-informa-87\/actualidad-87-2\/","title":{"rendered":"DUDAS SOBRE EL RECICLAJE"},"content":{"rendered":"<div id=\"fb-root\"><\/div>\n<p><strong>No.\u00a0 <\/strong>Las agujas u otros objetos cortantes no deben depositarse en el Punto SIGRE de las farmacias al no tratarse de medicamentos y para evitar accidentes durante la recogida, transporte y manipulaci\u00f3n de los residuos.<\/p>\n<p>De manera excepcional, s\u00ed se pueden depositar en el Punto SIGRE las agujas que vayan unidas al envase del medicamento y no puedan separarse del mismo (por ejemplo las <strong>jeringas precargadas o bolis de insulina<\/strong>), pero siempre y cuando dichas agujas est\u00e9n tapadas o protegidas correctamente con su capuch\u00f3n o dispositivo protector.<\/p>\n<p>Los ciudadanos deben llevar sus objetos punzantes a los puntos limpios y depositarlos dentro de un contenedor espec\u00edfico homologado para la recogida de residuos sanitarios. La prestaci\u00f3n de este servicio en los puntos limpios depende del municipio en cuesti\u00f3n, por lo que se recomienda que antes de llevar los objetos punzantes se consulte con el ayuntamiento si tiene habilitado este servicio.<\/p>\n<p>Accede a <a href=\"https:\/\/www.sigre.es\/ciudadanos#revisa-tu-botiquin\" target=\"_blank\" rel=\"noopener\">nuestra web<\/a> para resolver m\u00e1s dudas.<\/p>\n","protected":false},"excerpt":{"rendered":"<p>No.\u00a0 Las agujas u otros objetos cortantes no deben depositarse en el Punto SIGRE de las farmacias al no tratarse de medicamentos y para evitar accidentes durante la recogida, transporte y manipulaci\u00f3n de los residuos. De manera excepcional, s\u00ed se pueden depositar en el Punto SIGRE las agujas que vayan unidas al envase del medicamento [&hellip;]<\/p>\n","protected":false},"author":10,"featured_media":0,"parent":9441,"menu_order":192,"comment_status":"closed","ping_status":"closed","template":"sigre-entrevista.php","meta":{"footnotes":""},"class_list":["post-9530","page","type-page","status-publish","hentry"],"_links":{"self":[{"href":"https:\/\/www.sigre.es\/boletin\/wp-json\/wp\/v2\/pages\/9530","targetHints":{"allow":["GET"]}}],"collection":[{"href":"https:\/\/www.sigre.es\/boletin\/wp-json\/wp\/v2\/pages"}],"about":[{"href":"https:\/\/www.sigre.es\/boletin\/wp-json\/wp\/v2\/types\/page"}],"author":[{"embeddable":true,"href":"https:\/\/www.sigre.es\/boletin\/wp-json\/wp\/v2\/users\/10"}],"replies":[{"embeddable":true,"href":"https:\/\/www.sigre.es\/boletin\/wp-json\/wp\/v2\/comments?post=9530"}],"version-history":[{"count":0,"href":"https:\/\/www.sigre.es\/boletin\/wp-json\/wp\/v2\/pages\/9530\/revisions"}],"up":[{"embeddable":true,"href":"https:\/\/www.sigre.es\/boletin\/wp-json\/wp\/v2\/pages\/9441"}],"wp:attachment":[{"href":"https:\/\/www.sigre.es\/boletin\/wp-json\/wp\/v2\/media?parent=9530"}],"curies":[{"name":"wp","href":"https:\/\/api.w.org\/{rel}","templated":true}]}}