{"id":952,"date":"2014-07-01T16:24:32","date_gmt":"2014-07-01T16:24:32","guid":{"rendered":"https:\/\/www.sigre.es\/boletin\/sigre-informa-48\/sigre-en-los-medios\/"},"modified":"2014-07-03T16:56:46","modified_gmt":"2014-07-03T16:56:46","slug":"sigre-en-los-medios","status":"publish","type":"page","link":"https:\/\/www.sigre.es\/boletin\/sigre-informa-48\/sigre-en-los-medios\/","title":{"rendered":"SIGRE EN LOS MEDIOS"},"content":{"rendered":"<div id=\"fb-root\"><\/div>\n<p>Los medios de comunicaci\u00f3n se han hecho eco de la publicaci\u00f3n de la Gu\u00eda Pr\u00e1ctica del Punto SIGRE, un documento informativo y de consulta destinado a reforzar el conocimiento que los farmac\u00e9uticos tienen sobre el reciclado de los envases y los residuos de medicamentos y, de esta manera, mejorar su asesoramiento al ciudadano en esta materia.<\/p>\n<p>Tambi\u00e9n se ha recogido en numerosos medios la publicaci\u00f3n del IV Cat\u00e1logo de Iniciativas de Ecodise\u00f1o, en el que se han recopilado las medidas m\u00e1s representativas adoptadas por las compa\u00f1\u00edas farmac\u00e9uticas durante el periodo 2009-2012 para reducir el impacto medioambiental de los envases de medicamentos.<\/p>\n<p>Adem\u00e1s, han prestado especial atenci\u00f3n a la actualidad del Sistema, abordando en sus p\u00e1ginas las actividades organizadas con motivo del D\u00eda Mundial del Medio Ambiente y la puesta en marcha de la campa\u00f1a de sensibilizaci\u00f3n \u201cRecicla con los cinco sentidos\u201d.<\/p>\n<p style=\"text-align: center;\"><a href=\"https:\/\/www.sigre.es\/boletin\/wp-content\/uploads\/2014\/07\/prensa_48.jpg\"><img loading=\"lazy\" decoding=\"async\" class=\"aligncenter size-medium wp-image-1039\" alt=\"prensa_48\" src=\"https:\/\/www.sigre.es\/boletin\/wp-content\/uploads\/2014\/07\/prensa_48-300x189.jpg\" width=\"300\" height=\"189\" srcset=\"https:\/\/www.sigre.es\/boletin\/wp-content\/uploads\/2014\/07\/prensa_48-300x189.jpg 300w, https:\/\/www.sigre.es\/boletin\/wp-content\/uploads\/2014\/07\/prensa_48.jpg 960w\" sizes=\"auto, (max-width: 300px) 100vw, 300px\" \/><\/a><\/p>\n","protected":false},"excerpt":{"rendered":"<p>Los medios de comunicaci\u00f3n se han hecho eco de la publicaci\u00f3n de la Gu\u00eda Pr\u00e1ctica del Punto SIGRE, un documento informativo y de consulta destinado a reforzar el conocimiento que los farmac\u00e9uticos tienen sobre el reciclado de los envases y los residuos de medicamentos y, de esta manera, mejorar su asesoramiento al ciudadano en esta [&hellip;]<\/p>\n","protected":false},"author":7,"featured_media":0,"parent":936,"menu_order":364,"comment_status":"open","ping_status":"open","template":"medios.php","meta":{"footnotes":""},"class_list":["post-952","page","type-page","status-publish","hentry"],"_links":{"self":[{"href":"https:\/\/www.sigre.es\/boletin\/wp-json\/wp\/v2\/pages\/952","targetHints":{"allow":["GET"]}}],"collection":[{"href":"https:\/\/www.sigre.es\/boletin\/wp-json\/wp\/v2\/pages"}],"about":[{"href":"https:\/\/www.sigre.es\/boletin\/wp-json\/wp\/v2\/types\/page"}],"author":[{"embeddable":true,"href":"https:\/\/www.sigre.es\/boletin\/wp-json\/wp\/v2\/users\/7"}],"replies":[{"embeddable":true,"href":"https:\/\/www.sigre.es\/boletin\/wp-json\/wp\/v2\/comments?post=952"}],"version-history":[{"count":0,"href":"https:\/\/www.sigre.es\/boletin\/wp-json\/wp\/v2\/pages\/952\/revisions"}],"up":[{"embeddable":true,"href":"https:\/\/www.sigre.es\/boletin\/wp-json\/wp\/v2\/pages\/936"}],"wp:attachment":[{"href":"https:\/\/www.sigre.es\/boletin\/wp-json\/wp\/v2\/media?parent=952"}],"curies":[{"name":"wp","href":"https:\/\/api.w.org\/{rel}","templated":true}]}}