{"id":950,"date":"2014-07-01T16:10:39","date_gmt":"2014-07-01T16:10:39","guid":{"rendered":"https:\/\/www.sigre.es\/boletin\/sigre-informa-48\/biblioteca-sigre\/"},"modified":"2014-07-04T10:50:07","modified_gmt":"2014-07-04T10:50:07","slug":"biblioteca-sigre","status":"publish","type":"page","link":"https:\/\/www.sigre.es\/boletin\/sigre-informa-48\/biblioteca-sigre\/","title":{"rendered":"BIBLIOTECA SIGRE"},"content":{"rendered":"<div id=\"fb-root\"><\/div>\n<p>SIGRE ha publicado su Memoria de RSC 2013, un documento que pone de manifiesto el compromiso de la entidad con la transparencia informativa. En ella, se recopilan las principales actuaciones llevadas a cabo durante este ejercicio, analizadas desde una triple vertiente: econ\u00f3mica, social y medioambiental.<\/p>\n<p>Para elaborar esta Memoria, SIGRE ha seguido, por quinto a\u00f1o consecutivo, las directrices de la Gu\u00eda para la Elaboraci\u00f3n de Memorias de Sostenibilidad de GRI (Global Reporting Initiative), el est\u00e1ndar de ejecuci\u00f3n de sostenibilidad m\u00e1s aceptado y con mayor credibilidad a nivel internacional.<\/p>\n<p>En sus p\u00e1ginas interiores, se desglosan los principales avances del a\u00f1o en materia de gesti\u00f3n responsable, el compromiso sostenible de la entidad y los logros cosechados durante 2013, as\u00ed como los retos que se marcan para el pr\u00f3ximo ejercicio.<\/p>\n<p>&nbsp;<\/p>\n<p style=\"text-align: center;\" align=\"JUSTIFY\"><a href=\"https:\/\/www.sigre.es\/boletin\/wp-content\/uploads\/2014\/07\/Memoria-de-Responsabilidad-Social-2013.jpg\"><img loading=\"lazy\" decoding=\"async\" class=\"aligncenter size-medium wp-image-975\" alt=\"Memoria-de-Responsabilidad-Social-2013\" src=\"https:\/\/www.sigre.es\/boletin\/wp-content\/uploads\/2014\/07\/Memoria-de-Responsabilidad-Social-2013-300x176.jpg\" width=\"300\" height=\"176\" srcset=\"https:\/\/www.sigre.es\/boletin\/wp-content\/uploads\/2014\/07\/Memoria-de-Responsabilidad-Social-2013-300x176.jpg 300w, https:\/\/www.sigre.es\/boletin\/wp-content\/uploads\/2014\/07\/Memoria-de-Responsabilidad-Social-2013-1024x602.jpg 1024w, https:\/\/www.sigre.es\/boletin\/wp-content\/uploads\/2014\/07\/Memoria-de-Responsabilidad-Social-2013.jpg 1200w\" sizes=\"auto, (max-width: 300px) 100vw, 300px\" \/><\/a><\/p>\n<p>Con el fin de preservar el medio ambiente, la Memoria se edita en formato digital y\u00a0 se encuentra disponible en <a href=\"http:\/\/www.memoriasigre.es\" target=\"_blank\">www.memoriasigre.es<\/a> o en la p\u00e1gina web de SIGRE.<\/p>\n<p style=\"text-align: center;\" align=\"JUSTIFY\"><a href=\"https:\/\/www.sigre.es\/boletin\/wp-content\/uploads\/2014\/07\/laboratorios-adheridos.jpg\"><img loading=\"lazy\" decoding=\"async\" class=\"aligncenter size-medium wp-image-977\" alt=\"laboratorios-adheridos\" src=\"https:\/\/www.sigre.es\/boletin\/wp-content\/uploads\/2014\/07\/laboratorios-adheridos-300x222.jpg\" width=\"300\" height=\"222\" srcset=\"https:\/\/www.sigre.es\/boletin\/wp-content\/uploads\/2014\/07\/laboratorios-adheridos-300x222.jpg 300w, https:\/\/www.sigre.es\/boletin\/wp-content\/uploads\/2014\/07\/laboratorios-adheridos-1024x758.jpg 1024w, https:\/\/www.sigre.es\/boletin\/wp-content\/uploads\/2014\/07\/laboratorios-adheridos.jpg 1040w\" sizes=\"auto, (max-width: 300px) 100vw, 300px\" \/><\/a><\/p>\n<p>Para aquellos interesados en acceder directamente a los principales indicadores de la actividad de SIGRE, se ha editado bajo criterios ecol\u00f3gicos un Resumen Ejecutivo al que se puede acceder tambi\u00e9n en formato digital.<\/p>\n","protected":false},"excerpt":{"rendered":"<p>SIGRE ha publicado su Memoria de RSC 2013, un documento que pone de manifiesto el compromiso de la entidad con la transparencia informativa. En ella, se recopilan las principales actuaciones llevadas a cabo durante este ejercicio, analizadas desde una triple vertiente: econ\u00f3mica, social y medioambiental. Para elaborar esta Memoria, SIGRE ha seguido, por quinto a\u00f1o [&hellip;]<\/p>\n","protected":false},"author":7,"featured_media":0,"parent":936,"menu_order":314,"comment_status":"open","ping_status":"open","template":"articulo1.php","meta":{"footnotes":""},"class_list":["post-950","page","type-page","status-publish","hentry"],"_links":{"self":[{"href":"https:\/\/www.sigre.es\/boletin\/wp-json\/wp\/v2\/pages\/950","targetHints":{"allow":["GET"]}}],"collection":[{"href":"https:\/\/www.sigre.es\/boletin\/wp-json\/wp\/v2\/pages"}],"about":[{"href":"https:\/\/www.sigre.es\/boletin\/wp-json\/wp\/v2\/types\/page"}],"author":[{"embeddable":true,"href":"https:\/\/www.sigre.es\/boletin\/wp-json\/wp\/v2\/users\/7"}],"replies":[{"embeddable":true,"href":"https:\/\/www.sigre.es\/boletin\/wp-json\/wp\/v2\/comments?post=950"}],"version-history":[{"count":0,"href":"https:\/\/www.sigre.es\/boletin\/wp-json\/wp\/v2\/pages\/950\/revisions"}],"up":[{"embeddable":true,"href":"https:\/\/www.sigre.es\/boletin\/wp-json\/wp\/v2\/pages\/936"}],"wp:attachment":[{"href":"https:\/\/www.sigre.es\/boletin\/wp-json\/wp\/v2\/media?parent=950"}],"curies":[{"name":"wp","href":"https:\/\/api.w.org\/{rel}","templated":true}]}}