{"id":949,"date":"2014-07-01T16:10:39","date_gmt":"2014-07-01T16:10:39","guid":{"rendered":"https:\/\/www.sigre.es\/boletin\/sigre-informa-48\/congresos-y-jornadas-3\/"},"modified":"2014-07-03T17:24:43","modified_gmt":"2014-07-03T17:24:43","slug":"congresos-y-jornadas-3","status":"publish","type":"page","link":"https:\/\/www.sigre.es\/boletin\/sigre-informa-48\/congresos-y-jornadas-3\/","title":{"rendered":"CONGRESOS Y JORNADAS"},"content":{"rendered":"<div id=\"fb-root\"><\/div>\n<p>Enmarcado en el Curso de Educaci\u00f3n Ambiental, Residuos y Reciclaje, celebrado el 23 de mayo en Sevilla, SIGRE particip\u00f3 desarrollando la ponencia \u201cLa gesti\u00f3n sostenible de los medicamentos y su comunicaci\u00f3n\u201d. Este curso estaba destinado a personas que trabajan desarrollando programas y campa\u00f1as de educaci\u00f3n, comunicaci\u00f3n y participaci\u00f3n ciudadana que promueven el reciclaje, por lo que la intervenci\u00f3n del Director de Relaciones Institucionales de SIGRE, Miguel Vega, despert\u00f3 gran inter\u00e9s entre los asistentes.<\/p>\n<p>Con un \u00e1nimo igualmente divulgativo, y dirigido en este caso a personal de Administraci\u00f3n y Servicios de la Universidad Complutense de Madrid, SIGRE particip\u00f3 en las Jornadas sobre Gesti\u00f3n de Residuos Urbanos y Peligrosos organizadas por el Consorcio Univerde, compuesto por la Universidad Complutense de Madrid, la Universidad Polit\u00e9cnica de Madrid y la Universidad Nacional de Educaci\u00f3n a Distancia. En su ponencia del d\u00eda 23 de junio \u201cReciclar Medicamentos, una costumbre muy sana\u201d, Mario Zarzuela explic\u00f3 las principales caracter\u00edsticas del Sistema SIGRE y sus avances en la gesti\u00f3n de estos residuos de origen domiciliario.<\/p>\n","protected":false},"excerpt":{"rendered":"<p>Enmarcado en el Curso de Educaci\u00f3n Ambiental, Residuos y Reciclaje, celebrado el 23 de mayo en Sevilla, SIGRE particip\u00f3 desarrollando la ponencia \u201cLa gesti\u00f3n sostenible de los medicamentos y su comunicaci\u00f3n\u201d. Este curso estaba destinado a personas que trabajan desarrollando programas y campa\u00f1as de educaci\u00f3n, comunicaci\u00f3n y participaci\u00f3n ciudadana que promueven el reciclaje, por lo [&hellip;]<\/p>\n","protected":false},"author":7,"featured_media":0,"parent":936,"menu_order":349,"comment_status":"open","ping_status":"open","template":"articulo1.php","meta":{"footnotes":""},"class_list":["post-949","page","type-page","status-publish","hentry"],"_links":{"self":[{"href":"https:\/\/www.sigre.es\/boletin\/wp-json\/wp\/v2\/pages\/949","targetHints":{"allow":["GET"]}}],"collection":[{"href":"https:\/\/www.sigre.es\/boletin\/wp-json\/wp\/v2\/pages"}],"about":[{"href":"https:\/\/www.sigre.es\/boletin\/wp-json\/wp\/v2\/types\/page"}],"author":[{"embeddable":true,"href":"https:\/\/www.sigre.es\/boletin\/wp-json\/wp\/v2\/users\/7"}],"replies":[{"embeddable":true,"href":"https:\/\/www.sigre.es\/boletin\/wp-json\/wp\/v2\/comments?post=949"}],"version-history":[{"count":0,"href":"https:\/\/www.sigre.es\/boletin\/wp-json\/wp\/v2\/pages\/949\/revisions"}],"up":[{"embeddable":true,"href":"https:\/\/www.sigre.es\/boletin\/wp-json\/wp\/v2\/pages\/936"}],"wp:attachment":[{"href":"https:\/\/www.sigre.es\/boletin\/wp-json\/wp\/v2\/media?parent=949"}],"curies":[{"name":"wp","href":"https:\/\/api.w.org\/{rel}","templated":true}]}}