{"id":948,"date":"2014-07-01T16:10:39","date_gmt":"2014-07-01T16:10:39","guid":{"rendered":"https:\/\/www.sigre.es\/boletin\/sigre-informa-48\/congresos-y-jornadas-2\/"},"modified":"2014-07-03T17:23:35","modified_gmt":"2014-07-03T17:23:35","slug":"congresos-y-jornadas-2","status":"publish","type":"page","link":"https:\/\/www.sigre.es\/boletin\/sigre-informa-48\/congresos-y-jornadas-2\/","title":{"rendered":"CONGRESOS Y JORNADAS"},"content":{"rendered":"<div id=\"fb-root\"><\/div>\n<p>SIGRE ha colaborado en el 34\u00ba Symposium de la Asociaci\u00f3n Espa\u00f1ola de Farmac\u00e9uticos de la Industria (AEFI), celebrado en Madrid los d\u00edas 4 y 5 de junio, para que sea un acto respetuoso con el medio ambiente.<\/p>\n<p>Gracias a esta colaboraci\u00f3n, esta ineludible cita de los farmac\u00e9uticos de la industria de nuestro pa\u00eds, ha obtenido la certificaci\u00f3n de \u201cEvento de Emisiones Compensadas\u201d.<\/p>\n<p>Para ello, SIGRE ha calculado las emisiones de CO2 generadas por la celebraci\u00f3n de este evento y las ha compensado mediante la adquisici\u00f3n de cr\u00e9ditos de carbono que se aplicar\u00e1n en un proyecto de absorci\u00f3n de CO2 en Per\u00fa, consistente en la conservaci\u00f3n de la Amazon\u00eda y en el fomento de la agricultura ecol\u00f3gica en las comunidades ind\u00edgenas que viven en la zona.<\/p>\n","protected":false},"excerpt":{"rendered":"<p>SIGRE ha colaborado en el 34\u00ba Symposium de la Asociaci\u00f3n Espa\u00f1ola de Farmac\u00e9uticos de la Industria (AEFI), celebrado en Madrid los d\u00edas 4 y 5 de junio, para que sea un acto respetuoso con el medio ambiente. Gracias a esta colaboraci\u00f3n, esta ineludible cita de los farmac\u00e9uticos de la industria de nuestro pa\u00eds, ha obtenido [&hellip;]<\/p>\n","protected":false},"author":7,"featured_media":0,"parent":936,"menu_order":348,"comment_status":"open","ping_status":"open","template":"articulo1.php","meta":{"footnotes":""},"class_list":["post-948","page","type-page","status-publish","hentry"],"_links":{"self":[{"href":"https:\/\/www.sigre.es\/boletin\/wp-json\/wp\/v2\/pages\/948","targetHints":{"allow":["GET"]}}],"collection":[{"href":"https:\/\/www.sigre.es\/boletin\/wp-json\/wp\/v2\/pages"}],"about":[{"href":"https:\/\/www.sigre.es\/boletin\/wp-json\/wp\/v2\/types\/page"}],"author":[{"embeddable":true,"href":"https:\/\/www.sigre.es\/boletin\/wp-json\/wp\/v2\/users\/7"}],"replies":[{"embeddable":true,"href":"https:\/\/www.sigre.es\/boletin\/wp-json\/wp\/v2\/comments?post=948"}],"version-history":[{"count":0,"href":"https:\/\/www.sigre.es\/boletin\/wp-json\/wp\/v2\/pages\/948\/revisions"}],"up":[{"embeddable":true,"href":"https:\/\/www.sigre.es\/boletin\/wp-json\/wp\/v2\/pages\/936"}],"wp:attachment":[{"href":"https:\/\/www.sigre.es\/boletin\/wp-json\/wp\/v2\/media?parent=948"}],"curies":[{"name":"wp","href":"https:\/\/api.w.org\/{rel}","templated":true}]}}