{"id":947,"date":"2014-07-01T16:10:39","date_gmt":"2014-07-01T16:10:39","guid":{"rendered":"https:\/\/www.sigre.es\/boletin\/sigre-informa-48\/convenios-y-acuerdos\/"},"modified":"2014-07-03T17:21:53","modified_gmt":"2014-07-03T17:21:53","slug":"convenios-y-acuerdos","status":"publish","type":"page","link":"https:\/\/www.sigre.es\/boletin\/sigre-informa-48\/convenios-y-acuerdos\/","title":{"rendered":"CONVENIOS Y ACUERDOS"},"content":{"rendered":"<div id=\"fb-root\"><\/div>\n<p>SIGRE ha firmado un convenio de colaboraci\u00f3n con la Agencia EFE, por el que ambas entidades impulsar\u00e1n conjuntamente acciones que fomenten el periodismo ambiental, una rama informativa todav\u00eda en periodo de formaci\u00f3n en nuestro pa\u00eds. Entre estas iniciativas, se ha convocado una nueva edici\u00f3n del programa educativo puesto en marcha por SIGRE hace dos a\u00f1os, por el que un estudiante de Ciencias de la Informaci\u00f3n recibe formaci\u00f3n pr\u00e1ctica de la mano de los profesionales de EFEVerde, la plataforma global de periodismo ambiental de la Agencia EFE.<\/p>\n<p style=\"text-align: center;\"><a href=\"https:\/\/www.sigre.es\/boletin\/wp-content\/uploads\/2014\/07\/convenio.jpg\"><img loading=\"lazy\" decoding=\"async\" class=\"aligncenter size-medium wp-image-995\" alt=\"convenio\" src=\"https:\/\/www.sigre.es\/boletin\/wp-content\/uploads\/2014\/07\/convenio-300x194.jpg\" width=\"300\" height=\"194\" srcset=\"https:\/\/www.sigre.es\/boletin\/wp-content\/uploads\/2014\/07\/convenio-300x194.jpg 300w, https:\/\/www.sigre.es\/boletin\/wp-content\/uploads\/2014\/07\/convenio-1024x663.jpg 1024w, https:\/\/www.sigre.es\/boletin\/wp-content\/uploads\/2014\/07\/convenio.jpg 1047w\" sizes=\"auto, (max-width: 300px) 100vw, 300px\" \/><\/a><span style=\"color: #888888;\"><em><span style=\"font-family: Calibri, sans-serif; line-height: 1.5em;\">Jos\u00e9 Antonio Vera, Presidente de EFE, y Juan Carlos Mampaso, Director General de SIGRE, firmando el convenio de colaboraci\u00f3n entre ambas entidades<\/span><\/em><\/span><\/p>\n<p>La convocatoria, que ya ha finalizado, ha destacado por la calidad de las propuestas recibidas y por el alto n\u00famero de participantes, quienes han elaborado una informaci\u00f3n audiovisual sobre la actividad medioambiental y socio-sanitaria de SIGRE. Con esta iniciativa, SIGRE muestra su firme compromiso con la sensibilizaci\u00f3n medioambiental, fomentando la educaci\u00f3n de profesionales en esta \u00e1rea de la informaci\u00f3n y contribuyendo a aumentar la calidad de las informaciones relacionadas con el medio ambiente.<\/p>\n","protected":false},"excerpt":{"rendered":"<p>SIGRE ha firmado un convenio de colaboraci\u00f3n con la Agencia EFE, por el que ambas entidades impulsar\u00e1n conjuntamente acciones que fomenten el periodismo ambiental, una rama informativa todav\u00eda en periodo de formaci\u00f3n en nuestro pa\u00eds. Entre estas iniciativas, se ha convocado una nueva edici\u00f3n del programa educativo puesto en marcha por SIGRE hace dos a\u00f1os, [&hellip;]<\/p>\n","protected":false},"author":7,"featured_media":0,"parent":936,"menu_order":327,"comment_status":"open","ping_status":"open","template":"articulo1.php","meta":{"footnotes":""},"class_list":["post-947","page","type-page","status-publish","hentry"],"_links":{"self":[{"href":"https:\/\/www.sigre.es\/boletin\/wp-json\/wp\/v2\/pages\/947","targetHints":{"allow":["GET"]}}],"collection":[{"href":"https:\/\/www.sigre.es\/boletin\/wp-json\/wp\/v2\/pages"}],"about":[{"href":"https:\/\/www.sigre.es\/boletin\/wp-json\/wp\/v2\/types\/page"}],"author":[{"embeddable":true,"href":"https:\/\/www.sigre.es\/boletin\/wp-json\/wp\/v2\/users\/7"}],"replies":[{"embeddable":true,"href":"https:\/\/www.sigre.es\/boletin\/wp-json\/wp\/v2\/comments?post=947"}],"version-history":[{"count":0,"href":"https:\/\/www.sigre.es\/boletin\/wp-json\/wp\/v2\/pages\/947\/revisions"}],"up":[{"embeddable":true,"href":"https:\/\/www.sigre.es\/boletin\/wp-json\/wp\/v2\/pages\/936"}],"wp:attachment":[{"href":"https:\/\/www.sigre.es\/boletin\/wp-json\/wp\/v2\/media?parent=947"}],"curies":[{"name":"wp","href":"https:\/\/api.w.org\/{rel}","templated":true}]}}