{"id":946,"date":"2014-07-01T16:10:39","date_gmt":"2014-07-01T16:10:39","guid":{"rendered":"https:\/\/www.sigre.es\/boletin\/sigre-informa-48\/actualidad-2\/"},"modified":"2014-07-04T10:44:19","modified_gmt":"2014-07-04T10:44:19","slug":"actualidad-2","status":"publish","type":"page","link":"https:\/\/www.sigre.es\/boletin\/sigre-informa-48\/actualidad-2\/","title":{"rendered":"ACTUALIDAD"},"content":{"rendered":"<div id=\"fb-root\"><\/div>\n<p>Con motivo del D\u00eda Mundial del Medio Ambiente, que se celebr\u00f3 el pasado 5 de junio, SIGRE puso en marcha varias iniciativas de sensibilizaci\u00f3n.<\/p>\n<p><strong>L\u00ednea Verde<\/strong><br \/>\nLa primera de ellas, fue colaborar con el Ayuntamiento de Tudela de Duero en la puesta en marcha de una L\u00ednea Verde en ese municipio. Se trata de un canal de comunicaci\u00f3n, directo y totalmente gratuito, que permite a los vecinos, mediante una aplicaci\u00f3n m\u00f3vil y una p\u00e1gina web, comunicar a su Ayuntamiento cualquier tipo de incidencia ambiental que observen en su municipio: mobiliario estropeado, desperfectos en parques y jardines, deterioro de instalaciones o alumbrado p\u00fablico, etc.<\/p>\n<p>Este servicio, el primero que entra en funcionamiento en Valladolid, es pionero, ya que tan solo un reducido grupo de municipios lo tiene implantado en nuestro pa\u00eds.<\/p>\n<p><strong>Plantaciones de \u00e1rboles<\/strong><br \/>\nEn colaboraci\u00f3n con el Ayuntamiento de Tudela de Duero y del gestor de residuos de SIGRE, la empresa Biotran, la entidad ha participado en dos plantaciones de \u00e1rboles en esa localidad, en la que est\u00e1 ubicada la Planta de Tratamiento de Envases y Residuos de Medicamentos.<\/p>\n<p style=\"text-align: center;\"><a href=\"https:\/\/www.sigre.es\/boletin\/wp-content\/uploads\/2014\/07\/DiaMA2.jpg\"><img loading=\"lazy\" decoding=\"async\" alt=\"DiaMA2\" src=\"https:\/\/www.sigre.es\/boletin\/wp-content\/uploads\/2014\/07\/DiaMA2-300x199.jpg\" width=\"300\" height=\"199\" \/><br \/>\n<\/a><span style=\"color: #808080;\"><em><span style=\"line-height: 1.5em;\">SIGRE, junto con el Ayuntamiento de Tudela de Duero y la empresa Biotran Gesti\u00f3n de Residuos, implic\u00f3 a todo el municipio en el D\u00eda Mundial del Medio Ambiente.<\/span><\/em><\/span><\/p>\n<p>En las plantaciones participaron profesores y alumnos de todos los colegios, representantes de la corporaci\u00f3n y de todos los grupos pol\u00edticos, as\u00ed como de los agentes sociales y econ\u00f3micos del municipio.<\/p>\n<p>Estas actuaciones muestran el compromiso de SIGRE con la puesta en marcha de iniciativas que fomentan la sostenibilidad y el cuidado y conservaci\u00f3n del medio ambiente.<\/p>\n<p><strong>Campa\u00f1a \u201cRecicla con los cinco sentidos\u201d<\/strong><br \/>\nEse mismo d\u00eda, la Consejer\u00eda de Medio Ambiente de la Generalitat Valenciana present\u00f3 la campa\u00f1a \u201cRecicla con los cinco sentidos\u201d.<\/p>\n<p>SIGRE participa en esta campa\u00f1a, junto a los principales Sistemas Integrados de Gesti\u00f3n de residuos dom\u00e9sticos, para concienciar a los ciudadanos sobre la importancia de separar los residuos para garantizar su correcto tratamiento medioambiental.<\/p>\n<p style=\"text-align: center;\"><a href=\"https:\/\/www.sigre.es\/boletin\/wp-content\/uploads\/2014\/07\/jcm.jpg\"><img loading=\"lazy\" decoding=\"async\" alt=\"jcm\" src=\"https:\/\/www.sigre.es\/boletin\/wp-content\/uploads\/2014\/07\/jcm-200x300.jpg\" width=\"200\" height=\"300\" \/><br \/>\n<\/a><span style=\"color: #808080;\"><em>Juan Carlos Mampaso, Director General de SIGRE, en un momento de la presentaci\u00f3n de la campa\u00f1a \u201cRecicla con los cinco sentidos\u201d<\/em><\/span><\/p>\n<p>Esta iniciativa pondr\u00e1 en marcha diferentes actividades de concienciaci\u00f3n en centros escolares, universidades y centros sociales y culturales, y cuenta con la peculiaridad de que, por primera vez, participan instituciones de car\u00e1cter social como la ONCE y el Comit\u00e9 Espa\u00f1ol de Representantes de Personas con Discapacidad (Cermi), para integrar a estos colectivos en las actividades de la campa\u00f1a.<\/p>\n<p style=\"text-align: center;\">\n","protected":false},"excerpt":{"rendered":"<p>Con motivo del D\u00eda Mundial del Medio Ambiente, que se celebr\u00f3 el pasado 5 de junio, SIGRE puso en marcha varias iniciativas de sensibilizaci\u00f3n. L\u00ednea Verde La primera de ellas, fue colaborar con el Ayuntamiento de Tudela de Duero en la puesta en marcha de una L\u00ednea Verde en ese municipio. Se trata de un [&hellip;]<\/p>\n","protected":false},"author":7,"featured_media":0,"parent":936,"menu_order":322,"comment_status":"open","ping_status":"open","template":"articulo1.php","meta":{"footnotes":""},"class_list":["post-946","page","type-page","status-publish","hentry"],"_links":{"self":[{"href":"https:\/\/www.sigre.es\/boletin\/wp-json\/wp\/v2\/pages\/946","targetHints":{"allow":["GET"]}}],"collection":[{"href":"https:\/\/www.sigre.es\/boletin\/wp-json\/wp\/v2\/pages"}],"about":[{"href":"https:\/\/www.sigre.es\/boletin\/wp-json\/wp\/v2\/types\/page"}],"author":[{"embeddable":true,"href":"https:\/\/www.sigre.es\/boletin\/wp-json\/wp\/v2\/users\/7"}],"replies":[{"embeddable":true,"href":"https:\/\/www.sigre.es\/boletin\/wp-json\/wp\/v2\/comments?post=946"}],"version-history":[{"count":0,"href":"https:\/\/www.sigre.es\/boletin\/wp-json\/wp\/v2\/pages\/946\/revisions"}],"up":[{"embeddable":true,"href":"https:\/\/www.sigre.es\/boletin\/wp-json\/wp\/v2\/pages\/936"}],"wp:attachment":[{"href":"https:\/\/www.sigre.es\/boletin\/wp-json\/wp\/v2\/media?parent=946"}],"curies":[{"name":"wp","href":"https:\/\/api.w.org\/{rel}","templated":true}]}}