{"id":945,"date":"2014-07-01T16:10:39","date_gmt":"2014-07-01T16:10:39","guid":{"rendered":"https:\/\/www.sigre.es\/boletin\/sigre-informa-48\/editorial\/"},"modified":"2014-07-04T10:56:13","modified_gmt":"2014-07-04T10:56:13","slug":"editorial","status":"publish","type":"page","link":"https:\/\/www.sigre.es\/boletin\/sigre-informa-48\/editorial\/","title":{"rendered":"EDITORIAL"},"content":{"rendered":"<div id=\"fb-root\"><\/div>\n<p>El pasado 5 de junio se celebr\u00f3 el D\u00eda Mundial del Medio Ambiente. Esta fecha, instituida por la Asamblea General de Naciones Unidas en 1972, tiene como objetivo sensibilizar a la poblaci\u00f3n mundial de que cada uno de nosotros hemos de ser un agente activo en el cuidado del medio ambiente y fomentar un esp\u00edritu de cooperaci\u00f3n que contribuya a construir una sociedad m\u00e1s sostenible.<\/p>\n<p>Con motivo de esta 42\u00aa edici\u00f3n del D\u00eda Mundial del Medio Ambiente, a lo largo de nuestro planeta, se han llevado a cabo miles de iniciativas para proteger el medio ambiente y combatir el cambio clim\u00e1tico.<\/p>\n<p>SIGRE se ha sumado a estas iniciativas con dos acciones. La primera de ellas, colaborando en una plantaci\u00f3n de \u00e1rboles en Tudela de Duero, localidad en la que est\u00e1 ubicada la Planta de Tratamiento de Envases y Residuos de Medicamentos. M\u00e1s de 200 ni\u00f1os, de todos los colegios de la localidad, participaron en la repoblaci\u00f3n de una de las zonas m\u00e1s afectadas por las recientes crecidas del r\u00edo Duero al paso por ese municipio vallisoletano.<\/p>\n<p>La segunda, participando activamente en la presentaci\u00f3n de una campa\u00f1a de sensibilizaci\u00f3n impulsada por la Generalitat Valenciana, en la que participan los principales Sistemas Integrados de Gesti\u00f3n y que tiene como lema: \u201cRecicla con los cinco sentidos\u201d.<\/p>\n<p>Esta campa\u00f1a cuenta con la singularidad de ser un proyecto pionero en Espa\u00f1a, gracias al cual personas con distintos tipos de discapacidad podr\u00e1n participar en talleres de cuidado del medio ambiente y reciclaje adaptados a sus circunstancias f\u00edsicas o ps\u00edquicas.<\/p>\n<p>Estas acciones y las que se emprendieron con motivo del D\u00eda Internacional del Reciclaje, que se celebr\u00f3 el 17 de mayo, ponen de relieve dos aspectos b\u00e1sicos para cuidar del medio ambiente: la necesaria cooperaci\u00f3n de todos y la sensibilizaci\u00f3n social para mantener una actitud continua.<\/p>\n","protected":false},"excerpt":{"rendered":"<p>El pasado 5 de junio se celebr\u00f3 el D\u00eda Mundial del Medio Ambiente. Esta fecha, instituida por la Asamblea General de Naciones Unidas en 1972, tiene como objetivo sensibilizar a la poblaci\u00f3n mundial de que cada uno de nosotros hemos de ser un agente activo en el cuidado del medio ambiente y fomentar un esp\u00edritu [&hellip;]<\/p>\n","protected":false},"author":7,"featured_media":0,"parent":936,"menu_order":316,"comment_status":"open","ping_status":"open","template":"articulo1.php","meta":{"footnotes":""},"class_list":["post-945","page","type-page","status-publish","hentry"],"_links":{"self":[{"href":"https:\/\/www.sigre.es\/boletin\/wp-json\/wp\/v2\/pages\/945","targetHints":{"allow":["GET"]}}],"collection":[{"href":"https:\/\/www.sigre.es\/boletin\/wp-json\/wp\/v2\/pages"}],"about":[{"href":"https:\/\/www.sigre.es\/boletin\/wp-json\/wp\/v2\/types\/page"}],"author":[{"embeddable":true,"href":"https:\/\/www.sigre.es\/boletin\/wp-json\/wp\/v2\/users\/7"}],"replies":[{"embeddable":true,"href":"https:\/\/www.sigre.es\/boletin\/wp-json\/wp\/v2\/comments?post=945"}],"version-history":[{"count":0,"href":"https:\/\/www.sigre.es\/boletin\/wp-json\/wp\/v2\/pages\/945\/revisions"}],"up":[{"embeddable":true,"href":"https:\/\/www.sigre.es\/boletin\/wp-json\/wp\/v2\/pages\/936"}],"wp:attachment":[{"href":"https:\/\/www.sigre.es\/boletin\/wp-json\/wp\/v2\/media?parent=945"}],"curies":[{"name":"wp","href":"https:\/\/api.w.org\/{rel}","templated":true}]}}