{"id":944,"date":"2014-07-01T16:10:39","date_gmt":"2014-07-01T16:10:39","guid":{"rendered":"https:\/\/www.sigre.es\/boletin\/sigre-informa-48\/opinion\/"},"modified":"2014-07-03T16:58:05","modified_gmt":"2014-07-03T16:58:05","slug":"opinion","status":"publish","type":"page","link":"https:\/\/www.sigre.es\/boletin\/sigre-informa-48\/opinion\/","title":{"rendered":"OPINI\u00d3N"},"content":{"rendered":"<div id=\"fb-root\"><\/div>\n<p>SIGRE realiza peri\u00f3dicamente estudios de opini\u00f3n para recabar informaci\u00f3n que le permita mejorar el servicio que presta y conocer c\u00f3mo es percibido por los ciudadanos el sistema de recogida selectiva de residuos de medicamentos.<\/p>\n<p>En el \u00faltimo sondeo, realizado en 2014, se pone de manifiesto que la opini\u00f3n p\u00fablica se encuentra cada vez m\u00e1s sensibilizada con la actividad y las propuestas medioambientales de SIGRE.<\/p>\n<p>Un 91% de los hogares espa\u00f1oles conoce la existencia del Punto SIGRE de la farmacia y colabora activamente en el reciclado de los envases y restos de medicamentos. Adem\u00e1s, por cercan\u00eda y por la atenci\u00f3n que les presta el farmac\u00e9utico, afirma que resulta sencillo colaborar en el reciclado de estos residuos.<\/p>\n<p>Asimismo, el 90% de los ciudadanos afirma que tirar los restos de medicamentos a la basura o por el desag\u00fce puede ser perjudicial para el medio ambiente.<\/p>\n<p>Por otra parte, es destacable la mejora en los h\u00e1bitos sanitarios relacionados con el uso responsable del medicamento. As\u00ed, aumenta el porcentaje de ciudadanos que revisa el botiqu\u00edn dom\u00e9stico dos o m\u00e1s veces al a\u00f1o: un 53%, en 2014, frente a un 48% en 2013.<\/p>\n<p>El estudio tambi\u00e9n muestra que el 95% de los encuestados afirma revisar la fecha de caducidad antes de volver a usar un medicamento guardado en el botiqu\u00edn. En este sentido, s\u00ed se ha experimentado un importante avance, ya que en 2009 el 20% de los ciudadanos no comprobaba la fecha de caducidad.<\/p>\n<p>Por \u00faltimo, merece destacarse que contin\u00faa aumentando el porcentaje de ciudadanos que consulta el prospecto (78%) al volver a utilizar un medicamento guardado en el botiqu\u00edn.<\/p>\n<p style=\"text-align: center;\">Cuando va a utilizar un medicamento que tiene guardado en su botiqu\u00edn desde hace tiempo, antes de usarlo&#8230;<\/p>\n<p style=\"text-align: center;\"><a href=\"https:\/\/www.sigre.es\/boletin\/wp-content\/uploads\/2014\/07\/SI48-2.png\"><img loading=\"lazy\" decoding=\"async\" class=\"aligncenter size-medium wp-image-1019\" alt=\"SI48-2\" src=\"https:\/\/www.sigre.es\/boletin\/wp-content\/uploads\/2014\/07\/SI48-2-300x184.png\" width=\"300\" height=\"184\" srcset=\"https:\/\/www.sigre.es\/boletin\/wp-content\/uploads\/2014\/07\/SI48-2-300x184.png 300w, https:\/\/www.sigre.es\/boletin\/wp-content\/uploads\/2014\/07\/SI48-2.png 378w\" sizes=\"auto, (max-width: 300px) 100vw, 300px\" \/><\/a><\/p>\n<p style=\"text-align: center;\">Tirar los restos de medicamentos a la basura o por el desag\u00fce, \u00bfconsidera que perjudica al medio ambiente?<\/p>\n<p style=\"text-align: center;\"><a href=\"https:\/\/www.sigre.es\/boletin\/wp-content\/uploads\/2014\/07\/SI48-2-2.png\"><img loading=\"lazy\" decoding=\"async\" class=\"aligncenter size-medium wp-image-1020\" alt=\"SI48-2-2\" src=\"https:\/\/www.sigre.es\/boletin\/wp-content\/uploads\/2014\/07\/SI48-2-2-300x155.png\" width=\"300\" height=\"155\" srcset=\"https:\/\/www.sigre.es\/boletin\/wp-content\/uploads\/2014\/07\/SI48-2-2-300x155.png 300w, https:\/\/www.sigre.es\/boletin\/wp-content\/uploads\/2014\/07\/SI48-2-2.png 541w\" sizes=\"auto, (max-width: 300px) 100vw, 300px\" \/><\/a><\/p>\n","protected":false},"excerpt":{"rendered":"<p>SIGRE realiza peri\u00f3dicamente estudios de opini\u00f3n para recabar informaci\u00f3n que le permita mejorar el servicio que presta y conocer c\u00f3mo es percibido por los ciudadanos el sistema de recogida selectiva de residuos de medicamentos. En el \u00faltimo sondeo, realizado en 2014, se pone de manifiesto que la opini\u00f3n p\u00fablica se encuentra cada vez m\u00e1s sensibilizada [&hellip;]<\/p>\n","protected":false},"author":7,"featured_media":0,"parent":936,"menu_order":313,"comment_status":"open","ping_status":"open","template":"articulo1.php","meta":{"footnotes":""},"class_list":["post-944","page","type-page","status-publish","hentry"],"_links":{"self":[{"href":"https:\/\/www.sigre.es\/boletin\/wp-json\/wp\/v2\/pages\/944","targetHints":{"allow":["GET"]}}],"collection":[{"href":"https:\/\/www.sigre.es\/boletin\/wp-json\/wp\/v2\/pages"}],"about":[{"href":"https:\/\/www.sigre.es\/boletin\/wp-json\/wp\/v2\/types\/page"}],"author":[{"embeddable":true,"href":"https:\/\/www.sigre.es\/boletin\/wp-json\/wp\/v2\/users\/7"}],"replies":[{"embeddable":true,"href":"https:\/\/www.sigre.es\/boletin\/wp-json\/wp\/v2\/comments?post=944"}],"version-history":[{"count":0,"href":"https:\/\/www.sigre.es\/boletin\/wp-json\/wp\/v2\/pages\/944\/revisions"}],"up":[{"embeddable":true,"href":"https:\/\/www.sigre.es\/boletin\/wp-json\/wp\/v2\/pages\/936"}],"wp:attachment":[{"href":"https:\/\/www.sigre.es\/boletin\/wp-json\/wp\/v2\/media?parent=944"}],"curies":[{"name":"wp","href":"https:\/\/api.w.org\/{rel}","templated":true}]}}