{"id":943,"date":"2014-07-01T16:10:39","date_gmt":"2014-07-01T16:10:39","guid":{"rendered":"https:\/\/www.sigre.es\/boletin\/sigre-informa-48\/actualidad\/"},"modified":"2014-07-03T17:13:39","modified_gmt":"2014-07-03T17:13:39","slug":"actualidad","status":"publish","type":"page","link":"https:\/\/www.sigre.es\/boletin\/sigre-informa-48\/actualidad\/","title":{"rendered":"ACTUALIDAD"},"content":{"rendered":"<div id=\"fb-root\"><\/div>\n<p>Numerosos profesores de \u201cIngl\u00e9s\u201d y de \u201cConocimiento del medio\u201d de los colegios adheridos al Programa BEDA (Bilingual English Development &amp; Assessment) han utilizado durante el \u00faltimo trimestre de 2013 y el primer trimestre de 2014 la p\u00e1gina web <a title=\"Abrir Sigrelandia en nueva ventana\" href=\"http:\/\/www.sigrelandia.es\/\" target=\"_blank\">Sigrelandia<\/a> como herramienta docente en sus aulas.<\/p>\n<p>Esta experiencia educativa, que forma parte del acuerdo de colaboraci\u00f3n firmado por SIGRE y la Federaci\u00f3n Espa\u00f1ola de Religiosos de la Ense\u00f1anza (FERE) para sensibilizar sobre la importancia de hacer un uso responsable de los medicamentos, ha sido evaluada posteriormente por los propios docentes a trav\u00e9s de un cuestionario.<\/p>\n<p>Entre los resultados obtenidos, se destaca el valor que Sigrelandia tiene como herramienta que combina el aprendizaje de un idioma con la sensibilizaci\u00f3n medioambiental de los alumnos.<\/p>\n<p>En este sentido, es rese\u00f1able el alto nivel de satisfacci\u00f3n de docentes y alumnos con el contenido educativo de esta web, su navegabilidad, los juegos y la visi\u00f3n general que ofrece sobre el ciclo de vida del medicamento.<\/p>\n<p><strong><\/strong>Los informes tambi\u00e9n resaltan su potencial educativo y la utilizaci\u00f3n de nuevas tecnolog\u00edas para la formaci\u00f3n.<\/p>\n<p>Sigrelandia se puede descargar en la <a title=\"Abrir p\u00e1gina web de SIGRE en nueva ventana\" href=\"https:\/\/www.sigre.es\/educacion\/sigrelandia\/\" target=\"_blank\">p\u00e1gina web de SIGRE<\/a> y est\u00e1 a disposici\u00f3n de todos los centros que deseen utilizarla como herramienta educativa.<\/p>\n","protected":false},"excerpt":{"rendered":"<p>Numerosos profesores de \u201cIngl\u00e9s\u201d y de \u201cConocimiento del medio\u201d de los colegios adheridos al Programa BEDA (Bilingual English Development &amp; Assessment) han utilizado durante el \u00faltimo trimestre de 2013 y el primer trimestre de 2014 la p\u00e1gina web Sigrelandia como herramienta docente en sus aulas. Esta experiencia educativa, que forma parte del acuerdo de colaboraci\u00f3n [&hellip;]<\/p>\n","protected":false},"author":7,"featured_media":0,"parent":936,"menu_order":326,"comment_status":"open","ping_status":"open","template":"articulo1.php","meta":{"footnotes":""},"class_list":["post-943","page","type-page","status-publish","hentry"],"_links":{"self":[{"href":"https:\/\/www.sigre.es\/boletin\/wp-json\/wp\/v2\/pages\/943","targetHints":{"allow":["GET"]}}],"collection":[{"href":"https:\/\/www.sigre.es\/boletin\/wp-json\/wp\/v2\/pages"}],"about":[{"href":"https:\/\/www.sigre.es\/boletin\/wp-json\/wp\/v2\/types\/page"}],"author":[{"embeddable":true,"href":"https:\/\/www.sigre.es\/boletin\/wp-json\/wp\/v2\/users\/7"}],"replies":[{"embeddable":true,"href":"https:\/\/www.sigre.es\/boletin\/wp-json\/wp\/v2\/comments?post=943"}],"version-history":[{"count":0,"href":"https:\/\/www.sigre.es\/boletin\/wp-json\/wp\/v2\/pages\/943\/revisions"}],"up":[{"embeddable":true,"href":"https:\/\/www.sigre.es\/boletin\/wp-json\/wp\/v2\/pages\/936"}],"wp:attachment":[{"href":"https:\/\/www.sigre.es\/boletin\/wp-json\/wp\/v2\/media?parent=943"}],"curies":[{"name":"wp","href":"https:\/\/api.w.org\/{rel}","templated":true}]}}