{"id":942,"date":"2014-07-01T16:10:39","date_gmt":"2014-07-01T16:10:39","guid":{"rendered":"https:\/\/www.sigre.es\/boletin\/sigre-informa-48\/congresos-y-jornadas\/"},"modified":"2014-07-03T17:19:59","modified_gmt":"2014-07-03T17:19:59","slug":"congresos-y-jornadas","status":"publish","type":"page","link":"https:\/\/www.sigre.es\/boletin\/sigre-informa-48\/congresos-y-jornadas\/","title":{"rendered":"CONGRESOS Y JORNADAS"},"content":{"rendered":"<div id=\"fb-root\"><\/div>\n<p>Los d\u00edas 16 (Madrid) y 17 (Barcelona) de junio, tuvieron lugar las XIV Jornadas Informativas a Laboratorios, una cita anual con los laboratorios adheridos a SIGRE que en esta ocasi\u00f3n ha contado con la presencia de m\u00e1s de 110 asistentes.<\/p>\n<p>Las Jornadas contaron con la colaboraci\u00f3n de la Consejer\u00eda de Medio Ambiente y Ordenaci\u00f3n del Territorio de la Comunidad Aut\u00f3noma de Madrid y del Departamento de Territorio y Sostenibilidad de la Generalitat de Catalu\u00f1a.<\/p>\n<p style=\"text-align: center;\"><a href=\"https:\/\/www.sigre.es\/boletin\/wp-content\/uploads\/2014\/07\/Foto1.jpg\"><img loading=\"lazy\" decoding=\"async\" class=\"aligncenter size-medium wp-image-1027\" alt=\"Foto1\" src=\"https:\/\/www.sigre.es\/boletin\/wp-content\/uploads\/2014\/07\/Foto1-300x228.jpg\" width=\"300\" height=\"228\" srcset=\"https:\/\/www.sigre.es\/boletin\/wp-content\/uploads\/2014\/07\/Foto1-300x228.jpg 300w, https:\/\/www.sigre.es\/boletin\/wp-content\/uploads\/2014\/07\/Foto1.jpg 500w\" sizes=\"auto, (max-width: 300px) 100vw, 300px\" \/><\/a><em style=\"line-height: 1.5em;\"><span style=\"color: #888888;\">En Madrid, Enrique Ruiz, Viceconsejero de Medio Ambiente y Ordenaci\u00f3n del Territorio de la Comunidad Aut\u00f3noma de Madrid, inaugurando las Jornadas junto a Humberto Arn\u00e9s, Presidente de SIGRE, \u00a0y a Juan Carlos Mampaso, Director General de SIGRE.<\/span><\/em><\/p>\n<p>Como viene siendo habitual, durante el transcurso de estas sesiones se presentaron los logros alcanzados por la entidad durante el a\u00f1o anterior y los retos previstos para el siguiente ejercicio, as\u00ed como los resultados obtenidos por la industria farmac\u00e9utica en el campo de la aplicaci\u00f3n de medidas de ecodise\u00f1o sobre los envases.<\/p>\n<p style=\"text-align: center;\"><a style=\"text-align: center; line-height: 1.5em;\" href=\"https:\/\/www.sigre.es\/boletin\/wp-content\/uploads\/2014\/07\/Foto2.jpg\"><img loading=\"lazy\" decoding=\"async\" class=\"aligncenter size-medium wp-image-1028\" alt=\"Foto2\" src=\"https:\/\/www.sigre.es\/boletin\/wp-content\/uploads\/2014\/07\/Foto2-300x178.jpg\" width=\"300\" height=\"178\" srcset=\"https:\/\/www.sigre.es\/boletin\/wp-content\/uploads\/2014\/07\/Foto2-300x178.jpg 300w, https:\/\/www.sigre.es\/boletin\/wp-content\/uploads\/2014\/07\/Foto2.jpg 600w\" sizes=\"auto, (max-width: 300px) 100vw, 300px\" \/><\/a><em style=\"color: #888888; line-height: 1.5em;\">Las Jornadas han contado con la asistencia de los responsables de medio ambiente de los laboratorios adheridos a SIGRE<\/em><\/p>\n<p><span style=\"line-height: 1.5em;\">Adem\u00e1s del habitual repaso a las novedades legislativas que pueden afectar a los residuos de medicamentos, este a\u00f1o se abord\u00f3 la creciente importancia de la comunicaci\u00f3n 2.0 y la penetraci\u00f3n de las redes sociales en nuestro pa\u00eds, as\u00ed como la labor que las compa\u00f1\u00edas farmac\u00e9uticas pueden hacer en el campo de la Responsabilidad Social.<\/span><\/p>\n<p style=\"text-align: center;\"><a href=\"https:\/\/www.sigre.es\/boletin\/wp-content\/uploads\/2014\/07\/Foto3.jpg\"><img loading=\"lazy\" decoding=\"async\" class=\"aligncenter size-medium wp-image-1029\" alt=\"Foto3\" src=\"https:\/\/www.sigre.es\/boletin\/wp-content\/uploads\/2014\/07\/Foto3-265x300.jpg\" width=\"265\" height=\"300\" srcset=\"https:\/\/www.sigre.es\/boletin\/wp-content\/uploads\/2014\/07\/Foto3-265x300.jpg 265w, https:\/\/www.sigre.es\/boletin\/wp-content\/uploads\/2014\/07\/Foto3.jpg 380w\" sizes=\"auto, (max-width: 265px) 100vw, 265px\" \/><\/a><em style=\"line-height: 1.5em;\"><span style=\"color: #888888;\">Alejo Torres, EHS manager del GRUPO URIACH, durante su intervenci\u00f3n en Barcelona. Al fondo, Joana Mart\u00ednez, T\u00e9cnica de Gesti\u00f3n Ambiental de Almirall y Juan Carlos Mampaso, Director General de SIGRE.<\/span><\/em><\/p>\n<p>Por otra parte, y como ya sucediera en la edici\u00f3n anterior, las XIV Jornadas han destacado por la activa participaci\u00f3n de responsables de medio ambiente de la industria farmac\u00e9utica en las ponencias. \u00c9ste es el caso de Esteban Ju\u00e1rez, Responsable de Medio Ambiente de los Laboratorios SERVIER, y de Alejo Torres, EHS Manager del GRUPO URIACH, quienes aportaron su experiencia en la minimizaci\u00f3n de residuos y vertidos.<\/p>\n<p style=\"text-align: center;\"><a href=\"https:\/\/www.sigre.es\/boletin\/wp-content\/uploads\/2014\/07\/Foto4.jpg\"><img loading=\"lazy\" decoding=\"async\" class=\"aligncenter size-medium wp-image-1030\" alt=\"Foto4\" src=\"https:\/\/www.sigre.es\/boletin\/wp-content\/uploads\/2014\/07\/Foto4-300x189.jpg\" width=\"300\" height=\"189\" srcset=\"https:\/\/www.sigre.es\/boletin\/wp-content\/uploads\/2014\/07\/Foto4-300x189.jpg 300w, https:\/\/www.sigre.es\/boletin\/wp-content\/uploads\/2014\/07\/Foto4.jpg 600w\" sizes=\"auto, (max-width: 300px) 100vw, 300px\" \/><\/a><em style=\"color: #888888; line-height: 1.5em;\">A la izquierda: Mar\u00eda Pell\u00edn, Responsable de Medio Ambiente de Laboratoires QUINTON INTERNATIONAL; en el centro: Esteban Ju\u00e1rez, Responsable de Medio Ambiente de Laboratorios SERVIER; a la derecha: Juan Carlos Mampaso, Director General de SIGRE.<\/em><\/p>\n<p>Asimismo, Mar\u00eda Pell\u00edn, Responsable de Calidad y Medio Ambiente de Laboratoires QUINTON INTERNATIONAL y Joana Mart\u00ednez, T\u00e9cnica de Gesti\u00f3n Ambiental de ALMIRALL, ofrecieron algunos ejemplos pr\u00e1cticos de la aplicaci\u00f3n de medidas de ecodise\u00f1o en sus respectivas empresas.<\/p>\n","protected":false},"excerpt":{"rendered":"<p>Los d\u00edas 16 (Madrid) y 17 (Barcelona) de junio, tuvieron lugar las XIV Jornadas Informativas a Laboratorios, una cita anual con los laboratorios adheridos a SIGRE que en esta ocasi\u00f3n ha contado con la presencia de m\u00e1s de 110 asistentes. Las Jornadas contaron con la colaboraci\u00f3n de la Consejer\u00eda de Medio Ambiente y Ordenaci\u00f3n del [&hellip;]<\/p>\n","protected":false},"author":7,"featured_media":0,"parent":936,"menu_order":344,"comment_status":"open","ping_status":"open","template":"articulo1.php","meta":{"footnotes":""},"class_list":["post-942","page","type-page","status-publish","hentry"],"_links":{"self":[{"href":"https:\/\/www.sigre.es\/boletin\/wp-json\/wp\/v2\/pages\/942","targetHints":{"allow":["GET"]}}],"collection":[{"href":"https:\/\/www.sigre.es\/boletin\/wp-json\/wp\/v2\/pages"}],"about":[{"href":"https:\/\/www.sigre.es\/boletin\/wp-json\/wp\/v2\/types\/page"}],"author":[{"embeddable":true,"href":"https:\/\/www.sigre.es\/boletin\/wp-json\/wp\/v2\/users\/7"}],"replies":[{"embeddable":true,"href":"https:\/\/www.sigre.es\/boletin\/wp-json\/wp\/v2\/comments?post=942"}],"version-history":[{"count":0,"href":"https:\/\/www.sigre.es\/boletin\/wp-json\/wp\/v2\/pages\/942\/revisions"}],"up":[{"embeddable":true,"href":"https:\/\/www.sigre.es\/boletin\/wp-json\/wp\/v2\/pages\/936"}],"wp:attachment":[{"href":"https:\/\/www.sigre.es\/boletin\/wp-json\/wp\/v2\/media?parent=942"}],"curies":[{"name":"wp","href":"https:\/\/api.w.org\/{rel}","templated":true}]}}