{"id":941,"date":"2014-07-01T16:10:39","date_gmt":"2014-07-01T16:10:39","guid":{"rendered":"https:\/\/www.sigre.es\/boletin\/sigre-informa-48\/redes-sociales\/"},"modified":"2014-07-03T17:26:42","modified_gmt":"2014-07-03T17:26:42","slug":"redes-sociales","status":"publish","type":"page","link":"https:\/\/www.sigre.es\/boletin\/sigre-informa-48\/redes-sociales\/","title":{"rendered":"REDES SOCIALES"},"content":{"rendered":"<div id=\"fb-root\"><\/div>\n<p>Con motivo del D\u00eda Mundial del Reciclaje, que se conmemor\u00f3 el pasado 15 de mayo, SIGRE ha llevado a cabo diferentes acciones con la intenci\u00f3n de sensibilizar a los ciudadanos sobre esta acci\u00f3n tan necesaria.<\/p>\n<p>Para ello, ha difundido a trav\u00e9s de sus perfiles sociales informaci\u00f3n sobre el reciclaje, ha resuelto dudas y ha hecho un llamamiento para que todos incorporemos a nuestra vida diaria este h\u00e1bito medioambiental.<\/p>\n<p>Asimismo, SIGRE ha entrevistado en su blog corporativo a los directores de los principales Sistemas Integrados de Gesti\u00f3n (Ecoembes, Ecovidrio, SIGRE y Ecopilas), as\u00ed como a los periodistas Arturo Larena (EFEverde) y Ricardo Est\u00e9vez (Ecointeligencia.com).<\/p>\n<p>Por \u00faltimo, tambi\u00e9n se ha efectuado una encuesta, para conocer el grado de conocimiento que los ciudadanos tienen sobre el reciclado, y cuyos resultados puedes ver <a title=\"Abrir enlace en nueva ventana\" href=\"http:\/\/blogsigre.es\/2014\/06\/11\/sabemos-reciclar-correctamente\/\" target=\"_blank\">aqu\u00ed<\/a>.<\/p>\n","protected":false},"excerpt":{"rendered":"<p>Con motivo del D\u00eda Mundial del Reciclaje, que se conmemor\u00f3 el pasado 15 de mayo, SIGRE ha llevado a cabo diferentes acciones con la intenci\u00f3n de sensibilizar a los ciudadanos sobre esta acci\u00f3n tan necesaria. Para ello, ha difundido a trav\u00e9s de sus perfiles sociales informaci\u00f3n sobre el reciclaje, ha resuelto dudas y ha hecho [&hellip;]<\/p>\n","protected":false},"author":7,"featured_media":0,"parent":936,"menu_order":365,"comment_status":"open","ping_status":"open","template":"articulo1.php","meta":{"footnotes":""},"class_list":["post-941","page","type-page","status-publish","hentry"],"_links":{"self":[{"href":"https:\/\/www.sigre.es\/boletin\/wp-json\/wp\/v2\/pages\/941","targetHints":{"allow":["GET"]}}],"collection":[{"href":"https:\/\/www.sigre.es\/boletin\/wp-json\/wp\/v2\/pages"}],"about":[{"href":"https:\/\/www.sigre.es\/boletin\/wp-json\/wp\/v2\/types\/page"}],"author":[{"embeddable":true,"href":"https:\/\/www.sigre.es\/boletin\/wp-json\/wp\/v2\/users\/7"}],"replies":[{"embeddable":true,"href":"https:\/\/www.sigre.es\/boletin\/wp-json\/wp\/v2\/comments?post=941"}],"version-history":[{"count":0,"href":"https:\/\/www.sigre.es\/boletin\/wp-json\/wp\/v2\/pages\/941\/revisions"}],"up":[{"embeddable":true,"href":"https:\/\/www.sigre.es\/boletin\/wp-json\/wp\/v2\/pages\/936"}],"wp:attachment":[{"href":"https:\/\/www.sigre.es\/boletin\/wp-json\/wp\/v2\/media?parent=941"}],"curies":[{"name":"wp","href":"https:\/\/api.w.org\/{rel}","templated":true}]}}