{"id":940,"date":"2014-07-01T16:10:39","date_gmt":"2014-07-01T16:10:39","guid":{"rendered":"https:\/\/www.sigre.es\/boletin\/sigre-informa-48\/sigre-responde\/"},"modified":"2014-07-07T15:29:00","modified_gmt":"2014-07-07T15:29:00","slug":"sigre-responde","status":"publish","type":"page","link":"https:\/\/www.sigre.es\/boletin\/sigre-informa-48\/sigre-responde\/","title":{"rendered":"SIGRE RESPONDE"},"content":{"rendered":"<div id=\"fb-root\"><\/div>\n<p>El sector farmac\u00e9utico acept\u00f3 un importante compromiso al poner en marcha SIGRE y asumir de manera corresponsable la gesti\u00f3n medioambiental de los envases vac\u00edos o con residuos de medicamentos procedentes de los hogares espa\u00f1oles.<\/p>\n<p>En concordancia con la asunci\u00f3n de ese compromiso, la actuaci\u00f3n de SIGRE est\u00e1 orientada a ofrecer el mejor servicio a la sociedad y al propio sector, buscando el m\u00e1ximo est\u00e1ndar de calidad, de forma socialmente responsable y poniendo especial \u00e9nfasis en el cuidado del medio ambiente.<\/p>\n<p>Muestra de ello son estos datos:<\/p>\n<p style=\"text-align: center;\"><strong><a href=\"https:\/\/www.sigre.es\/boletin\/wp-content\/uploads\/2014\/07\/pindoles.png\"><img loading=\"lazy\" decoding=\"async\" class=\"aligncenter size-full wp-image-1116\" alt=\"pindoles\" src=\"https:\/\/www.sigre.es\/boletin\/wp-content\/uploads\/2014\/07\/pindoles.png\" width=\"640\" height=\"456\" srcset=\"https:\/\/www.sigre.es\/boletin\/wp-content\/uploads\/2014\/07\/pindoles.png 640w, https:\/\/www.sigre.es\/boletin\/wp-content\/uploads\/2014\/07\/pindoles-300x213.png 300w\" sizes=\"auto, (max-width: 640px) 100vw, 640px\" \/><\/a><br \/>\n<\/strong><\/p>\n<p>&nbsp;<\/p>\n","protected":false},"excerpt":{"rendered":"<p>El sector farmac\u00e9utico acept\u00f3 un importante compromiso al poner en marcha SIGRE y asumir de manera corresponsable la gesti\u00f3n medioambiental de los envases vac\u00edos o con residuos de medicamentos procedentes de los hogares espa\u00f1oles. En concordancia con la asunci\u00f3n de ese compromiso, la actuaci\u00f3n de SIGRE est\u00e1 orientada a ofrecer el mejor servicio a la [&hellip;]<\/p>\n","protected":false},"author":7,"featured_media":0,"parent":936,"menu_order":319,"comment_status":"open","ping_status":"open","template":"sigre-responde.php","meta":{"footnotes":""},"class_list":["post-940","page","type-page","status-publish","hentry"],"_links":{"self":[{"href":"https:\/\/www.sigre.es\/boletin\/wp-json\/wp\/v2\/pages\/940","targetHints":{"allow":["GET"]}}],"collection":[{"href":"https:\/\/www.sigre.es\/boletin\/wp-json\/wp\/v2\/pages"}],"about":[{"href":"https:\/\/www.sigre.es\/boletin\/wp-json\/wp\/v2\/types\/page"}],"author":[{"embeddable":true,"href":"https:\/\/www.sigre.es\/boletin\/wp-json\/wp\/v2\/users\/7"}],"replies":[{"embeddable":true,"href":"https:\/\/www.sigre.es\/boletin\/wp-json\/wp\/v2\/comments?post=940"}],"version-history":[{"count":0,"href":"https:\/\/www.sigre.es\/boletin\/wp-json\/wp\/v2\/pages\/940\/revisions"}],"up":[{"embeddable":true,"href":"https:\/\/www.sigre.es\/boletin\/wp-json\/wp\/v2\/pages\/936"}],"wp:attachment":[{"href":"https:\/\/www.sigre.es\/boletin\/wp-json\/wp\/v2\/media?parent=940"}],"curies":[{"name":"wp","href":"https:\/\/api.w.org\/{rel}","templated":true}]}}