{"id":8589,"date":"2023-07-17T11:01:19","date_gmt":"2023-07-17T10:01:19","guid":{"rendered":"https:\/\/www.sigre.es\/boletin\/?page_id=8589"},"modified":"2023-07-18T09:44:41","modified_gmt":"2023-07-18T08:44:41","slug":"noticia-84-6-2-2-2","status":"publish","type":"page","link":"https:\/\/www.sigre.es\/boletin\/sigre-informa-84\/noticia-84-6-2-2-2\/","title":{"rendered":"RECONOCIMIENTOS"},"content":{"rendered":"<div id=\"fb-root\"><\/div>\n<p>Nuestro mayor premio sigue siendo, sin lugar a dudas, habernos ganado la confianza de todo el sector farmac\u00e9utico en nuestro trabajo diario y nuestra aportaci\u00f3n a la sociedad. \u00bfPero a qui\u00e9n le amarga un dulce?<\/p>\n<p>Por este motivo nos sabe muy bien contar que durante estos \u00faltimos meses hemos recibido varios reconocimientos no solo a nuestra labor, sino tambi\u00e9n a la que realizan todos los agentes del sector farmac\u00e9utico, haciendo posible esta iniciativa medioambiental y sanitaria.<\/p>\n<p>Fuimos finalistas de los Premios Fundamed &amp; Wecare-u, en las categor\u00edas <strong>Mejor iniciativa sanitaria<\/strong> y <strong>Mejor campa\u00f1a socio-sanitaria<\/strong>, con las iniciativas \u201cUna sola Tierra, una sola salud\u201d y \u201cT\u00fa tienes la receta para cuidar el planeta\u201d, respectivamente.<\/p>\n<p>En materia de comunicaci\u00f3n responsable, nuestra \u00faltima de campa\u00f1a de concienciaci\u00f3n nacional acab\u00f3 tambi\u00e9n finalista de los premios OCARE en la categor\u00eda <strong>Mejor campa\u00f1a de comunicaci\u00f3n de RSC de contenido medioambiental<\/strong>.<\/p>\n<p>Por \u00faltimo, la campa\u00f1a \u201cPon al d\u00eda de tu botiqu\u00edn\u201d organizada por el Colegio Oficial de Farmac\u00e9uticos de \u00c1lava y en la que SIGRE tuvo el placer de colaborar, result\u00f3 finalista en la <strong>II Edici\u00f3n Premios a la Innovaci\u00f3n Social: Farmac\u00e9uticos y ODS<\/strong>.<\/p>\n","protected":false},"excerpt":{"rendered":"<p>Nuestro mayor premio sigue siendo, sin lugar a dudas, habernos ganado la confianza de todo el sector farmac\u00e9utico en nuestro trabajo diario y nuestra aportaci\u00f3n a la sociedad. \u00bfPero a qui\u00e9n le amarga un dulce? Por este motivo nos sabe muy bien contar que durante estos \u00faltimos meses hemos recibido varios reconocimientos no solo a [&hellip;]<\/p>\n","protected":false},"author":10,"featured_media":0,"parent":8470,"menu_order":196,"comment_status":"closed","ping_status":"closed","template":"sigre-entrevista.php","meta":{"footnotes":""},"class_list":["post-8589","page","type-page","status-publish","hentry"],"_links":{"self":[{"href":"https:\/\/www.sigre.es\/boletin\/wp-json\/wp\/v2\/pages\/8589","targetHints":{"allow":["GET"]}}],"collection":[{"href":"https:\/\/www.sigre.es\/boletin\/wp-json\/wp\/v2\/pages"}],"about":[{"href":"https:\/\/www.sigre.es\/boletin\/wp-json\/wp\/v2\/types\/page"}],"author":[{"embeddable":true,"href":"https:\/\/www.sigre.es\/boletin\/wp-json\/wp\/v2\/users\/10"}],"replies":[{"embeddable":true,"href":"https:\/\/www.sigre.es\/boletin\/wp-json\/wp\/v2\/comments?post=8589"}],"version-history":[{"count":0,"href":"https:\/\/www.sigre.es\/boletin\/wp-json\/wp\/v2\/pages\/8589\/revisions"}],"up":[{"embeddable":true,"href":"https:\/\/www.sigre.es\/boletin\/wp-json\/wp\/v2\/pages\/8470"}],"wp:attachment":[{"href":"https:\/\/www.sigre.es\/boletin\/wp-json\/wp\/v2\/media?parent=8589"}],"curies":[{"name":"wp","href":"https:\/\/api.w.org\/{rel}","templated":true}]}}