{"id":8570,"date":"2023-07-11T17:43:07","date_gmt":"2023-07-11T16:43:07","guid":{"rendered":"https:\/\/www.sigre.es\/boletin\/?page_id=8570"},"modified":"2023-07-18T09:43:22","modified_gmt":"2023-07-18T08:43:22","slug":"noticia-84-5","status":"publish","type":"page","link":"https:\/\/www.sigre.es\/boletin\/sigre-informa-84\/noticia-84-5\/","title":{"rendered":"DISTRIBUCI\u00d3N"},"content":{"rendered":"<div id=\"fb-root\"><\/div>\n<p>M\u00e1s de una treintena de representantes de las empresas de distribuci\u00f3n que colaboran con SIGRE, aportando el sistema de log\u00edstica inversa que permite la recogida de los residuos de medicamentos y sus envases, realizaron el pasado mes de abril una visita a la Planta de Clasificaci\u00f3n de SIGRE, ubicada en Tudela de Duero (Valladolid).<\/p>\n<p>Durante el recorrido a esta instalaci\u00f3n, pionera y referencia mundial en la gesti\u00f3n de los residuos de medicamentos, los visitantes pudieron observar los procesos que se llevan a cabo para la valorizaci\u00f3n de estos residuos, separando las distintas fracciones que se destinar\u00e1n a reciclado, valorizaci\u00f3n energ\u00e9tica o eliminaci\u00f3n.<\/p>\n<p>Esta visita es una muestra del compromiso de la distribuci\u00f3n con SIGRE y con un modelo de funcionamiento que apuesta por la econom\u00eda circular.<\/p>\n<p><a href=\"https:\/\/www.sigre.es\/boletin\/wp-content\/uploads\/2023\/07\/07.-Visita-distribucion-002.jpg\"><img loading=\"lazy\" decoding=\"async\" class=\"aligncenter wp-image-8670 size-full\" src=\"https:\/\/www.sigre.es\/boletin\/wp-content\/uploads\/2023\/07\/07.-Visita-distribucion-002.jpg\" alt=\"\" width=\"582\" height=\"256\" srcset=\"https:\/\/www.sigre.es\/boletin\/wp-content\/uploads\/2023\/07\/07.-Visita-distribucion-002.jpg 582w, https:\/\/www.sigre.es\/boletin\/wp-content\/uploads\/2023\/07\/07.-Visita-distribucion-002-300x132.jpg 300w\" sizes=\"auto, (max-width: 582px) 100vw, 582px\" \/><\/a><\/p>\n","protected":false},"excerpt":{"rendered":"<p>M\u00e1s de una treintena de representantes de las empresas de distribuci\u00f3n que colaboran con SIGRE, aportando el sistema de log\u00edstica inversa que permite la recogida de los residuos de medicamentos y sus envases, realizaron el pasado mes de abril una visita a la Planta de Clasificaci\u00f3n de SIGRE, ubicada en Tudela de Duero (Valladolid). Durante [&hellip;]<\/p>\n","protected":false},"author":10,"featured_media":0,"parent":8470,"menu_order":181,"comment_status":"closed","ping_status":"closed","template":"sigre-entrevista.php","meta":{"footnotes":""},"class_list":["post-8570","page","type-page","status-publish","hentry"],"_links":{"self":[{"href":"https:\/\/www.sigre.es\/boletin\/wp-json\/wp\/v2\/pages\/8570","targetHints":{"allow":["GET"]}}],"collection":[{"href":"https:\/\/www.sigre.es\/boletin\/wp-json\/wp\/v2\/pages"}],"about":[{"href":"https:\/\/www.sigre.es\/boletin\/wp-json\/wp\/v2\/types\/page"}],"author":[{"embeddable":true,"href":"https:\/\/www.sigre.es\/boletin\/wp-json\/wp\/v2\/users\/10"}],"replies":[{"embeddable":true,"href":"https:\/\/www.sigre.es\/boletin\/wp-json\/wp\/v2\/comments?post=8570"}],"version-history":[{"count":0,"href":"https:\/\/www.sigre.es\/boletin\/wp-json\/wp\/v2\/pages\/8570\/revisions"}],"up":[{"embeddable":true,"href":"https:\/\/www.sigre.es\/boletin\/wp-json\/wp\/v2\/pages\/8470"}],"wp:attachment":[{"href":"https:\/\/www.sigre.es\/boletin\/wp-json\/wp\/v2\/media?parent=8570"}],"curies":[{"name":"wp","href":"https:\/\/api.w.org\/{rel}","templated":true}]}}