{"id":8564,"date":"2023-07-11T17:42:47","date_gmt":"2023-07-11T16:42:47","guid":{"rendered":"https:\/\/www.sigre.es\/boletin\/?page_id=8564"},"modified":"2023-07-18T11:27:26","modified_gmt":"2023-07-18T10:27:26","slug":"noticia-84-2","status":"publish","type":"page","link":"https:\/\/www.sigre.es\/boletin\/sigre-informa-84\/noticia-84-2\/","title":{"rendered":"SIGRE RESPONDE"},"content":{"rendered":"<div id=\"fb-root\"><\/div>\n<p>Para las organizaciones es cada vez m\u00e1s importante comunicar con rigor y transparencia sobre aquellos temas que resultan de inter\u00e9s para sus grupos de inter\u00e9s.<\/p>\n<p>La pandemia del COVID-19 y la crisis planetaria en la que estamos inmersos han reforzado la necesidad para las compa\u00f1\u00edas de mostrar p\u00fablicamente los impactos de las compa\u00f1\u00edas en materia de ESG.<\/p>\n<p>Al igual que la \u201cS\u201d de social, la \u201cG\u201d de buena gobernanza y la \u201cE\u201d de medio ambiente (\u201cenvironmental\u201d) forman parte del nombre de SIGRE, nuestro modelo de comunicaci\u00f3n lleva ya a\u00f1os poniendo el foco en c\u00f3mo trasladar de manera veraz a nuestros stakeholders, tanto internos como externos, nuestro firme compromiso en estos tres \u00e1mbitos.<\/p>\n<p>Por ello, nos sentimos especialmente orgullosos de que, seg\u00fan nuestro \u00faltimo estudio de opini\u00f3n, el 98% de las compa\u00f1\u00edas farmac\u00e9uticas estimen que SIGRE realiza una gesti\u00f3n responsable en t\u00e9rminos ESG o que nuestra capacidad de generar confianza nos permita que la sociedad en su conjunto colabore y contribuya a hacer posible nuestra labor.<\/p>\n<p>En el proceso de construcci\u00f3n de esta confianza con nuestros grupos de inter\u00e9s, la sostenibilidad juega un papel cada vez m\u00e1s relevante y, en consecuencia, tambi\u00e9n su comunicaci\u00f3n.<\/p>\n<p>Una comunicaci\u00f3n capaz de generar alianzas y que ha permitido a SIGRE convertirse en el mayor proyecto colaborativo del sector farmac\u00e9utico en el \u00e1mbito medioambiental.<\/p>\n<p>Sirvan estas breves l\u00edneas para ahondar en el compromiso de SIGRE con la transparencia, informaci\u00f3n y di\u00e1logo con todos los que hac\u00e9is posible nuestra actividad.<\/p>\n","protected":false},"excerpt":{"rendered":"<p>Para las organizaciones es cada vez m\u00e1s importante comunicar con rigor y transparencia sobre aquellos temas que resultan de inter\u00e9s para sus grupos de inter\u00e9s. La pandemia del COVID-19 y la crisis planetaria en la que estamos inmersos han reforzado la necesidad para las compa\u00f1\u00edas de mostrar p\u00fablicamente los impactos de las compa\u00f1\u00edas en materia [&hellip;]<\/p>\n","protected":false},"author":10,"featured_media":0,"parent":8470,"menu_order":174,"comment_status":"closed","ping_status":"closed","template":"sigre-responde.php","meta":{"footnotes":""},"class_list":["post-8564","page","type-page","status-publish","hentry"],"_links":{"self":[{"href":"https:\/\/www.sigre.es\/boletin\/wp-json\/wp\/v2\/pages\/8564","targetHints":{"allow":["GET"]}}],"collection":[{"href":"https:\/\/www.sigre.es\/boletin\/wp-json\/wp\/v2\/pages"}],"about":[{"href":"https:\/\/www.sigre.es\/boletin\/wp-json\/wp\/v2\/types\/page"}],"author":[{"embeddable":true,"href":"https:\/\/www.sigre.es\/boletin\/wp-json\/wp\/v2\/users\/10"}],"replies":[{"embeddable":true,"href":"https:\/\/www.sigre.es\/boletin\/wp-json\/wp\/v2\/comments?post=8564"}],"version-history":[{"count":0,"href":"https:\/\/www.sigre.es\/boletin\/wp-json\/wp\/v2\/pages\/8564\/revisions"}],"up":[{"embeddable":true,"href":"https:\/\/www.sigre.es\/boletin\/wp-json\/wp\/v2\/pages\/8470"}],"wp:attachment":[{"href":"https:\/\/www.sigre.es\/boletin\/wp-json\/wp\/v2\/media?parent=8564"}],"curies":[{"name":"wp","href":"https:\/\/api.w.org\/{rel}","templated":true}]}}