{"id":8562,"date":"2023-07-11T17:42:37","date_gmt":"2023-07-11T16:42:37","guid":{"rendered":"https:\/\/www.sigre.es\/boletin\/?page_id=8562"},"modified":"2023-07-20T08:53:57","modified_gmt":"2023-07-20T07:53:57","slug":"noticia-84-6","status":"publish","type":"page","link":"https:\/\/www.sigre.es\/boletin\/sigre-informa-84\/noticia-84-6\/","title":{"rendered":"SENSIBILIZACI\u00d3N"},"content":{"rendered":"<div id=\"fb-root\"><\/div>\n<p style=\"text-align: left;\"><a href=\"https:\/\/www.sigre.es\/boletin\/wp-content\/uploads\/2023\/07\/08.-DM-Reciclaje-2-scaled.jpg\"><img loading=\"lazy\" decoding=\"async\" class=\"alignright wp-image-8688\" style=\"float: Right;\" src=\"https:\/\/www.sigre.es\/boletin\/wp-content\/uploads\/2023\/07\/08.-DM-Reciclaje-2-409x1024.jpg\" alt=\"\" width=\"155\" height=\"388\" srcset=\"https:\/\/www.sigre.es\/boletin\/wp-content\/uploads\/2023\/07\/08.-DM-Reciclaje-2-409x1024.jpg 409w, https:\/\/www.sigre.es\/boletin\/wp-content\/uploads\/2023\/07\/08.-DM-Reciclaje-2-120x300.jpg 120w, https:\/\/www.sigre.es\/boletin\/wp-content\/uploads\/2023\/07\/08.-DM-Reciclaje-2-768x1924.jpg 768w, https:\/\/www.sigre.es\/boletin\/wp-content\/uploads\/2023\/07\/08.-DM-Reciclaje-2-613x1536.jpg 613w, https:\/\/www.sigre.es\/boletin\/wp-content\/uploads\/2023\/07\/08.-DM-Reciclaje-2-818x2048.jpg 818w, https:\/\/www.sigre.es\/boletin\/wp-content\/uploads\/2023\/07\/08.-DM-Reciclaje-2-scaled.jpg 1022w\" sizes=\"auto, (max-width: 155px) 100vw, 155px\" \/><\/a>Hay dos d\u00edas que est\u00e1n marcados en rojo en el calendario de SIGRE: el D\u00eda Mundial del Reciclaje (17 de mayo) y el D\u00eda Mundial del Medio Ambiente (5 de junio).<\/p>\n<p style=\"text-align: left;\">Este a\u00f1o hemos celebrado estas efem\u00e9rides con un gran n\u00famero de iniciativas de comunicaci\u00f3n para recordar la importancia que tiene cuidar de la salud del planeta si queremos cuidar de nuestra propia salud; porque ambos elementos est\u00e1n \u00edntimamente relacionados y no puede haber personas sanas si viven en un planeta enfermo.<\/p>\n<p style=\"text-align: left;\">Adem\u00e1s, un a\u00f1o m\u00e1s, compartimos con el Ayuntamiento y con los vecinos de Tudela de Duero, localidad en la que se ubica la Planta de Clasificaci\u00f3n de SIGRE, distintos actos organizados para conmemorar el D\u00eda Mundial del Medio Ambiente, una fecha especial para todos aquellos a los que el medio ambiente nos ocupa y preocupa.<\/p>\n<p><a href=\"https:\/\/www.sigre.es\/boletin\/wp-content\/uploads\/2023\/07\/08.-DM-Medio-Ambiente.jpeg\"><img loading=\"lazy\" decoding=\"async\" class=\"aligncenter wp-image-8779\" src=\"https:\/\/www.sigre.es\/boletin\/wp-content\/uploads\/2023\/07\/08.-DM-Medio-Ambiente.jpeg\" alt=\"\" width=\"594\" height=\"446\" srcset=\"https:\/\/www.sigre.es\/boletin\/wp-content\/uploads\/2023\/07\/08.-DM-Medio-Ambiente.jpeg 1600w, https:\/\/www.sigre.es\/boletin\/wp-content\/uploads\/2023\/07\/08.-DM-Medio-Ambiente-300x225.jpeg 300w, https:\/\/www.sigre.es\/boletin\/wp-content\/uploads\/2023\/07\/08.-DM-Medio-Ambiente-1024x769.jpeg 1024w, https:\/\/www.sigre.es\/boletin\/wp-content\/uploads\/2023\/07\/08.-DM-Medio-Ambiente-768x576.jpeg 768w, https:\/\/www.sigre.es\/boletin\/wp-content\/uploads\/2023\/07\/08.-DM-Medio-Ambiente-1536x1153.jpeg 1536w\" sizes=\"auto, (max-width: 594px) 100vw, 594px\" \/><\/a><\/p>\n","protected":false},"excerpt":{"rendered":"<p>Hay dos d\u00edas que est\u00e1n marcados en rojo en el calendario de SIGRE: el D\u00eda Mundial del Reciclaje (17 de mayo) y el D\u00eda Mundial del Medio Ambiente (5 de junio). Este a\u00f1o hemos celebrado estas efem\u00e9rides con un gran n\u00famero de iniciativas de comunicaci\u00f3n para recordar la importancia que tiene cuidar de la salud [&hellip;]<\/p>\n","protected":false},"author":10,"featured_media":0,"parent":8470,"menu_order":182,"comment_status":"closed","ping_status":"closed","template":"sigre-entrevista.php","meta":{"footnotes":""},"class_list":["post-8562","page","type-page","status-publish","hentry"],"_links":{"self":[{"href":"https:\/\/www.sigre.es\/boletin\/wp-json\/wp\/v2\/pages\/8562","targetHints":{"allow":["GET"]}}],"collection":[{"href":"https:\/\/www.sigre.es\/boletin\/wp-json\/wp\/v2\/pages"}],"about":[{"href":"https:\/\/www.sigre.es\/boletin\/wp-json\/wp\/v2\/types\/page"}],"author":[{"embeddable":true,"href":"https:\/\/www.sigre.es\/boletin\/wp-json\/wp\/v2\/users\/10"}],"replies":[{"embeddable":true,"href":"https:\/\/www.sigre.es\/boletin\/wp-json\/wp\/v2\/comments?post=8562"}],"version-history":[{"count":0,"href":"https:\/\/www.sigre.es\/boletin\/wp-json\/wp\/v2\/pages\/8562\/revisions"}],"up":[{"embeddable":true,"href":"https:\/\/www.sigre.es\/boletin\/wp-json\/wp\/v2\/pages\/8470"}],"wp:attachment":[{"href":"https:\/\/www.sigre.es\/boletin\/wp-json\/wp\/v2\/media?parent=8562"}],"curies":[{"name":"wp","href":"https:\/\/api.w.org\/{rel}","templated":true}]}}