{"id":8473,"date":"2023-07-11T16:18:09","date_gmt":"2023-07-11T15:18:09","guid":{"rendered":"https:\/\/www.sigre.es\/boletin\/?page_id=8473"},"modified":"2023-07-18T09:32:50","modified_gmt":"2023-07-18T08:32:50","slug":"entrevista-84","status":"publish","type":"page","link":"https:\/\/www.sigre.es\/boletin\/sigre-informa-84\/entrevista-84\/","title":{"rendered":"ENTREVISTA"},"content":{"rendered":"<div id=\"fb-root\"><\/div>\n<p><strong>Nos encontramos a medio camino de la fecha marcada para lograr los Objetivos de Desarrollo Sostenible (ODS). \u00bfC\u00f3mo contribuye la industria farmac\u00e9utica a estos objetivos planteados por Naciones Unidas para 2030?<\/strong><\/p>\n<p>La industria farmac\u00e9utica trabaja para mejorar la salud y la calidad de vida de las personas y fomenta un modelo econ\u00f3mico basado en el empleo cualificado, la investigaci\u00f3n, el desarrollo y la innovaci\u00f3n. Por ello, es uno de los sectores clave a escala global a la hora de lograr que en 2030 los ODS sean una realidad. As\u00ed, el sector contribuye espec\u00edficamente a 6 de los 17 Objetivos fijados por la ONU. Est\u00e1 plenamente implicado en el Objetivo 3, dedicado a Salud y Bienestar, puesto que los nuevos medicamentos son responsables del 73% del aumento de la esperanza de vida lograda en las \u00faltimas d\u00e9cadas. La actividad del sector farmac\u00e9utico ha hecho posible progresos antes impensables en el abordaje de las enfermedades m\u00e1s graves y prevalentes, logrando en algunos casos la curaci\u00f3n, como ha ocurrido con la hepatitis C, y en otros muchos, el control de los s\u00edntomas y la cronicidad de patolog\u00edas que eran mortales, como es el caso del sida.<\/p>\n<p>Tambi\u00e9n las compa\u00f1\u00edas contribuyen al quinto ODS, Igualdad de G\u00e9nero, de manera m\u00e1s que destacada. Al margen de los programas dedicados a la igualdad y diversidad, la conciliaci\u00f3n laboral, el acoso y la violencia de g\u00e9nero en cada compa\u00f1\u00eda de forma individual, el sector presenta uno de los \u00edndices m\u00e1s altos de presencia femenina en puestos directivos (44,8% de mujeres en los comit\u00e9s de direcci\u00f3n y un 20,3% de mujeres CEO). Tambi\u00e9n es muy destacable la presencia femenina en una de las \u00e1reas m\u00e1s cr\u00edticas para el sector, como es la I+D, donde dos de cada tres puestos est\u00e1n ocupados por mujeres, seg\u00fan los datos de la \u00faltima <a href=\"https:\/\/www.farmaindustria.es\/web\/prensa\/notas-de-prensa\/2022\/02\/16\/la-industria-farmaceutica-consolida-un-crecimiento-anual-del-2-en-empleo-que-es-estable-cualificado-e-igualitario\/\" target=\"_blank\" rel=\"noopener\"><em>Encuesta de Empleo de Farmaindustria<\/em><\/a>.<\/p>\n<p>Otro de los objetivos donde es m\u00e1s relevante la contribuci\u00f3n de la industria farmac\u00e9utica es el octavo, que persigue promover el crecimiento econ\u00f3mico. La industria farmac\u00e9utica, como l\u00edder en inversiones en I+D y en empleo de calidad, constituye uno de los sectores tractores para las econom\u00edas desarrolladas y tenemos las cifras que lo apoyan: 1.267 millones de euros de inversi\u00f3n en I+D (20% del total de toda la industria); sector industrial con m\u00e1s personal investigador (m\u00e1s de 6.000 personas); produce por valor de 17.500 millones; 103 plantas de fabricaci\u00f3n de medicamentos de uso humano en Espa\u00f1a; exportaciones por valor de casi 27.000 millones de euros, y m\u00e1s 60.000 afiliados a la Seguridad Social en el primer cuatrimestre.<\/p>\n<p>En la misma l\u00ednea que el anterior, el Objetivo 9 se centra tambi\u00e9n en la vertiente econ\u00f3mica y productiva, destacando la importancia de las infraestructuras de calidad, la contribuci\u00f3n de la industria al empleo de calidad (93% indefinido), el aumento de la investigaci\u00f3n cient\u00edfica y la mejora de la capacidad tecnol\u00f3gica, se\u00f1as de identidad todas ellas de la industria farmac\u00e9utica. El Objetivo 12, de Producci\u00f3n y Consumo Responsables, tambi\u00e9n forma parte de las actuaciones de la industria farmac\u00e9utica en Espa\u00f1a, en la medida en que es el principal impulsor de SIGRE, una entidad sin \u00e1nimo de lucro cuya actividad se centra en el reciclaje y tratamiento medioambiental de envases y residuos de medicamentos.<\/p>\n<p>El \u00faltimo de los Objetivos de Desarrollo Sostenible se centra en uno de los \u00e1mbitos m\u00e1s destacables para la industria farmac\u00e9utica: la capacidad de lograr alianzas para alcanzar objetivos conjuntos, una forma de actuar que es habitual en el sector tanto en el terreno de la I+D como en el de la sostenibilidad y la cooperaci\u00f3n con pa\u00edses en v\u00edas de desarrollo (Objetivo 17).<\/p>\n<p>Como ve, de ah\u00ed mi extensa respuesta, \u00e9ste un sector comprometido y consciente de que a\u00fan queda mucho por hacer hasta 2030 y en los a\u00f1os sucesivos. Aunque los cimientos est\u00e1n puestos.<\/p>\n<p>&nbsp;<\/p>\n<p><strong>Cada vez existe una mayor comprensi\u00f3n sobre c\u00f3mo afecta el medio ambiente a la salud dentro del concepto hol\u00edstico \u201cOne Health\u201d. \u00bfCu\u00e1les con las bases del compromiso de la industria farmac\u00e9utica con el medio ambiente?<\/strong><\/p>\n<p>Prevenci\u00f3n, gesti\u00f3n de los residuos y concienciaci\u00f3n ciudadana son las tres l\u00edneas b\u00e1sicas en las que se centra la actuaci\u00f3n de las compa\u00f1\u00edas farmac\u00e9uticas para la protecci\u00f3n de nuestro entorno. Sobre la prevenci\u00f3n, me gustar\u00eda destacar que uno de cada tres productos que se comercializan en Espa\u00f1a incorpora ya mejoras para la protecci\u00f3n del medio ambiente; se ha reducido en m\u00e1s de un 25% la cantidad de embalaje por unidad, y ya son m\u00e1s de 3.000 las mejoras ambientales que la industria farmac\u00e9utica ha aplicado a sus envases.<\/p>\n<p>En segundo lugar, las compa\u00f1\u00edas farmac\u00e9uticas est\u00e1n volcadas en la gesti\u00f3n medioambiental de los restos de medicamentos y envases, consistente en la recogida, clasificaci\u00f3n, tratamiento, reciclaje, valorizaci\u00f3n o eliminaci\u00f3n de residuos basada en la normativa europea en una planta puntera ubicada en Tudela de Duero (Valladolid). Y, en tercer lugar, el trabajo de concienciaci\u00f3n: ya el 86% de los hogares espa\u00f1oles recicla los medicamentos. Y todo ello, a trav\u00e9s de SIGRE, una iniciativa pionera, social y medioambientalmente responsable, que fue puesta en marcha hace 22 a\u00f1os por la industria farmac\u00e9utica, en colaboraci\u00f3n con las farmacias y la distribuci\u00f3n.<\/p>\n<p>Adem\u00e1s, la sostenibilidad medioambiental de las plantas de producci\u00f3n ha sido otra gran prioridad en los \u00faltimos a\u00f1os en el sector; de hecho, la industria farmac\u00e9utica es una de las industrias m\u00e1s sensibles y desarrolladas en este campo, como demuestra que la ratio de consumo de energ\u00eda por empleado se ha reducido m\u00e1s de un 8% en los \u00faltimos tres a\u00f1os. Asimismo, las plantas industriales est\u00e1n tomando conciencia de la importancia de garantizar el origen de la energ\u00eda que consumen: el sector alcanza casi el 70% de su energ\u00eda con garant\u00eda de origen renovable.<\/p>\n<p>&nbsp;<\/p>\n<p><strong>La industria farmac\u00e9utica innovadora siempre se ha caracterizado por la b\u00fasqueda de alianzas para afrontar con \u00e9xito nuevos desaf\u00edos. Un claro ejemplo de alianza sectorial es SIGRE. Tras m\u00e1s de dos d\u00e9cadas de funcionamiento, \u00bfc\u00f3mo valora los logros alcanzados con esta iniciativa medioambiental?<\/strong><\/p>\n<p>En primer lugar, quiero destacar que SIGRE es una historia de \u00e9xito, basada en un proyecto pionero e innovador, en l\u00ednea con la esencia de la industria farmac\u00e9utica. Su labor ha situado a Espa\u00f1a como referente internacional en la recogida y reciclado de los medicamentos y sus envases. Tras m\u00e1s de 20 a\u00f1os de trabajo, calculamos que se ha logrado evitar la tala de m\u00e1s de 165.000 \u00e1rboles y ahorrar m\u00e1s de 350 millones de kW\/hora, m\u00e1s de 300 millones de litros de agua y alrededor de 55 millones de litros de petr\u00f3leo.<\/p>\n<p>Son s\u00f3lo algunas cifras destacadas que debemos seguir mejorando, pero que son la muestra de que el sector farmac\u00e9utico es una industria sostenible, que permite cerrar ordenadamente el ciclo de vida del medicamento, y consolida un modelo eficiente, en el que la sostenibilidad y el beneficio del conjunto de la sociedad son los vectores que marcan los \u00e1mbitos de actuaci\u00f3n de este sector.<\/p>\n<p><strong>\u00a0<\/strong><\/p>\n<p><strong>Hablando de nuevos desaf\u00edos, recientemente se ha aprobado el Real Decreto 1055\/2022, de envases y residuos de envases, que incluyen nuevas obligaciones que afectan de forma directa a las compa\u00f1\u00edas farmac\u00e9uticas, entre las que destaca la exigencia de organizar y financiar la gesti\u00f3n de los envases comerciales e industriales. \u00bfC\u00f3mo est\u00e1 organizando la industria el cumplimiento de estas nuevas obligaciones?<\/strong><\/p>\n<p>El reto para todo el sector empresarial espa\u00f1ol es muy grande; se estima que se generan unos 8 millones de toneladas anuales de residuos de envases comerciales e industriales, con un coste de gesti\u00f3n de unos 2.000 millones de euros. Para nuestro sector el reto se cifra en unas 35.000 toneladas al a\u00f1o, similar a la que ahora se gestiona para residuos de envases dom\u00e9sticos, pero con una tipolog\u00eda m\u00e1s variada (envases inmediatos, externos, de agrupaci\u00f3n y de transporte), y con m\u00e1s de 150.000 puntos generadores de estos residuos.<\/p>\n<p>SIGRE viene trabajando desde hace meses para apoyar a las compa\u00f1\u00edas farmac\u00e9uticas ante este nuevo escenario y proponer la mejor manera de abordar colectivamente este reto. Considero que la ampliaci\u00f3n de SIGRE representa la mejor alternativa para organizar y financiar la gesti\u00f3n de los residuos de envases comerciales. Porque no hay certeza de que otro sistema intersectorial re\u00fana las condiciones necesarias para hacerse responsable \u00fanico de la gesti\u00f3n de estos residuos: la industria no puede depender de decisiones de terceros y poner en riesgo el cumplimiento de estas nuevas obligaciones legales.<\/p>\n<p><strong>\u00a0<\/strong><\/p>\n","protected":false},"excerpt":{"rendered":"<p>Nos encontramos a medio camino de la fecha marcada para lograr los Objetivos de Desarrollo Sostenible (ODS). \u00bfC\u00f3mo contribuye la industria farmac\u00e9utica a estos objetivos planteados por Naciones Unidas para 2030? La industria farmac\u00e9utica trabaja para mejorar la salud y la calidad de vida de las personas y fomenta un modelo econ\u00f3mico basado en el [&hellip;]<\/p>\n","protected":false},"author":10,"featured_media":0,"parent":8470,"menu_order":153,"comment_status":"closed","ping_status":"closed","template":"sigre-entrevista.php","meta":{"footnotes":""},"class_list":["post-8473","page","type-page","status-publish","hentry"],"_links":{"self":[{"href":"https:\/\/www.sigre.es\/boletin\/wp-json\/wp\/v2\/pages\/8473","targetHints":{"allow":["GET"]}}],"collection":[{"href":"https:\/\/www.sigre.es\/boletin\/wp-json\/wp\/v2\/pages"}],"about":[{"href":"https:\/\/www.sigre.es\/boletin\/wp-json\/wp\/v2\/types\/page"}],"author":[{"embeddable":true,"href":"https:\/\/www.sigre.es\/boletin\/wp-json\/wp\/v2\/users\/10"}],"replies":[{"embeddable":true,"href":"https:\/\/www.sigre.es\/boletin\/wp-json\/wp\/v2\/comments?post=8473"}],"version-history":[{"count":0,"href":"https:\/\/www.sigre.es\/boletin\/wp-json\/wp\/v2\/pages\/8473\/revisions"}],"up":[{"embeddable":true,"href":"https:\/\/www.sigre.es\/boletin\/wp-json\/wp\/v2\/pages\/8470"}],"wp:attachment":[{"href":"https:\/\/www.sigre.es\/boletin\/wp-json\/wp\/v2\/media?parent=8473"}],"curies":[{"name":"wp","href":"https:\/\/api.w.org\/{rel}","templated":true}]}}