{"id":817,"date":"2014-03-26T16:52:30","date_gmt":"2014-03-26T16:52:30","guid":{"rendered":"https:\/\/www.sigre.es\/boletin\/sigre-informa-47\/jornadas-y-congresos\/"},"modified":"2014-03-27T19:19:25","modified_gmt":"2014-03-27T19:19:25","slug":"jornadas-y-congresos","status":"publish","type":"page","link":"https:\/\/www.sigre.es\/boletin\/sigre-informa-47\/jornadas-y-congresos\/","title":{"rendered":"CONGRESOS Y JORNADAS"},"content":{"rendered":"<div id=\"fb-root\"><\/div>\n<p>En los \u00faltimos meses, SIGRE ha participado en numerosos foros profesionales de \u00e1mbito nacional e internacional relacionados con el medio ambiente y la responsabilidad social.<\/p>\n<p>En enero, SIGRE particip\u00f3 en la reuni\u00f3n del Consejo Rector de la Plataforma Tecnol\u00f3gica Espa\u00f1ola de Envase y Embalaje (Packnet) y organiz\u00f3 dos Sesiones Formativas para explicar el funcionamiento del Formulario SIGRELAB vers. 4.0. Web, la aplicaci\u00f3n inform\u00e1tica creada para que los laboratorios puedan presentar a SIGRE la Declaraci\u00f3n de Empresa. Estas sesiones, en las que participaron 87 representantes de laboratorios adheridos, sirvieron para revisar la informaci\u00f3n que las compa\u00f1\u00edas farmac\u00e9uticas deben facilitar a SIGRE en relaci\u00f3n con los productos que hayan puesto en el mercado espa\u00f1ol, para dar as\u00ed cumplimiento a la normativa de envases vigente.<\/p>\n<p style=\"text-align: center;\"><a href=\"https:\/\/www.sigre.es\/boletin\/wp-content\/uploads\/2014\/03\/Jornada-Sigrelab-17.01.14-001.jpg\"><img loading=\"lazy\" decoding=\"async\" class=\"aligncenter  wp-image-874\" alt=\"Jornada Sigrelab (17.01.14) 001\" src=\"https:\/\/www.sigre.es\/boletin\/wp-content\/uploads\/2014\/03\/Jornada-Sigrelab-17.01.14-001.jpg\" width=\"382\" height=\"286\" srcset=\"https:\/\/www.sigre.es\/boletin\/wp-content\/uploads\/2014\/03\/Jornada-Sigrelab-17.01.14-001.jpg 1060w, https:\/\/www.sigre.es\/boletin\/wp-content\/uploads\/2014\/03\/Jornada-Sigrelab-17.01.14-001-300x225.jpg 300w, https:\/\/www.sigre.es\/boletin\/wp-content\/uploads\/2014\/03\/Jornada-Sigrelab-17.01.14-001-1024x768.jpg 1024w\" sizes=\"auto, (max-width: 382px) 100vw, 382px\" \/><\/a><\/p>\n<p>En febrero, SIGRE estuvo presente en la reuni\u00f3n del Comit\u00e9 Ejecutivo de la Red Espa\u00f1ola del Pacto Mundial, en la que se aprob\u00f3 el Plan Estrat\u00e9gico de esta organizaci\u00f3n para el ejercicio 2014, y en la reuni\u00f3n de la Red Environmental, Health and Safety de la European Federation of Pharmaceutical Industries and Associations (EFPIA), donde se abordaron las principales retos medioambientales que afronta el sector. Asimismo, se visit\u00f3 la feria Pharmapack Europe, Drug Delivery &amp; Packaging, celebrada en Par\u00eds.<\/p>\n<p>Durante el mes de marzo, adem\u00e1s de asistir al V Foro sobre la Gesti\u00f3n de Residuos Industriales, organizado por la Asociaci\u00f3n de Empresas Gestoras de Residuos y Recursos Especiales (ASEGRE), SIGRE particip\u00f3 en la reuni\u00f3n de la Junta Directiva del Club Espa\u00f1ol del Medio Ambiente y en la Comisi\u00f3n de Desarrollo Sostenible y Medio Ambiente de la CEOE.<\/p>\n<p style=\"text-align: center;\">\n","protected":false},"excerpt":{"rendered":"<p>En los \u00faltimos meses, SIGRE ha participado en numerosos foros profesionales de \u00e1mbito nacional e internacional relacionados con el medio ambiente y la responsabilidad social. En enero, SIGRE particip\u00f3 en la reuni\u00f3n del Consejo Rector de la Plataforma Tecnol\u00f3gica Espa\u00f1ola de Envase y Embalaje (Packnet) y organiz\u00f3 dos Sesiones Formativas para explicar el funcionamiento del [&hellip;]<\/p>\n","protected":false},"author":7,"featured_media":0,"parent":696,"menu_order":419,"comment_status":"open","ping_status":"open","template":"articulo1.php","meta":{"footnotes":""},"class_list":["post-817","page","type-page","status-publish","hentry"],"_links":{"self":[{"href":"https:\/\/www.sigre.es\/boletin\/wp-json\/wp\/v2\/pages\/817","targetHints":{"allow":["GET"]}}],"collection":[{"href":"https:\/\/www.sigre.es\/boletin\/wp-json\/wp\/v2\/pages"}],"about":[{"href":"https:\/\/www.sigre.es\/boletin\/wp-json\/wp\/v2\/types\/page"}],"author":[{"embeddable":true,"href":"https:\/\/www.sigre.es\/boletin\/wp-json\/wp\/v2\/users\/7"}],"replies":[{"embeddable":true,"href":"https:\/\/www.sigre.es\/boletin\/wp-json\/wp\/v2\/comments?post=817"}],"version-history":[{"count":0,"href":"https:\/\/www.sigre.es\/boletin\/wp-json\/wp\/v2\/pages\/817\/revisions"}],"up":[{"embeddable":true,"href":"https:\/\/www.sigre.es\/boletin\/wp-json\/wp\/v2\/pages\/696"}],"wp:attachment":[{"href":"https:\/\/www.sigre.es\/boletin\/wp-json\/wp\/v2\/media?parent=817"}],"curies":[{"name":"wp","href":"https:\/\/api.w.org\/{rel}","templated":true}]}}