{"id":7589,"date":"2022-10-06T10:27:33","date_gmt":"2022-10-06T09:27:33","guid":{"rendered":"https:\/\/www.sigre.es\/boletin\/?page_id=7589"},"modified":"2022-10-06T15:32:59","modified_gmt":"2022-10-06T14:32:59","slug":"medios-81","status":"publish","type":"page","link":"https:\/\/www.sigre.es\/boletin\/sigre-informa-81\/medios-81\/","title":{"rendered":"MEDIOS DE COMUNICACI\u00d3N"},"content":{"rendered":"<div id=\"fb-root\"><\/div>\n<p>El ecodise\u00f1o en los envases de los medicamentos est\u00e1 siendo noticia de actualidad para numerosos medios tanto generalistas como sectoriales, permitiendo acercar a un p\u00fablico variado los esfuerzos de la industria farmac\u00e9utica en este campo.<\/p>\n<p>Un esfuerzo que pone en relieve el compromiso de las compa\u00f1\u00edas farmac\u00e9uticas con la sostenibilidad ambiental y con un modelo econ\u00f3mico m\u00e1s sostenible.<\/p>\n<p>As\u00ed, los art\u00edculos publicados recientemente en medios tan diversos como <a href=\"https:\/\/www.elespanol.com\/eventos\/observatorio-de-la-sanidad\/20220928\/salud-sostenibilidad-innovacion-no-sirve-beneficio-paciente\/706679443_0.html\" target=\"_blank\" rel=\"noopener\">El Espa\u00f1ol<\/a>, <a href=\"https:\/\/revistas.eleconomista.es\/agua\/2022\/octubre\/sigre-se-consolida-como-motor-del-ecodiseno-en-el-sector-farmaceutico-IL12196394\" target=\"_blank\" rel=\"noopener\">El Economista<\/a> o <a href=\"https:\/\/www.diariomedico.com\/farmacia\/industria\/empresas\/los-envases-de-medicamentos-adelgazan-un-25-para-conservar-el-planeta.html\" target=\"_blank\" rel=\"noopener\">Correo Farmac\u00e9utico<\/a> resaltan c\u00f3mo la industria farmac\u00e9utica en Espa\u00f1a ha sido pionera en la integraci\u00f3n de los principios de la econom\u00eda circular para lograr un uso m\u00e1s eficiente de los materiales, seleccionar los menos da\u00f1inos para el medio ambiente y maximizar la eficiencia de todos los procesos de fabricaci\u00f3n, reduciendo la generaci\u00f3n de residuos o el consumo de energ\u00eda.<\/p>\n<p>Adem\u00e1s, destacan c\u00f3mo SIGRE se ha convertido en un modelo de \u00e9xito de todo el sector farmac\u00e9utico y en general de la sociedad, al haber conseguido que el reciclado de los medicamentos y sus envases se haya consolidado como una pr\u00e1ctica habitual en los hogares espa\u00f1oles.<\/p>\n<p><a href=\"https:\/\/www.sigre.es\/boletin\/wp-content\/uploads\/2022\/10\/10.-texto-magen5.jpg\"><img loading=\"lazy\" decoding=\"async\" class=\"size-full wp-image-7677 aligncenter\" src=\"https:\/\/www.sigre.es\/boletin\/wp-content\/uploads\/2022\/10\/10.-texto-magen5.jpg\" alt=\"\" width=\"743\" height=\"429\" srcset=\"https:\/\/www.sigre.es\/boletin\/wp-content\/uploads\/2022\/10\/10.-texto-magen5.jpg 743w, https:\/\/www.sigre.es\/boletin\/wp-content\/uploads\/2022\/10\/10.-texto-magen5-300x173.jpg 300w\" sizes=\"auto, (max-width: 743px) 100vw, 743px\" \/><\/a><\/p>\n<p>&nbsp;<\/p>\n<p>&nbsp;<\/p>\n<p>&nbsp;<\/p>\n<p>&nbsp;<\/p>\n<p>&nbsp;<\/p>\n<p>&nbsp;<\/p>\n<p>&nbsp;<\/p>\n","protected":false},"excerpt":{"rendered":"<p>El ecodise\u00f1o en los envases de los medicamentos est\u00e1 siendo noticia de actualidad para numerosos medios tanto generalistas como sectoriales, permitiendo acercar a un p\u00fablico variado los esfuerzos de la industria farmac\u00e9utica en este campo. Un esfuerzo que pone en relieve el compromiso de las compa\u00f1\u00edas farmac\u00e9uticas con la sostenibilidad ambiental y con un modelo [&hellip;]<\/p>\n","protected":false},"author":10,"featured_media":0,"parent":7437,"menu_order":203,"comment_status":"closed","ping_status":"closed","template":"sigre-entrevista.php","meta":{"footnotes":""},"class_list":["post-7589","page","type-page","status-publish","hentry"],"_links":{"self":[{"href":"https:\/\/www.sigre.es\/boletin\/wp-json\/wp\/v2\/pages\/7589","targetHints":{"allow":["GET"]}}],"collection":[{"href":"https:\/\/www.sigre.es\/boletin\/wp-json\/wp\/v2\/pages"}],"about":[{"href":"https:\/\/www.sigre.es\/boletin\/wp-json\/wp\/v2\/types\/page"}],"author":[{"embeddable":true,"href":"https:\/\/www.sigre.es\/boletin\/wp-json\/wp\/v2\/users\/10"}],"replies":[{"embeddable":true,"href":"https:\/\/www.sigre.es\/boletin\/wp-json\/wp\/v2\/comments?post=7589"}],"version-history":[{"count":0,"href":"https:\/\/www.sigre.es\/boletin\/wp-json\/wp\/v2\/pages\/7589\/revisions"}],"up":[{"embeddable":true,"href":"https:\/\/www.sigre.es\/boletin\/wp-json\/wp\/v2\/pages\/7437"}],"wp:attachment":[{"href":"https:\/\/www.sigre.es\/boletin\/wp-json\/wp\/v2\/media?parent=7589"}],"curies":[{"name":"wp","href":"https:\/\/api.w.org\/{rel}","templated":true}]}}