{"id":7559,"date":"2022-10-06T09:54:43","date_gmt":"2022-10-06T08:54:43","guid":{"rendered":"https:\/\/www.sigre.es\/boletin\/?page_id=7559"},"modified":"2022-10-06T11:37:08","modified_gmt":"2022-10-06T10:37:08","slug":"medios-2","status":"publish","type":"page","link":"https:\/\/www.sigre.es\/boletin\/sigre-informa-81\/medios-2\/","title":{"rendered":"SENSIBILIZACI\u00d3N"},"content":{"rendered":"<div id=\"fb-root\"><\/div>\n<p>El Ministerio de Sanidad acaba de editar <a href=\"https:\/\/seguridaddelpaciente.es\/es\/practicas-seguras\/5-Momentos-clave-medicamento\/\" target=\"_blank\" rel=\"noopener\">una serie de materiales<\/a> que muestran las preguntas que deben realizarse los pacientes, familiares o cuidadores -junto con sus profesionales sanitarios- para conocer y utilizar adecuadamente los medicamentos que toman.<\/p>\n<p>Estos materiales son una adaptaci\u00f3n de la herramienta de la Organizaci\u00f3n Mundial de la Salud \u00a0\u201c5 Momentos para la utilizaci\u00f3n segura de los medicamentos\u201d.<\/p>\n<p>Esta herramienta define los siguientes momentos: antes de comenzar a tomar un medicamento, cuando se toma, al a\u00f1adir otro medicamento, al revisar la medicaci\u00f3n y antes de finalizar un tratamiento. Cada momento, a su vez, contiene 5 preguntas cr\u00edticas, algunas de las cuales son autorreflexivas para el paciente y otras requieren el apoyo del profesional sanitario para responderlas apropiadamente.<\/p>\n<p>Dentro de estas preguntas cr\u00edticas se plantea qu\u00e9 debemos hacer con los medicamentos que nos hayan sobrado o que est\u00e9n caducados, promovi\u00e9ndose el uso del Punto SIGRE para garantizar el correcto cierre del ciclo de vida del medicamento y su envase.<\/p>\n<p><a href=\"https:\/\/www.sigre.es\/boletin\/wp-content\/uploads\/2022\/10\/Actualidad-81-2.jpg\"><img loading=\"lazy\" decoding=\"async\" class=\"aligncenter wp-image-7565 size-large\" src=\"https:\/\/www.sigre.es\/boletin\/wp-content\/uploads\/2022\/10\/Actualidad-81-2-1024x683.jpg\" alt=\"Momento Clave\" width=\"1024\" height=\"683\" srcset=\"https:\/\/www.sigre.es\/boletin\/wp-content\/uploads\/2022\/10\/Actualidad-81-2-1024x683.jpg 1024w, https:\/\/www.sigre.es\/boletin\/wp-content\/uploads\/2022\/10\/Actualidad-81-2-300x200.jpg 300w, https:\/\/www.sigre.es\/boletin\/wp-content\/uploads\/2022\/10\/Actualidad-81-2-768x512.jpg 768w, https:\/\/www.sigre.es\/boletin\/wp-content\/uploads\/2022\/10\/Actualidad-81-2.jpg 1200w\" sizes=\"auto, (max-width: 1024px) 100vw, 1024px\" \/><\/a><\/p>\n<p>&nbsp;<\/p>\n<p>&nbsp;<\/p>\n<p>&nbsp;<\/p>\n","protected":false},"excerpt":{"rendered":"<p>El Ministerio de Sanidad acaba de editar una serie de materiales que muestran las preguntas que deben realizarse los pacientes, familiares o cuidadores -junto con sus profesionales sanitarios- para conocer y utilizar adecuadamente los medicamentos que toman. Estos materiales son una adaptaci\u00f3n de la herramienta de la Organizaci\u00f3n Mundial de la Salud \u00a0\u201c5 Momentos para [&hellip;]<\/p>\n","protected":false},"author":10,"featured_media":0,"parent":7437,"menu_order":198,"comment_status":"closed","ping_status":"closed","template":"sigre-entrevista.php","meta":{"footnotes":""},"class_list":["post-7559","page","type-page","status-publish","hentry"],"_links":{"self":[{"href":"https:\/\/www.sigre.es\/boletin\/wp-json\/wp\/v2\/pages\/7559","targetHints":{"allow":["GET"]}}],"collection":[{"href":"https:\/\/www.sigre.es\/boletin\/wp-json\/wp\/v2\/pages"}],"about":[{"href":"https:\/\/www.sigre.es\/boletin\/wp-json\/wp\/v2\/types\/page"}],"author":[{"embeddable":true,"href":"https:\/\/www.sigre.es\/boletin\/wp-json\/wp\/v2\/users\/10"}],"replies":[{"embeddable":true,"href":"https:\/\/www.sigre.es\/boletin\/wp-json\/wp\/v2\/comments?post=7559"}],"version-history":[{"count":0,"href":"https:\/\/www.sigre.es\/boletin\/wp-json\/wp\/v2\/pages\/7559\/revisions"}],"up":[{"embeddable":true,"href":"https:\/\/www.sigre.es\/boletin\/wp-json\/wp\/v2\/pages\/7437"}],"wp:attachment":[{"href":"https:\/\/www.sigre.es\/boletin\/wp-json\/wp\/v2\/media?parent=7559"}],"curies":[{"name":"wp","href":"https:\/\/api.w.org\/{rel}","templated":true}]}}