{"id":7547,"date":"2022-10-06T09:38:59","date_gmt":"2022-10-06T08:38:59","guid":{"rendered":"https:\/\/www.sigre.es\/boletin\/?page_id=7547"},"modified":"2022-10-06T12:33:16","modified_gmt":"2022-10-06T11:33:16","slug":"informe-81","status":"publish","type":"page","link":"https:\/\/www.sigre.es\/boletin\/sigre-informa-81\/informe-81\/","title":{"rendered":"INFORME DE RESULTADOS"},"content":{"rendered":"<div id=\"fb-root\"><\/div>\n<p>Seg\u00fan se recoge en nuestro Informe Semestral de Actividades 2022, los residuos que los ciudadanos depositan en los Puntos SIGRE de la farmacia han aumentado un 7,8%.<\/p>\n<p>De esta forma, se ha recogido una media de 105,48 gramos por habitante y a\u00f1o de envases vac\u00edos o con restos de medicamentos, lo que supone un incremento de ocho puntos respecto al mismo per\u00edodo de 2021.<\/p>\n<p>Con estos datos se superan los niveles de recogida previos a la pandemia y se constata, una vez m\u00e1s, que el reciclaje de medicamentos sigue consolid\u00e1ndose como una pr\u00e1ctica medioambiental muy extendida en la sociedad espa\u00f1ola.<\/p>\n<p><a href=\"https:\/\/www.sigre.es\/boletin\/wp-content\/uploads\/2022\/10\/Actualidad-81-6.jpg\"><img loading=\"lazy\" decoding=\"async\" class=\"size-full wp-image-7666 aligncenter\" src=\"https:\/\/www.sigre.es\/boletin\/wp-content\/uploads\/2022\/10\/Actualidad-81-6.jpg\" alt=\"\" width=\"800\" height=\"700\" srcset=\"https:\/\/www.sigre.es\/boletin\/wp-content\/uploads\/2022\/10\/Actualidad-81-6.jpg 800w, https:\/\/www.sigre.es\/boletin\/wp-content\/uploads\/2022\/10\/Actualidad-81-6-300x263.jpg 300w, https:\/\/www.sigre.es\/boletin\/wp-content\/uploads\/2022\/10\/Actualidad-81-6-768x672.jpg 768w\" sizes=\"auto, (max-width: 800px) 100vw, 800px\" \/><\/a><\/p>\n","protected":false},"excerpt":{"rendered":"<p>Seg\u00fan se recoge en nuestro Informe Semestral de Actividades 2022, los residuos que los ciudadanos depositan en los Puntos SIGRE de la farmacia han aumentado un 7,8%. De esta forma, se ha recogido una media de 105,48 gramos por habitante y a\u00f1o de envases vac\u00edos o con restos de medicamentos, lo que supone un incremento [&hellip;]<\/p>\n","protected":false},"author":10,"featured_media":0,"parent":7437,"menu_order":196,"comment_status":"closed","ping_status":"closed","template":"sigre-entrevista.php","meta":{"footnotes":""},"class_list":["post-7547","page","type-page","status-publish","hentry"],"_links":{"self":[{"href":"https:\/\/www.sigre.es\/boletin\/wp-json\/wp\/v2\/pages\/7547","targetHints":{"allow":["GET"]}}],"collection":[{"href":"https:\/\/www.sigre.es\/boletin\/wp-json\/wp\/v2\/pages"}],"about":[{"href":"https:\/\/www.sigre.es\/boletin\/wp-json\/wp\/v2\/types\/page"}],"author":[{"embeddable":true,"href":"https:\/\/www.sigre.es\/boletin\/wp-json\/wp\/v2\/users\/10"}],"replies":[{"embeddable":true,"href":"https:\/\/www.sigre.es\/boletin\/wp-json\/wp\/v2\/comments?post=7547"}],"version-history":[{"count":0,"href":"https:\/\/www.sigre.es\/boletin\/wp-json\/wp\/v2\/pages\/7547\/revisions"}],"up":[{"embeddable":true,"href":"https:\/\/www.sigre.es\/boletin\/wp-json\/wp\/v2\/pages\/7437"}],"wp:attachment":[{"href":"https:\/\/www.sigre.es\/boletin\/wp-json\/wp\/v2\/media?parent=7547"}],"curies":[{"name":"wp","href":"https:\/\/api.w.org\/{rel}","templated":true}]}}