{"id":7537,"date":"2022-10-06T09:03:50","date_gmt":"2022-10-06T08:03:50","guid":{"rendered":"https:\/\/www.sigre.es\/boletin\/?page_id=7537"},"modified":"2022-10-06T15:32:22","modified_gmt":"2022-10-06T14:32:22","slug":"congreso-81","status":"publish","type":"page","link":"https:\/\/www.sigre.es\/boletin\/sigre-informa-81\/congreso-81\/","title":{"rendered":"FOROS Y CONGRESOS"},"content":{"rendered":"<div id=\"fb-root\"><\/div>\n<p>SIGRE particip\u00f3 con un estand en el 22\u00ba Congreso Nacional Farmac\u00e9utico y en el 80\u00ba Congreso Mundial de Farmacia, celebrados en Sevilla entre el 18 y el 22 de septiembre. Estos encuentros fueron el escenario perfecto para mostrar a los visitantes el compromiso del sector farmac\u00e9utico espa\u00f1ol en favor de un mundo m\u00e1s saludable y sostenible.<\/p>\n<p>En nuestro estand, los asistentes tuvieron la oportunidad de conocer m\u00e1s de cerca el funcionamiento de SIGRE basado en un proceso de\u00a0<a href=\"https:\/\/sigre.es\/distribucion\/#sistemas-de-logistica-inversa\" target=\"_blank\" rel=\"noopener\">log\u00edstica inversa<\/a>, en el que se aprovecha la entrega de nuevos medicamentos por los distribuidores a las farmacias para realizar la recogida de los residuos depositados en el contenedor espec\u00edfico de las farmacias (Punto SIGRE).<\/p>\n<p>Y pudieron tambi\u00e9n interactuar con la web de ecodise\u00f1o, una herramienta que explica con detalle la labor de innovaci\u00f3n que realiza la industria farmac\u00e9utica para introducir mejoras medioambientales en sus envases. Desde el a\u00f1o 2000, en que se pusieron en marcha los Planes Empresariales de Prevenci\u00f3n (PEP) de envases en el sector farmac\u00e9utico, las compa\u00f1\u00edas farmac\u00e9uticas han aplicado cerca de 3.500 iniciativas de ecodise\u00f1o en sus envases, que han permitido reducir su peso medio en m\u00e1s de un 25%.<\/p>\n<p>Adem\u00e1s, los visitantes pudieron participar en la experiencia <a href=\"http:\/\/www.sigre-ecofarmacia.es\" target=\"_blank\" rel=\"noopener\">ecoFARMACIA<\/a>, un v\u00eddeo 360\u00ba basado en la web www.sigre-ecofarmacia.es que permite descubrir las principales medidas que se pueden aplicar en las oficinas de farmacia para cuidar del medio ambiente.<\/p>\n<p><a href=\"https:\/\/www.sigre.es\/boletin\/wp-content\/uploads\/2022\/10\/Actualidad-81.jpg\"><img loading=\"lazy\" decoding=\"async\" class=\"size-large wp-image-7660 aligncenter\" src=\"https:\/\/www.sigre.es\/boletin\/wp-content\/uploads\/2022\/10\/Actualidad-81-1024x702.jpg\" alt=\"\" width=\"1024\" height=\"702\" srcset=\"https:\/\/www.sigre.es\/boletin\/wp-content\/uploads\/2022\/10\/Actualidad-81-1024x702.jpg 1024w, https:\/\/www.sigre.es\/boletin\/wp-content\/uploads\/2022\/10\/Actualidad-81-300x206.jpg 300w, https:\/\/www.sigre.es\/boletin\/wp-content\/uploads\/2022\/10\/Actualidad-81-768x527.jpg 768w, https:\/\/www.sigre.es\/boletin\/wp-content\/uploads\/2022\/10\/Actualidad-81-1536x1053.jpg 1536w, https:\/\/www.sigre.es\/boletin\/wp-content\/uploads\/2022\/10\/Actualidad-81.jpg 1750w\" sizes=\"auto, (max-width: 1024px) 100vw, 1024px\" \/><\/a><\/p>\n<p>&nbsp;<\/p>\n<p>&nbsp;<\/p>\n","protected":false},"excerpt":{"rendered":"<p>SIGRE particip\u00f3 con un estand en el 22\u00ba Congreso Nacional Farmac\u00e9utico y en el 80\u00ba Congreso Mundial de Farmacia, celebrados en Sevilla entre el 18 y el 22 de septiembre. Estos encuentros fueron el escenario perfecto para mostrar a los visitantes el compromiso del sector farmac\u00e9utico espa\u00f1ol en favor de un mundo m\u00e1s saludable y [&hellip;]<\/p>\n","protected":false},"author":10,"featured_media":0,"parent":7437,"menu_order":191,"comment_status":"closed","ping_status":"closed","template":"sigre-entrevista.php","meta":{"footnotes":""},"class_list":["post-7537","page","type-page","status-publish","hentry"],"_links":{"self":[{"href":"https:\/\/www.sigre.es\/boletin\/wp-json\/wp\/v2\/pages\/7537","targetHints":{"allow":["GET"]}}],"collection":[{"href":"https:\/\/www.sigre.es\/boletin\/wp-json\/wp\/v2\/pages"}],"about":[{"href":"https:\/\/www.sigre.es\/boletin\/wp-json\/wp\/v2\/types\/page"}],"author":[{"embeddable":true,"href":"https:\/\/www.sigre.es\/boletin\/wp-json\/wp\/v2\/users\/10"}],"replies":[{"embeddable":true,"href":"https:\/\/www.sigre.es\/boletin\/wp-json\/wp\/v2\/comments?post=7537"}],"version-history":[{"count":0,"href":"https:\/\/www.sigre.es\/boletin\/wp-json\/wp\/v2\/pages\/7537\/revisions"}],"up":[{"embeddable":true,"href":"https:\/\/www.sigre.es\/boletin\/wp-json\/wp\/v2\/pages\/7437"}],"wp:attachment":[{"href":"https:\/\/www.sigre.es\/boletin\/wp-json\/wp\/v2\/media?parent=7537"}],"curies":[{"name":"wp","href":"https:\/\/api.w.org\/{rel}","templated":true}]}}