{"id":7526,"date":"2022-10-06T08:53:48","date_gmt":"2022-10-06T07:53:48","guid":{"rendered":"https:\/\/www.sigre.es\/boletin\/?page_id=7526"},"modified":"2022-10-06T11:25:42","modified_gmt":"2022-10-06T10:25:42","slug":"sigre-responde-81","status":"publish","type":"page","link":"https:\/\/www.sigre.es\/boletin\/sigre-informa-81\/sigre-responde-81\/","title":{"rendered":"SIGRE RESPONDE"},"content":{"rendered":"<div id=\"fb-root\"><\/div>\n<p>Un a\u00f1o m\u00e1s, a finales del mes de octubre pondremos en marcha una nueva campa\u00f1a de comunicaci\u00f3n y sensibilizaci\u00f3n social. A lo largo de estas dos d\u00e9cadas de actividad, desde SIGRE hemos querido poner en valor con estas campa\u00f1as el compromiso medioambiental del sector farmac\u00e9utico y las actividades que realizan en las distintas etapas del ciclo de vida de los medicamentos para reducir su impacto en nuestro entorno.<\/p>\n<p>El modelo de funcionamiento de SIGRE no ser\u00eda posible sin el esfuerzo conjunto de todos los agentes del sector \u2013laboratorios, distribuidores y farmacias-, que aportan los recursos humanos, t\u00e9cnicos y econ\u00f3micos necesarios para poner a disposici\u00f3n de todos los ciudadanos un sistema c\u00f3modo y seguro para desprenderse de estos residuos.<\/p>\n<p>Ni tampoco ser\u00eda posible sin la colaboraci\u00f3n de las autoridades sanitarias y medioambientales, que han regulado este sistema de log\u00edstica inversa que permite garantizar el control farmac\u00e9utico de los residuos y han contribuido a la difusi\u00f3n de SIGRE a trav\u00e9s de informaci\u00f3n en los envases y prospectos de todos los medicamentos.<\/p>\n<p>Pero si hay un actor imprescindible para el \u00e9xito de este sistema, ese es sin duda el ciudadano. Como generador del residuo, todo nuestro trabajo resultar\u00eda in\u00fatil sin su colaboraci\u00f3n.<\/p>\n<p>Por ello, la concienciaci\u00f3n sobre la correcta gesti\u00f3n de los residuos de medicamentos y sus envases que se generan en los hogares constituye uno de los tres pilares b\u00e1sicos de actuaci\u00f3n de SIGRE, junto con la prevenci\u00f3n en origen y la gesti\u00f3n responsable de estos residuos.<\/p>\n<p>Para continuar esta labor, este a\u00f1o lanzamos una nueva campa\u00f1a bajo el lema <em>\u201cT\u00fa tienes la receta para cuidar el planeta\u201d<\/em>, transmitiendo al ciudadano la necesidad de su implicaci\u00f3n para conseguir el correcto tratamiento medioambiental de los medicamentos a trav\u00e9s del Punto SIGRE. Esta campa\u00f1a estar\u00e1 presente en prensa, radio, televisi\u00f3n y medios digitales, adem\u00e1s de a trav\u00e9s de la red de farmacias.<\/p>\n<p>Porque todos tenemos en nuestras manos la receta para cuidar el planeta.<\/p>\n","protected":false},"excerpt":{"rendered":"<p>Un a\u00f1o m\u00e1s, a finales del mes de octubre pondremos en marcha una nueva campa\u00f1a de comunicaci\u00f3n y sensibilizaci\u00f3n social. A lo largo de estas dos d\u00e9cadas de actividad, desde SIGRE hemos querido poner en valor con estas campa\u00f1as el compromiso medioambiental del sector farmac\u00e9utico y las actividades que realizan en las distintas etapas del [&hellip;]<\/p>\n","protected":false},"author":10,"featured_media":0,"parent":7437,"menu_order":182,"comment_status":"closed","ping_status":"closed","template":"sigre-responde.php","meta":{"footnotes":""},"class_list":["post-7526","page","type-page","status-publish","hentry"],"_links":{"self":[{"href":"https:\/\/www.sigre.es\/boletin\/wp-json\/wp\/v2\/pages\/7526","targetHints":{"allow":["GET"]}}],"collection":[{"href":"https:\/\/www.sigre.es\/boletin\/wp-json\/wp\/v2\/pages"}],"about":[{"href":"https:\/\/www.sigre.es\/boletin\/wp-json\/wp\/v2\/types\/page"}],"author":[{"embeddable":true,"href":"https:\/\/www.sigre.es\/boletin\/wp-json\/wp\/v2\/users\/10"}],"replies":[{"embeddable":true,"href":"https:\/\/www.sigre.es\/boletin\/wp-json\/wp\/v2\/comments?post=7526"}],"version-history":[{"count":0,"href":"https:\/\/www.sigre.es\/boletin\/wp-json\/wp\/v2\/pages\/7526\/revisions"}],"up":[{"embeddable":true,"href":"https:\/\/www.sigre.es\/boletin\/wp-json\/wp\/v2\/pages\/7437"}],"wp:attachment":[{"href":"https:\/\/www.sigre.es\/boletin\/wp-json\/wp\/v2\/media?parent=7526"}],"curies":[{"name":"wp","href":"https:\/\/api.w.org\/{rel}","templated":true}]}}