{"id":7511,"date":"2022-10-06T08:41:56","date_gmt":"2022-10-06T07:41:56","guid":{"rendered":"https:\/\/www.sigre.es\/boletin\/?page_id=7511"},"modified":"2022-10-06T15:31:44","modified_gmt":"2022-10-06T14:31:44","slug":"editorial-81","status":"publish","type":"page","link":"https:\/\/www.sigre.es\/boletin\/sigre-informa-81\/editorial-81\/","title":{"rendered":"EDITORIAL"},"content":{"rendered":"<div id=\"fb-root\"><\/div>\n<p>Los Objetivos de Desarrollo Sostenible (ODS) nacieron hace siete a\u00f1os como hoja de ruta para construir un futuro m\u00e1s justo y saludable tanto para el planeta como para todos los que vivimos en \u00e9l.<\/p>\n<p>Una consecuencia natural de la pandemia de la COVID-19 ha sido que el foco de la atenci\u00f3n p\u00fablica se centrase en el sector farmac\u00e9utico, reconoci\u00e9ndose a todos los niveles (administraci\u00f3n, pacientes, medios de comunicaci\u00f3n, etc.) su innegable aportaci\u00f3n al ODS 3 Salud y Bienestar.<\/p>\n<p>Pero desde hace a\u00f1os, el sector farmac\u00e9utico est\u00e1 ejerciendo tambi\u00e9n un papel protagonista en otros ODS: igualdad de g\u00e9nero; trabajo decente y crecimiento econ\u00f3mico; industria, innovaci\u00f3n e infraestructuras; y alianzas estrat\u00e9gicas para lograr los objetivos.<\/p>\n<p>Y tambi\u00e9n, fruto de su idiosincrasia y de su compromiso con el concepto \u201cOne Health\u201d, cuenta con un importante impacto en los ODS m\u00e1s ligados a la sostenibilidad ambiental: acci\u00f3n clim\u00e1tica, protecci\u00f3n de la biodiversidad o producci\u00f3n y consumo responsable.<\/p>\n<p>A modo de ejemplo de lo anterior, los esfuerzos de la industria farmac\u00e9utica por minimizar el consumo de recursos se han concretado en la aplicaci\u00f3n de numerosas medidas de ecodise\u00f1o, que han <strong>permitido reducir en m\u00e1s de un 25% el peso medio de los envases farmac\u00e9uticos<\/strong> durante los \u00faltimos 20 a\u00f1os.<\/p>\n<p>La alianza de la\u00a0<strong>industria,\u00a0<\/strong>la<strong>\u00a0distribuci\u00f3n\u00a0<\/strong>y las<strong>\u00a0farmacias, a trav\u00e9s de SIGRE,<\/strong>\u00a0impulsa al sector farmac\u00e9utico a seguir asumiendo un papel destacado en el reto global de proteger el futuro de nuestro planeta y la salud de las personas.<\/p>\n<p>En este sentido, la reciente conmemoraci\u00f3n del 7\u00ba Aniversario de los ODS ha supuesto para SIGRE y el sector farmac\u00e9utico una nueva oportunidad de colaborar estrechamente con Pacto Mundial de Naciones Unidas Espa\u00f1a, contribuyendo al efecto multiplicador del conocimiento de los ODS.<\/p>\n<p>Porque en SIGRE #ApoyamoslosODS.<\/p>\n<blockquote class=\"twitter-tweet\">\n<p dir=\"ltr\" lang=\"es\">En SIGRE&#x1f49a;&#x267b;&#xfe0f; estamos comprometidos con los Objetivos de Desarrollo Sostenible y <a href=\"https:\/\/twitter.com\/PactoMundial?ref_src=twsrc%5Etfw\">@PactoMundial<\/a>. Por ello, integramos la sostenibilidad en nuestra estrategia para impactar positivamente en el planeta &#x1f30d; y las personas. <a href=\"https:\/\/twitter.com\/hashtag\/apoyamoslosODS?src=hash&amp;ref_src=twsrc%5Etfw\">#apoyamoslosODS<\/a> <a href=\"https:\/\/twitter.com\/hashtag\/TenemosUnPacto?src=hash&amp;ref_src=twsrc%5Etfw\">#TenemosUnPacto<\/a><a href=\"https:\/\/twitter.com\/Farmaindustria?ref_src=twsrc%5Etfw\">@Farmaindustria<\/a> <a href=\"https:\/\/t.co\/3FyKMXaS93\">pic.twitter.com\/3FyKMXaS93<\/a><\/p>\n<p>\u2014 SIGRE (@puntosigre) <a href=\"https:\/\/twitter.com\/puntosigre\/status\/1572897005210304514?ref_src=twsrc%5Etfw\">September 22, 2022<\/a><\/p><\/blockquote>\n<p><script async src=\"https:\/\/platform.twitter.com\/widgets.js\" charset=\"utf-8\"><\/script><\/p>\n","protected":false},"excerpt":{"rendered":"<p>Los Objetivos de Desarrollo Sostenible (ODS) nacieron hace siete a\u00f1os como hoja de ruta para construir un futuro m\u00e1s justo y saludable tanto para el planeta como para todos los que vivimos en \u00e9l. Una consecuencia natural de la pandemia de la COVID-19 ha sido que el foco de la atenci\u00f3n p\u00fablica se centrase en [&hellip;]<\/p>\n","protected":false},"author":10,"featured_media":0,"parent":7437,"menu_order":175,"comment_status":"closed","ping_status":"closed","template":"sigre-entrevista.php","meta":{"footnotes":""},"class_list":["post-7511","page","type-page","status-publish","hentry"],"_links":{"self":[{"href":"https:\/\/www.sigre.es\/boletin\/wp-json\/wp\/v2\/pages\/7511","targetHints":{"allow":["GET"]}}],"collection":[{"href":"https:\/\/www.sigre.es\/boletin\/wp-json\/wp\/v2\/pages"}],"about":[{"href":"https:\/\/www.sigre.es\/boletin\/wp-json\/wp\/v2\/types\/page"}],"author":[{"embeddable":true,"href":"https:\/\/www.sigre.es\/boletin\/wp-json\/wp\/v2\/users\/10"}],"replies":[{"embeddable":true,"href":"https:\/\/www.sigre.es\/boletin\/wp-json\/wp\/v2\/comments?post=7511"}],"version-history":[{"count":0,"href":"https:\/\/www.sigre.es\/boletin\/wp-json\/wp\/v2\/pages\/7511\/revisions"}],"up":[{"embeddable":true,"href":"https:\/\/www.sigre.es\/boletin\/wp-json\/wp\/v2\/pages\/7437"}],"wp:attachment":[{"href":"https:\/\/www.sigre.es\/boletin\/wp-json\/wp\/v2\/media?parent=7511"}],"curies":[{"name":"wp","href":"https:\/\/api.w.org\/{rel}","templated":true}]}}