{"id":7493,"date":"2022-10-06T08:19:54","date_gmt":"2022-10-06T07:19:54","guid":{"rendered":"https:\/\/www.sigre.es\/boletin\/?page_id=7493"},"modified":"2022-10-07T11:11:28","modified_gmt":"2022-10-07T10:11:28","slug":"entrevista-81","status":"publish","type":"page","link":"https:\/\/www.sigre.es\/boletin\/sigre-informa-81\/entrevista-81\/","title":{"rendered":"ENTREVISTA"},"content":{"rendered":"<div id=\"fb-root\"><\/div>\n<p><strong>\u00bfCu\u00e1l ha sido la trayectoria de VALORMED como sistema de gesti\u00f3n de residuos de medicamentos?<\/strong><\/p>\n<p>Aunque los residuos de medicamentos representan solo una peque\u00f1a parte del total de residuos s\u00f3lidos urbanos producidos en Portugal, siempre ha sido una preocupaci\u00f3n y se ha considerado de gran importancia -para el sector farmac\u00e9utico en particular y de la salud en general- la existencia de un sistema de recogida de envases vac\u00edos y medicamentos no utilizados. De hecho, su especificidad aconseja y exige la existencia de un proceso de recogida seguro. De esta forma, se evita que estos residuos sean accesibles, como cualquier otro residuo urbano, cerrando el ciclo de vida del medicamento que comienza con el proceso de Investigaci\u00f3n y Desarrollo y finaliza con el tratamiento ambiental de los residuos generados.<\/p>\n<p>Consciente de ello, en 1999 se cre\u00f3 VALORMED, un sistema aut\u00f3nomo e integrado con el objetivo de gestionar los residuos de medicamentos no utilizados. Esta entidad, iniciativa de la industria farmac\u00e9utica, fue lanzada a trav\u00e9s de APIFARMA \u2013 Associa\u00e7\u00e3o Portuguesa da Ind\u00fastria Farmac\u00eautica, a la que pronto se sumaron las asociaciones portuguesas m\u00e1s representativas del sector farmac\u00e9utico.<\/p>\n<p><strong>\u00bfCu\u00e1les son las caracter\u00edsticas principales de este sistema de gesti\u00f3n de residuos?<\/strong><\/p>\n<p>VALORMED representa un proyecto con todas las caracter\u00edsticas de la responsabilidad social empresarial: es <strong>plural<\/strong>, porque engloba a gran parte de los agentes del sector; <strong>sostenible<\/strong>, porque, adem\u00e1s de dar a conocer una actitud responsable con el medio ambiente y la sociedad, cuenta con mecanismos de financiaci\u00f3n aut\u00f3nomos que permiten su funcionamiento; y <strong>transparente<\/strong>, ya que su actividad y resultados son monitoreados por los socios y tambi\u00e9n por la administraci\u00f3n supervisora. Finalmente, es <strong>altruista<\/strong> ya que los costes ambientales del sistema corren \u00edntegramente por cuenta de las empresas farmac\u00e9uticas, la labor de asesoramiento la realizan los farmac\u00e9uticos y profesionales que trabajan en las farmacias existentes en Portugal Continental y las Islas Atl\u00e1nticas, y los distribuidores, a trav\u00e9s de la log\u00edstica inversa, se encargan de recoger y transportar los residuos de medicamentos y los envases vac\u00edos que los ciudadanos desechan hasta el Centro de Clasificaci\u00f3n inaugurado en 2008.<\/p>\n<p><strong>\u00bfEst\u00e1 la poblaci\u00f3n portuguesa concienciada sobre el reciclado de los medicamentos? <\/strong><\/p>\n<p>A\u00fan existe una parte de la poblaci\u00f3n que desafortunadamente no conoce VALORMED o que no es consciente de los efectos que tienen los residuos de medicamentos y sus envases sobre el medio ambiente.<\/p>\n<p>Sin embargo, creo que los temas asociados a esta materia han ido cobrando cada vez m\u00e1s importancia y preocupaci\u00f3n entre la poblaci\u00f3n. Cada vez somos m\u00e1s conscientes de que gran parte de los problemas medioambientales surgen de h\u00e1bitos cotidianos y que nuestras acciones pueden influir en el futuro del planeta. Por ello, tenemos que ser conscientes de que el planeta de ma\u00f1ana estar\u00e1 hecho de las decisiones que tomemos hoy.<\/p>\n<p><strong>\u00bfQu\u00e9 acciones de educaci\u00f3n ambiental realizan?<\/strong><\/p>\n<p>La estrategia de VALORMED tiene como objetivo continuar involucrando y sensibilizando a la ciudadan\u00eda, en particular a los m\u00e1s j\u00f3venes, para la adopci\u00f3n de buenas pr\u00e1cticas que permitan lograr un planeta m\u00e1s saludable, mediante la implementaci\u00f3n de iniciativas que, con un efecto multiplicador, mejoren la conciencia ambiental y cambien los malos h\u00e1bitos. Las campa\u00f1as de concienciaci\u00f3n y de educaci\u00f3n ambiental que venimos desarrollando en la radio y en las escuelas primarias han obtenido grandes resultados, ya que se han visto reflejados en un aumento significativo de las tasas de recogida.<\/p>\n<p>Una cosa es cierta: el compromiso de VALORMED sigue siendo contribuir hoy a la educaci\u00f3n de los actores sociales del ma\u00f1ana, brind\u00e1ndoles los conceptos y la creatividad necesarios para encontrar soluciones al gran desaf\u00edo del desarrollo sostenible.<\/p>\n<p><strong>\u00bfEn qu\u00e9 punto se encuentra ahora VALORMED y cu\u00e1les son sus principales retos para el futuro?<\/strong><\/p>\n<p>El an\u00e1lisis sistem\u00e1tico de los indicadores de actividad ha permitido extraer algunas conclusiones:<\/p>\n<ol>\n<li>El sistema se caracteriza por la alta participaci\u00f3n de los operadores econ\u00f3micos del sector y por la motivaci\u00f3n para mejorar el desempe\u00f1o ambiental.<\/li>\n<li>Buena reputaci\u00f3n de la marca VALORMED a nivel nacional, tanto entre los ciudadanos como entre los profesionales de farmacia, distribuci\u00f3n e industria farmac\u00e9utica.<\/li>\n<li>Buena receptividad por parte de los profesionales farmac\u00e9uticos, sustentada en estudios de opini\u00f3n.<\/li>\n<li>Gesti\u00f3n de un sistema de residuos diferenciador, certificado en Calidad y Medio Ambiente, basado en procedimientos adecuados de log\u00edstica, seguimiento, control y tratamiento de residuos (reciclaje).<\/li>\n<li>Eficiencia a lo largo de sus a\u00f1os de actividad, sin pr\u00e1cticamente incidencias en el camino, gracias al sistema de control y seguimiento implantado desde el inicio.<\/li>\n<li>Participaci\u00f3n p\u00fablica creciente, reflejada en el aumento constante de las cantidades recogidas a\u00f1o tras a\u00f1o.<\/li>\n<li>Rendimiento efectivo del sistema a nivel europeo.<\/li>\n<\/ol>\n<p>Debemos seguir trabajando en esta l\u00ednea y seguir esforz\u00e1ndonos en aumentar la concienciaci\u00f3n ciudadana. De esta forma, entre todos, conseguiremos cuidar de la naturaleza.<\/p>\n<p>Adem\u00e1s, en nuestro compromiso por ir un paso m\u00e1s all\u00e1, VALORMED ha enviado una propuesta a las autoridades portuguesas con el objetivo de crear un sistema para la recogida en las farmacias de los objetos cortopunzantes utilizados en el autotratamiento dom\u00e9stico. Este es, de hecho, un problema que debe resolverse cuanto antes para proteger la salud p\u00fablica.<\/p>\n<p><strong>\u00bfQu\u00e9 ha supuesto para VALORMED formar parte de la Red Iberoamericana de Programas Posconsumo de Medicamentos?<\/strong><\/p>\n<p>La incorporaci\u00f3n a esta Red surgi\u00f3 gracias a la invitaci\u00f3n por parte de SIGRE -entidad con la que VALORMED, y yo en particular, hemos mantenido siempre excelentes relaciones institucionales y personales- a trav\u00e9s de su entonces director general, D. Juan Carlos Mampaso.<\/p>\n<p>Nuestra decisi\u00f3n de formar parte de la Red se bas\u00f3 principalmente en que el proyecto que se nos present\u00f3 planteaba a los pa\u00edses del eje iberoamericano un conjunto de objetivos y desaf\u00edos, en cuanto a la recogida de residuos de envases y medicamentos se refiere, que hac\u00eda indispensable que form\u00e1semos parte del mismo.<\/p>\n<p>Creemos que a\u00fan queda mucho camino por recorrer y son muchos los pa\u00edses que a\u00fan no cuentan con un sistema como el nuestro, pero estamos convencidos de que el trabajo de sensibilizaci\u00f3n que ha venido realizando la Red con las autoridades ambientales y de salud pronto dar\u00e1 resultados.<\/p>\n","protected":false},"excerpt":{"rendered":"<p>\u00bfCu\u00e1l ha sido la trayectoria de VALORMED como sistema de gesti\u00f3n de residuos de medicamentos? Aunque los residuos de medicamentos representan solo una peque\u00f1a parte del total de residuos s\u00f3lidos urbanos producidos en Portugal, siempre ha sido una preocupaci\u00f3n y se ha considerado de gran importancia -para el sector farmac\u00e9utico en particular y de la [&hellip;]<\/p>\n","protected":false},"author":10,"featured_media":0,"parent":7437,"menu_order":173,"comment_status":"closed","ping_status":"closed","template":"sigre-entrevista.php","meta":{"footnotes":""},"class_list":["post-7493","page","type-page","status-publish","hentry"],"_links":{"self":[{"href":"https:\/\/www.sigre.es\/boletin\/wp-json\/wp\/v2\/pages\/7493","targetHints":{"allow":["GET"]}}],"collection":[{"href":"https:\/\/www.sigre.es\/boletin\/wp-json\/wp\/v2\/pages"}],"about":[{"href":"https:\/\/www.sigre.es\/boletin\/wp-json\/wp\/v2\/types\/page"}],"author":[{"embeddable":true,"href":"https:\/\/www.sigre.es\/boletin\/wp-json\/wp\/v2\/users\/10"}],"replies":[{"embeddable":true,"href":"https:\/\/www.sigre.es\/boletin\/wp-json\/wp\/v2\/comments?post=7493"}],"version-history":[{"count":0,"href":"https:\/\/www.sigre.es\/boletin\/wp-json\/wp\/v2\/pages\/7493\/revisions"}],"up":[{"embeddable":true,"href":"https:\/\/www.sigre.es\/boletin\/wp-json\/wp\/v2\/pages\/7437"}],"wp:attachment":[{"href":"https:\/\/www.sigre.es\/boletin\/wp-json\/wp\/v2\/media?parent=7493"}],"curies":[{"name":"wp","href":"https:\/\/api.w.org\/{rel}","templated":true}]}}