{"id":723,"date":"2014-03-25T17:39:11","date_gmt":"2014-03-25T17:39:11","guid":{"rendered":"https:\/\/www.sigre.es\/boletin\/sigre-informa-47\/biblioteca-sigre\/"},"modified":"2014-03-28T10:33:48","modified_gmt":"2014-03-28T10:33:48","slug":"biblioteca-sigre","status":"publish","type":"page","link":"https:\/\/www.sigre.es\/boletin\/sigre-informa-47\/biblioteca-sigre\/","title":{"rendered":"BIBLIOTECA SIGRE"},"content":{"rendered":"<div id=\"fb-root\"><\/div>\n<p>SIGRE ha publicado recientemente el <a href=\"https:\/\/www.sigre.es\/catalogo-iniciativas-ecodiseno\/IV-Edicion\/\" target=\"_blank\">IV Cat\u00e1logo de iniciativas de ecodise\u00f1o<\/a> en envases del sector farmac\u00e9utico, una recopilaci\u00f3n de las medidas m\u00e1s representativas adoptadas por los laboratorios farmac\u00e9uticos durante el periodo 2009-2012 para reducir el impacto de los envases de medicamentos sobre el medio ambiente.<\/p>\n<p>Los laboratorios farmac\u00e9uticos han incorporado en este periodo 549 iniciativas de ecodise\u00f1o, que han sido aplicadas sobre m\u00e1s de 83 millones de envases. El Cat\u00e1logo recoge solo una peque\u00f1a muestra, formada por 35 ejemplos, con la que SIGRE quiere reflejar el esfuerzo t\u00e9cnico, econ\u00f3mico y de innovaci\u00f3n que la industria farmac\u00e9utica est\u00e1 realizando en materia de prevenci\u00f3n.<\/p>\n<p>Con la edici\u00f3n de este cat\u00e1logo, SIGRE pretende reconocer el trabajo sostenible que realizan los laboratorios y contribuir a difundir las actuaciones desarrolladas en el \u00e1mbito del Ecodise\u00f1o, un campo esencial para conseguir reducir la cantidad de residuos generados y cuidar de nuestro entorno.<\/p>\n<p style=\"text-align: center;\"><a href=\"https:\/\/www.sigre.es\/boletin\/wp-content\/uploads\/2014\/03\/iniciativas_ecodiseno_2.jpg\"><img loading=\"lazy\" decoding=\"async\" class=\"aligncenter  wp-image-860\" style=\"border: 1px solid black;\" alt=\"iniciativas_ecodiseno_2\" src=\"https:\/\/www.sigre.es\/boletin\/wp-content\/uploads\/2014\/03\/iniciativas_ecodiseno_2.jpg\" width=\"686\" height=\"446\" srcset=\"https:\/\/www.sigre.es\/boletin\/wp-content\/uploads\/2014\/03\/iniciativas_ecodiseno_2.jpg 1144w, https:\/\/www.sigre.es\/boletin\/wp-content\/uploads\/2014\/03\/iniciativas_ecodiseno_2-300x194.jpg 300w, https:\/\/www.sigre.es\/boletin\/wp-content\/uploads\/2014\/03\/iniciativas_ecodiseno_2-1024x665.jpg 1024w\" sizes=\"auto, (max-width: 686px) 100vw, 686px\" \/><\/a>Algunos ejemplos de las iniciativas de ecodise\u00f1o recogidas en el cat\u00e1logo.<\/p>\n","protected":false},"excerpt":{"rendered":"<p>SIGRE ha publicado recientemente el IV Cat\u00e1logo de iniciativas de ecodise\u00f1o en envases del sector farmac\u00e9utico, una recopilaci\u00f3n de las medidas m\u00e1s representativas adoptadas por los laboratorios farmac\u00e9uticos durante el periodo 2009-2012 para reducir el impacto de los envases de medicamentos sobre el medio ambiente. Los laboratorios farmac\u00e9uticos han incorporado en este periodo 549 iniciativas [&hellip;]<\/p>\n","protected":false},"author":7,"featured_media":0,"parent":696,"menu_order":396,"comment_status":"open","ping_status":"open","template":"articulo1.php","meta":{"footnotes":""},"class_list":["post-723","page","type-page","status-publish","hentry"],"_links":{"self":[{"href":"https:\/\/www.sigre.es\/boletin\/wp-json\/wp\/v2\/pages\/723","targetHints":{"allow":["GET"]}}],"collection":[{"href":"https:\/\/www.sigre.es\/boletin\/wp-json\/wp\/v2\/pages"}],"about":[{"href":"https:\/\/www.sigre.es\/boletin\/wp-json\/wp\/v2\/types\/page"}],"author":[{"embeddable":true,"href":"https:\/\/www.sigre.es\/boletin\/wp-json\/wp\/v2\/users\/7"}],"replies":[{"embeddable":true,"href":"https:\/\/www.sigre.es\/boletin\/wp-json\/wp\/v2\/comments?post=723"}],"version-history":[{"count":0,"href":"https:\/\/www.sigre.es\/boletin\/wp-json\/wp\/v2\/pages\/723\/revisions"}],"up":[{"embeddable":true,"href":"https:\/\/www.sigre.es\/boletin\/wp-json\/wp\/v2\/pages\/696"}],"wp:attachment":[{"href":"https:\/\/www.sigre.es\/boletin\/wp-json\/wp\/v2\/media?parent=723"}],"curies":[{"name":"wp","href":"https:\/\/api.w.org\/{rel}","templated":true}]}}