{"id":722,"date":"2014-03-25T17:39:11","date_gmt":"2014-03-25T17:39:11","guid":{"rendered":"https:\/\/www.sigre.es\/boletin\/sigre-informa-47\/convenios-y-acuerdos\/"},"modified":"2014-03-28T10:30:22","modified_gmt":"2014-03-28T10:30:22","slug":"convenios-y-acuerdos","status":"publish","type":"page","link":"https:\/\/www.sigre.es\/boletin\/sigre-informa-47\/convenios-y-acuerdos\/","title":{"rendered":"CONVENIOS Y ACUERDOS"},"content":{"rendered":"<div id=\"fb-root\"><\/div>\n<p>SIGRE ha firmado un acuerdo con la Fundaci\u00f3n CONAMA, organizadora del Congreso Nacional de Medio Ambiente 2014 (CONAMA 2014), para participar en calidad de cooperador en su duod\u00e9cima edici\u00f3n, que se celebrar\u00e1 del 24 al 27 de noviembre en el Palacio Municipal de Congresos de Madrid.<\/p>\n<p>Con este acuerdo, SIGRE manifiesta su apoyo y colaboraci\u00f3n con las iniciativas que difunden en nuestra sociedad valores sostenibles y, concretamente, con este Congreso que es una referencia internacional en el \u00e1mbito medioambiental.<\/p>\n<p>Adem\u00e1s de su labor como cooperador, SIGRE participar\u00e1 en los grupos de trabajo y en las sesiones t\u00e9cnicas preparatorias de las Jornadas que se vayan a celebrar en el Congreso, para difundir el compromiso de los agentes del sector farmac\u00e9utico con el medio ambiente y con el reciclado de los envases y residuos de medicamentos.<\/p>\n<p style=\"text-align: center;\"><a href=\"https:\/\/www.sigre.es\/boletin\/wp-content\/uploads\/2014\/03\/SIGRE_CONAMA_2014.jpg\"><img loading=\"lazy\" decoding=\"async\" class=\"aligncenter  wp-image-815\" alt=\"SIGRE_CONAMA_2014\" src=\"https:\/\/www.sigre.es\/boletin\/wp-content\/uploads\/2014\/03\/SIGRE_CONAMA_2014.jpg\" width=\"432\" height=\"287\" srcset=\"https:\/\/www.sigre.es\/boletin\/wp-content\/uploads\/2014\/03\/SIGRE_CONAMA_2014.jpg 1200w, https:\/\/www.sigre.es\/boletin\/wp-content\/uploads\/2014\/03\/SIGRE_CONAMA_2014-300x199.jpg 300w, https:\/\/www.sigre.es\/boletin\/wp-content\/uploads\/2014\/03\/SIGRE_CONAMA_2014-1024x679.jpg 1024w\" sizes=\"auto, (max-width: 432px) 100vw, 432px\" \/><\/a><\/p>\n<p style=\"text-align: center;\">A la izquierda, Gonzalo Echag\u00fce, Presidente de la Fundaci\u00f3n CONAMA, y, a la derecha, Juan Carlos Mampaso, Director General de SIGRE, tras la firma del acuerdo.<\/p>\n","protected":false},"excerpt":{"rendered":"<p>SIGRE ha firmado un acuerdo con la Fundaci\u00f3n CONAMA, organizadora del Congreso Nacional de Medio Ambiente 2014 (CONAMA 2014), para participar en calidad de cooperador en su duod\u00e9cima edici\u00f3n, que se celebrar\u00e1 del 24 al 27 de noviembre en el Palacio Municipal de Congresos de Madrid. Con este acuerdo, SIGRE manifiesta su apoyo y colaboraci\u00f3n [&hellip;]<\/p>\n","protected":false},"author":7,"featured_media":0,"parent":696,"menu_order":420,"comment_status":"open","ping_status":"open","template":"articulo1.php","meta":{"footnotes":""},"class_list":["post-722","page","type-page","status-publish","hentry"],"_links":{"self":[{"href":"https:\/\/www.sigre.es\/boletin\/wp-json\/wp\/v2\/pages\/722","targetHints":{"allow":["GET"]}}],"collection":[{"href":"https:\/\/www.sigre.es\/boletin\/wp-json\/wp\/v2\/pages"}],"about":[{"href":"https:\/\/www.sigre.es\/boletin\/wp-json\/wp\/v2\/types\/page"}],"author":[{"embeddable":true,"href":"https:\/\/www.sigre.es\/boletin\/wp-json\/wp\/v2\/users\/7"}],"replies":[{"embeddable":true,"href":"https:\/\/www.sigre.es\/boletin\/wp-json\/wp\/v2\/comments?post=722"}],"version-history":[{"count":0,"href":"https:\/\/www.sigre.es\/boletin\/wp-json\/wp\/v2\/pages\/722\/revisions"}],"up":[{"embeddable":true,"href":"https:\/\/www.sigre.es\/boletin\/wp-json\/wp\/v2\/pages\/696"}],"wp:attachment":[{"href":"https:\/\/www.sigre.es\/boletin\/wp-json\/wp\/v2\/media?parent=722"}],"curies":[{"name":"wp","href":"https:\/\/api.w.org\/{rel}","templated":true}]}}