{"id":721,"date":"2014-03-25T17:39:11","date_gmt":"2014-03-25T17:39:11","guid":{"rendered":"https:\/\/www.sigre.es\/boletin\/sigre-informa-47\/editorial\/"},"modified":"2014-03-28T10:32:16","modified_gmt":"2014-03-28T10:32:16","slug":"editorial","status":"publish","type":"page","link":"https:\/\/www.sigre.es\/boletin\/sigre-informa-47\/editorial\/","title":{"rendered":"EDITORIAL"},"content":{"rendered":"<div id=\"fb-root\"><\/div>\n<p>Mantener una estrategia informativa transparente, abierta a todos los p\u00fablicos y fundamentada en los valores responsables del di\u00e1logo, son requisitos que conforman el compromiso de SIGRE con sus p\u00fablicos.<\/p>\n<p>Estos principios se han visto refrendados en los resultados obtenidos en la auditor\u00eda de imagen, que SIGRE ha efectuado entre medios de comunicaci\u00f3n el pasado mes de diciembre. Seg\u00fan se desprende de ella, se ratifica la buena valoraci\u00f3n que los profesionales de la informaci\u00f3n efect\u00faan de nuestra actividad, calificando a SIGRE como un Sistema Integrado de Gesti\u00f3n comprometido con la informaci\u00f3n y englob\u00e1ndolo en el reducido grupo de SIGs que cumple con los objetivos medioambientales y sanitarios para los que fue creado.<\/p>\n<p>Esta adecuada gesti\u00f3n de valores intangibles, como la imagen o la reputaci\u00f3n, es fundamental en la \u00e9poca de la informaci\u00f3n y la comunicaci\u00f3n en la que nos encontramos, y prioritaria para entidades, como SIGRE, cuya actividad tiene un protagonista principal: el ciudadano.<\/p>\n<p>Con este objetivo, SIGRE ha puesto en marcha una estrategia digital, que tuvo como primer paso la creaci\u00f3n de perfiles en las redes sociales Facebook y Twitter, y que ahora avanza con el lanzamiento de la nueva p\u00e1gina web corporativa.<\/p>\n<p>Este portal, principal se\u00f1a de identidad de SIGRE en la red, destaca por su dise\u00f1o y f\u00e1cil navegaci\u00f3n y por los contenidos multimedia, audiovisuales\u00a0 e infogr\u00e1ficos con que se ha dotado.<\/p>\n<p>Con esta nueva web, SIGRE abre un canal de comunicaci\u00f3n para reforzar sus v\u00ednculos con sus p\u00fablicos de inter\u00e9s, como ciudadanos, medios de comunicaci\u00f3n, administraciones o los propios agentes del sector.<\/p>\n<p>Un paso hacia adelante que ratifica los valores responsables de la entidad y que permitir\u00e1 prestar un mejor servicio al conjunto de la sociedad.<\/p>\n","protected":false},"excerpt":{"rendered":"<p>Mantener una estrategia informativa transparente, abierta a todos los p\u00fablicos y fundamentada en los valores responsables del di\u00e1logo, son requisitos que conforman el compromiso de SIGRE con sus p\u00fablicos. Estos principios se han visto refrendados en los resultados obtenidos en la auditor\u00eda de imagen, que SIGRE ha efectuado entre medios de comunicaci\u00f3n el pasado mes [&hellip;]<\/p>\n","protected":false},"author":7,"featured_media":0,"parent":696,"menu_order":391,"comment_status":"open","ping_status":"open","template":"articulo1.php","meta":{"footnotes":""},"class_list":["post-721","page","type-page","status-publish","hentry"],"_links":{"self":[{"href":"https:\/\/www.sigre.es\/boletin\/wp-json\/wp\/v2\/pages\/721","targetHints":{"allow":["GET"]}}],"collection":[{"href":"https:\/\/www.sigre.es\/boletin\/wp-json\/wp\/v2\/pages"}],"about":[{"href":"https:\/\/www.sigre.es\/boletin\/wp-json\/wp\/v2\/types\/page"}],"author":[{"embeddable":true,"href":"https:\/\/www.sigre.es\/boletin\/wp-json\/wp\/v2\/users\/7"}],"replies":[{"embeddable":true,"href":"https:\/\/www.sigre.es\/boletin\/wp-json\/wp\/v2\/comments?post=721"}],"version-history":[{"count":0,"href":"https:\/\/www.sigre.es\/boletin\/wp-json\/wp\/v2\/pages\/721\/revisions"}],"up":[{"embeddable":true,"href":"https:\/\/www.sigre.es\/boletin\/wp-json\/wp\/v2\/pages\/696"}],"wp:attachment":[{"href":"https:\/\/www.sigre.es\/boletin\/wp-json\/wp\/v2\/media?parent=721"}],"curies":[{"name":"wp","href":"https:\/\/api.w.org\/{rel}","templated":true}]}}