{"id":719,"date":"2014-03-25T17:39:11","date_gmt":"2014-03-25T17:39:11","guid":{"rendered":"https:\/\/www.sigre.es\/boletin\/sigre-informa-47\/premios-y-galardones\/"},"modified":"2014-03-28T10:35:40","modified_gmt":"2014-03-28T10:35:40","slug":"premios-y-galardones","status":"publish","type":"page","link":"https:\/\/www.sigre.es\/boletin\/sigre-informa-47\/premios-y-galardones\/","title":{"rendered":"PREMIOS Y GALARDONES"},"content":{"rendered":"<div id=\"fb-root\"><\/div>\n<p><a style=\"float: left;\" href=\"https:\/\/www.sigre.es\/boletin\/wp-content\/uploads\/2014\/03\/Diploma_E2020_SIGRE.jpg\"><img loading=\"lazy\" decoding=\"async\" class=\"alignleft  wp-image-812\" style=\"border: 1px solid black; margin: 12px;\" alt=\"Diploma_E2020_SIGRE\" src=\"https:\/\/www.sigre.es\/boletin\/wp-content\/uploads\/2014\/03\/Diploma_E2020_SIGRE-221x300.jpg\" width=\"199\" height=\"270\" srcset=\"https:\/\/www.sigre.es\/boletin\/wp-content\/uploads\/2014\/03\/Diploma_E2020_SIGRE-221x300.jpg 221w, https:\/\/www.sigre.es\/boletin\/wp-content\/uploads\/2014\/03\/Diploma_E2020_SIGRE.jpg 650w\" sizes=\"auto, (max-width: 199px) 100vw, 199px\" \/><\/a>For\u00e9tica, la asociaci\u00f3n de empresas y profesionales l\u00edder en gesti\u00f3n \u00e9tica y Responsabilidad Social Empresarial, ha seleccionado una iniciativa de SIGRE para formar parte de la Campa\u00f1a Enterprise 2020, la l\u00ednea de acci\u00f3n de la estrategia europea de RSE lanzada por la Comisi\u00f3n Europea y liderada por CSR Europe.<\/p>\n<p>La iniciativa seleccionada tiene por lema: \u00abMedicamento: Racionales en su uso, responsables en su reciclado\u00bb, y engloba diferentes acciones de comunicaci\u00f3n y sensibilizaci\u00f3n que SIGRE ha dise\u00f1ado para el periodo 2013 &#8211; 2015.<\/p>\n<p>Esta distinci\u00f3n constituye un importante reconocimiento a la integraci\u00f3n efectiva de pol\u00edticas responsables en el sector farmac\u00e9utico y supone la uni\u00f3n al proyecto Enterprise 2020, una plataforma de referencia a nivel internacional en materia de RSE.<\/p>\n<p><b>Premio de Correo Farmac\u00e9utico<br \/>\n<\/b><\/p>\n<p>La publicaci\u00f3n sanitaria Correo Farmac\u00e9utico ha premiado a SIGRE con el galard\u00f3n \u201cLas Mejores Iniciativas del A\u00f1o 2013\u201d, con el que reconoce, en la categor\u00eda de formaci\u00f3n, el valor educativo de la iniciativa \u201c<a title=\"Abrir sigrelandia en nueva ventana\" href=\"http:\/\/www.sigrelandia.es\/\" target=\"_blank\">Sigrelandia<\/a>\u201d.<\/p>\n<p>Sigrelandia es una p\u00e1gina web concebida para los alumnos de los \u00faltimos cursos de Educaci\u00f3n Primaria. Locutada y escrita tanto en castellano como en ingl\u00e9s, utiliza el potencial de las nuevas tecnolog\u00edas para que los alumnos aprendan el ciclo de vida del medicamento.<\/p>\n<p>Con este reconocimiento, Correo Farmac\u00e9utico distingue el compromiso de la entidad con la educaci\u00f3n, aportando herramientas valiosas para sensibilizar sobre la importancia de hacer un uso responsable de los medicamentos, lo que implica necesariamente su correcto reciclado.<\/p>\n","protected":false},"excerpt":{"rendered":"<p>For\u00e9tica, la asociaci\u00f3n de empresas y profesionales l\u00edder en gesti\u00f3n \u00e9tica y Responsabilidad Social Empresarial, ha seleccionado una iniciativa de SIGRE para formar parte de la Campa\u00f1a Enterprise 2020, la l\u00ednea de acci\u00f3n de la estrategia europea de RSE lanzada por la Comisi\u00f3n Europea y liderada por CSR Europe. La iniciativa seleccionada tiene por lema: [&hellip;]<\/p>\n","protected":false},"author":7,"featured_media":0,"parent":696,"menu_order":418,"comment_status":"open","ping_status":"open","template":"articulo1.php","meta":{"footnotes":""},"class_list":["post-719","page","type-page","status-publish","hentry"],"_links":{"self":[{"href":"https:\/\/www.sigre.es\/boletin\/wp-json\/wp\/v2\/pages\/719","targetHints":{"allow":["GET"]}}],"collection":[{"href":"https:\/\/www.sigre.es\/boletin\/wp-json\/wp\/v2\/pages"}],"about":[{"href":"https:\/\/www.sigre.es\/boletin\/wp-json\/wp\/v2\/types\/page"}],"author":[{"embeddable":true,"href":"https:\/\/www.sigre.es\/boletin\/wp-json\/wp\/v2\/users\/7"}],"replies":[{"embeddable":true,"href":"https:\/\/www.sigre.es\/boletin\/wp-json\/wp\/v2\/comments?post=719"}],"version-history":[{"count":0,"href":"https:\/\/www.sigre.es\/boletin\/wp-json\/wp\/v2\/pages\/719\/revisions"}],"up":[{"embeddable":true,"href":"https:\/\/www.sigre.es\/boletin\/wp-json\/wp\/v2\/pages\/696"}],"wp:attachment":[{"href":"https:\/\/www.sigre.es\/boletin\/wp-json\/wp\/v2\/media?parent=719"}],"curies":[{"name":"wp","href":"https:\/\/api.w.org\/{rel}","templated":true}]}}