{"id":717,"date":"2014-03-25T17:39:11","date_gmt":"2014-03-25T17:39:11","guid":{"rendered":"https:\/\/www.sigre.es\/boletin\/sigre-informa-47\/sigre-en-los-medios\/"},"modified":"2014-03-28T12:47:29","modified_gmt":"2014-03-28T12:47:29","slug":"sigre-en-los-medios","status":"publish","type":"page","link":"https:\/\/www.sigre.es\/boletin\/sigre-informa-47\/sigre-en-los-medios\/","title":{"rendered":"SIGRE EN LOS MEDIOS"},"content":{"rendered":"<div id=\"fb-root\"><\/div>\n<p>Durante el \u00faltimo trimestre, los medios de comunicaci\u00f3n han recogido de forma destacada, entre otros temas de la actualidad de SIGRE, el reconocimiento que For\u00e9tica ha efectuado de la iniciativa de sensibilizaci\u00f3n \u00abMedicamento: Racionales en su uso, responsables en su reciclado\u00bb, y la nueva p\u00e1gina web de SIGRE, destacando las mejoras y su potente contenido audiovisual.<\/p>\n<p><a href=\"https:\/\/www.sigre.es\/boletin\/wp-content\/uploads\/2014\/03\/prensa_47.jpg\"><img loading=\"lazy\" decoding=\"async\" class=\"aligncenter size-full wp-image-819\" alt=\"prensa_47\" src=\"https:\/\/www.sigre.es\/boletin\/wp-content\/uploads\/2014\/03\/prensa_47.jpg\" width=\"960\" height=\"607\" srcset=\"https:\/\/www.sigre.es\/boletin\/wp-content\/uploads\/2014\/03\/prensa_47.jpg 960w, https:\/\/www.sigre.es\/boletin\/wp-content\/uploads\/2014\/03\/prensa_47-300x189.jpg 300w\" sizes=\"auto, (max-width: 960px) 100vw, 960px\" \/><\/a><\/p>\n","protected":false},"excerpt":{"rendered":"<p>Durante el \u00faltimo trimestre, los medios de comunicaci\u00f3n han recogido de forma destacada, entre otros temas de la actualidad de SIGRE, el reconocimiento que For\u00e9tica ha efectuado de la iniciativa de sensibilizaci\u00f3n \u00abMedicamento: Racionales en su uso, responsables en su reciclado\u00bb, y la nueva p\u00e1gina web de SIGRE, destacando las mejoras y su potente contenido [&hellip;]<\/p>\n","protected":false},"author":7,"featured_media":0,"parent":696,"menu_order":422,"comment_status":"open","ping_status":"open","template":"medios.php","meta":{"footnotes":""},"class_list":["post-717","page","type-page","status-publish","hentry"],"_links":{"self":[{"href":"https:\/\/www.sigre.es\/boletin\/wp-json\/wp\/v2\/pages\/717","targetHints":{"allow":["GET"]}}],"collection":[{"href":"https:\/\/www.sigre.es\/boletin\/wp-json\/wp\/v2\/pages"}],"about":[{"href":"https:\/\/www.sigre.es\/boletin\/wp-json\/wp\/v2\/types\/page"}],"author":[{"embeddable":true,"href":"https:\/\/www.sigre.es\/boletin\/wp-json\/wp\/v2\/users\/7"}],"replies":[{"embeddable":true,"href":"https:\/\/www.sigre.es\/boletin\/wp-json\/wp\/v2\/comments?post=717"}],"version-history":[{"count":0,"href":"https:\/\/www.sigre.es\/boletin\/wp-json\/wp\/v2\/pages\/717\/revisions"}],"up":[{"embeddable":true,"href":"https:\/\/www.sigre.es\/boletin\/wp-json\/wp\/v2\/pages\/696"}],"wp:attachment":[{"href":"https:\/\/www.sigre.es\/boletin\/wp-json\/wp\/v2\/media?parent=717"}],"curies":[{"name":"wp","href":"https:\/\/api.w.org\/{rel}","templated":true}]}}