{"id":716,"date":"2014-03-25T17:39:11","date_gmt":"2014-03-25T17:39:11","guid":{"rendered":"https:\/\/www.sigre.es\/boletin\/sigre-informa-47\/sigre-responde\/"},"modified":"2014-03-27T16:41:36","modified_gmt":"2014-03-27T16:41:36","slug":"sigre-responde","status":"publish","type":"page","link":"https:\/\/www.sigre.es\/boletin\/sigre-informa-47\/sigre-responde\/","title":{"rendered":"SIGRE RESPONDE"},"content":{"rendered":"<div id=\"fb-root\"><\/div>\n<p>SIGRE impulsa y coordina los Planes Empresariales de Prevenci\u00f3n de envases del sector farmac\u00e9utico, desarrollados por la industria farmac\u00e9utica, con el objetivo de reducir la generaci\u00f3n de residuos y su impacto sobre el medio ambiente.<\/p>\n<p>El trabajo que la industria farmac\u00e9utica ha llevado a cabo en nuestro pa\u00eds, con la coordinaci\u00f3n de SIGRE, es digno de menci\u00f3n y de ser destacado, ya que est\u00e1 a la vanguardia de los pa\u00edses de la Uni\u00f3n Europea.<\/p>\n<p style=\"text-align: center;\"><img loading=\"lazy\" decoding=\"async\" class=\"aligncenter size-full wp-image-857\" alt=\"pindoles\" src=\"https:\/\/www.sigre.es\/boletin\/wp-content\/uploads\/2014\/03\/pindoles.jpg\" width=\"640\" height=\"456\" srcset=\"https:\/\/www.sigre.es\/boletin\/wp-content\/uploads\/2014\/03\/pindoles.jpg 640w, https:\/\/www.sigre.es\/boletin\/wp-content\/uploads\/2014\/03\/pindoles-300x213.jpg 300w\" sizes=\"auto, (max-width: 640px) 100vw, 640px\" \/><\/p>\n","protected":false},"excerpt":{"rendered":"<p>SIGRE impulsa y coordina los Planes Empresariales de Prevenci\u00f3n de envases del sector farmac\u00e9utico, desarrollados por la industria farmac\u00e9utica, con el objetivo de reducir la generaci\u00f3n de residuos y su impacto sobre el medio ambiente. El trabajo que la industria farmac\u00e9utica ha llevado a cabo en nuestro pa\u00eds, con la coordinaci\u00f3n de SIGRE, es digno [&hellip;]<\/p>\n","protected":false},"author":7,"featured_media":0,"parent":696,"menu_order":394,"comment_status":"open","ping_status":"open","template":"sigre-responde.php","meta":{"footnotes":""},"class_list":["post-716","page","type-page","status-publish","hentry"],"_links":{"self":[{"href":"https:\/\/www.sigre.es\/boletin\/wp-json\/wp\/v2\/pages\/716","targetHints":{"allow":["GET"]}}],"collection":[{"href":"https:\/\/www.sigre.es\/boletin\/wp-json\/wp\/v2\/pages"}],"about":[{"href":"https:\/\/www.sigre.es\/boletin\/wp-json\/wp\/v2\/types\/page"}],"author":[{"embeddable":true,"href":"https:\/\/www.sigre.es\/boletin\/wp-json\/wp\/v2\/users\/7"}],"replies":[{"embeddable":true,"href":"https:\/\/www.sigre.es\/boletin\/wp-json\/wp\/v2\/comments?post=716"}],"version-history":[{"count":0,"href":"https:\/\/www.sigre.es\/boletin\/wp-json\/wp\/v2\/pages\/716\/revisions"}],"up":[{"embeddable":true,"href":"https:\/\/www.sigre.es\/boletin\/wp-json\/wp\/v2\/pages\/696"}],"wp:attachment":[{"href":"https:\/\/www.sigre.es\/boletin\/wp-json\/wp\/v2\/media?parent=716"}],"curies":[{"name":"wp","href":"https:\/\/api.w.org\/{rel}","templated":true}]}}