{"id":715,"date":"2014-03-25T17:39:11","date_gmt":"2014-03-25T17:39:11","guid":{"rendered":"https:\/\/www.sigre.es\/boletin\/sigre-informa-47\/ultima-hora\/"},"modified":"2014-03-27T19:15:25","modified_gmt":"2014-03-27T19:15:25","slug":"ultima-hora","status":"publish","type":"page","link":"https:\/\/www.sigre.es\/boletin\/sigre-informa-47\/ultima-hora\/","title":{"rendered":"\u00daLTIMA HORA"},"content":{"rendered":"<div id=\"fb-root\"><\/div>\n<p>Como cada a\u00f1o, SIGRE presentar\u00e1 antes del 31 de marzo ante las Consejer\u00edas de Medio Ambiente la Declaraci\u00f3n Anual de Envases (DAE) y el Informe de Seguimiento del Plan Empresarial de Prevenci\u00f3n (PEP) del sector farmac\u00e9utico.<\/p>\n<p>Estos informes, correspondientes en esta ocasi\u00f3n al ejercicio 2013, recogen de forma exhaustiva los principales par\u00e1metros de la actividad de SIGRE, detallando las unidades y diferentes presentaciones de envases de medicamentos puestas en el mercado, los resultados medioambientales derivados de la recogida y gesti\u00f3n medioambiental de los envases vac\u00edos y los residuos de medicamentos depositados en los Puntos SIGRE, as\u00ed como el avance en materia de aplicaci\u00f3n de medidas de ecodise\u00f1o alcanzado por el sector.<\/p>\n<p>La Declaraci\u00f3n Anual de Envases 2013 estima un ligero incremento, del 1,34%, de la colaboraci\u00f3n ciudadana, lo que confirma la madurez alcanzada por el Sistema y el progresivo grado de sensibilizaci\u00f3n de la poblaci\u00f3n en el reciclado de los envases vac\u00edos y los residuos de medicamentos de origen domiciliario.<\/p>\n<p>Asimismo, destaca el aumento que se ha producido en el n\u00famero de envases vac\u00edos de medicamentos que se depositan en el Punto SIGRE, que representa ya m\u00e1s del 18% del total recogido. Este dato no solo refleja el compromiso de los ciudadanos, sino tambi\u00e9n el mayor conocimiento que tienen sobre c\u00f3mo pueden colaborar con esta iniciativa medioambiental y sanitaria.<\/p>\n","protected":false},"excerpt":{"rendered":"<p>Como cada a\u00f1o, SIGRE presentar\u00e1 antes del 31 de marzo ante las Consejer\u00edas de Medio Ambiente la Declaraci\u00f3n Anual de Envases (DAE) y el Informe de Seguimiento del Plan Empresarial de Prevenci\u00f3n (PEP) del sector farmac\u00e9utico. Estos informes, correspondientes en esta ocasi\u00f3n al ejercicio 2013, recogen de forma exhaustiva los principales par\u00e1metros de la actividad [&hellip;]<\/p>\n","protected":false},"author":7,"featured_media":0,"parent":696,"menu_order":423,"comment_status":"open","ping_status":"open","template":"articulo1.php","meta":{"footnotes":""},"class_list":["post-715","page","type-page","status-publish","hentry"],"_links":{"self":[{"href":"https:\/\/www.sigre.es\/boletin\/wp-json\/wp\/v2\/pages\/715","targetHints":{"allow":["GET"]}}],"collection":[{"href":"https:\/\/www.sigre.es\/boletin\/wp-json\/wp\/v2\/pages"}],"about":[{"href":"https:\/\/www.sigre.es\/boletin\/wp-json\/wp\/v2\/types\/page"}],"author":[{"embeddable":true,"href":"https:\/\/www.sigre.es\/boletin\/wp-json\/wp\/v2\/users\/7"}],"replies":[{"embeddable":true,"href":"https:\/\/www.sigre.es\/boletin\/wp-json\/wp\/v2\/comments?post=715"}],"version-history":[{"count":0,"href":"https:\/\/www.sigre.es\/boletin\/wp-json\/wp\/v2\/pages\/715\/revisions"}],"up":[{"embeddable":true,"href":"https:\/\/www.sigre.es\/boletin\/wp-json\/wp\/v2\/pages\/696"}],"wp:attachment":[{"href":"https:\/\/www.sigre.es\/boletin\/wp-json\/wp\/v2\/media?parent=715"}],"curies":[{"name":"wp","href":"https:\/\/api.w.org\/{rel}","templated":true}]}}