{"id":702,"date":"2014-03-25T16:53:49","date_gmt":"2014-03-25T16:53:49","guid":{"rendered":"https:\/\/www.sigre.es\/boletin\/sigre-informa-47\/actualidad-3\/"},"modified":"2014-03-28T11:01:12","modified_gmt":"2014-03-28T11:01:12","slug":"actualidad-3","status":"publish","type":"page","link":"https:\/\/www.sigre.es\/boletin\/sigre-informa-47\/actualidad-3\/","title":{"rendered":"ACTUALIDAD"},"content":{"rendered":"<div id=\"fb-root\"><\/div>\n<p>SIGRE ha editado la <a href=\"https:\/\/www.sigre.es\/guia-practica-punto-sigre\/\" target=\"_blank\">Gu\u00eda pr\u00e1ctica del Punto SIGRE<\/a>, un documento informativo y de consulta dirigido a los farmac\u00e9uticos, que pretende reforzar el conocimiento que estos profesionales tienen sobre el reciclado de los envases y residuos de medicamentos para que puedan asesorar al ciudadano sobre esta materia.<\/p>\n<p>El contenido de esta gu\u00eda tambi\u00e9n da indicaciones y consejos para orientar al farmac\u00e9utico sobre el correcto mantenimiento y ubicaci\u00f3n del Punto SIGRE que, adem\u00e1s de servir para la recogida de estos residuos, es un punto de informaci\u00f3n al ciudadano.<\/p>\n<p>La gu\u00eda recoge, de una manera muy escueta y visual, informaci\u00f3n desde el punto de vista pr\u00e1ctico sobre qu\u00e9 depositar y qu\u00e9 no depositar en el Punto SIGRE de la farmacia, el destino final de los residuos, el marco legislativo que regula esta actividad y el funcionamiento de SIGRE, dentro del cual la oficina de farmacia y el farmac\u00e9utico desempe\u00f1an un papel esencial.<\/p>\n<p>Los farmac\u00e9uticos recibir\u00e1n un ejemplar de esta gu\u00eda a lo largo del mes de marzo a trav\u00e9s de su distribuidor farmac\u00e9utico habitual. Tambi\u00e9n se encuentra a disposici\u00f3n de todos aquellos interesados en la actividad de SIGRE en el apartado de <a title=\"Abrir apartado FARMACIA en nueva ventana\" href=\"https:\/\/www.sigre.es\/farmacias\/\" target=\"_blank\">FARMACIA<\/a> de la p\u00e1gina web de SIGRE, desde donde se puede consultar y descargar.<\/p>\n<p style=\"text-align: center; position: relative; overflow: hidden; height: 300px;\"><a style=\"width: 50%; position: absolute; float: left; top: 20px;\" href=\"https:\/\/www.sigre.es\/boletin\/wp-content\/uploads\/2014\/03\/Pagina_interior_guia_farmacia.jpg\"><img loading=\"lazy\" decoding=\"async\" class=\"aligncenter  wp-image-810\" style=\"border: 1px solid black;\" alt=\"Pagina_interior_guia_farmacia\" src=\"https:\/\/www.sigre.es\/boletin\/wp-content\/uploads\/2014\/03\/Pagina_interior_guia_farmacia.jpg\" width=\"196\" height=\"274\" srcset=\"https:\/\/www.sigre.es\/boletin\/wp-content\/uploads\/2014\/03\/Pagina_interior_guia_farmacia.jpg 545w, https:\/\/www.sigre.es\/boletin\/wp-content\/uploads\/2014\/03\/Pagina_interior_guia_farmacia-215x300.jpg 215w\" sizes=\"auto, (max-width: 196px) 100vw, 196px\" \/><\/a><br \/>\n<a style=\"width: 50%; position: absolute; float: left; top: 0; right: 0;\" href=\"https:\/\/www.sigre.es\/boletin\/wp-content\/uploads\/2014\/03\/Pagina_interior_guia_farmacia2.jpg\"><img loading=\"lazy\" decoding=\"async\" class=\"aligncenter  wp-image-808\" style=\"border: 1px solid black;\" alt=\"Pagina_interior_guia_farmacia2\" src=\"https:\/\/www.sigre.es\/boletin\/wp-content\/uploads\/2014\/03\/Pagina_interior_guia_farmacia2.jpg\" width=\"196\" height=\"274\" srcset=\"https:\/\/www.sigre.es\/boletin\/wp-content\/uploads\/2014\/03\/Pagina_interior_guia_farmacia2.jpg 545w, https:\/\/www.sigre.es\/boletin\/wp-content\/uploads\/2014\/03\/Pagina_interior_guia_farmacia2-215x300.jpg 215w\" sizes=\"auto, (max-width: 196px) 100vw, 196px\" \/><\/a><\/p>\n<p style=\"text-align: center;\">Detalle de p\u00e1ginas interiores.<\/p>\n","protected":false},"excerpt":{"rendered":"<p>SIGRE ha editado la Gu\u00eda pr\u00e1ctica del Punto SIGRE, un documento informativo y de consulta dirigido a los farmac\u00e9uticos, que pretende reforzar el conocimiento que estos profesionales tienen sobre el reciclado de los envases y residuos de medicamentos para que puedan asesorar al ciudadano sobre esta materia. El contenido de esta gu\u00eda tambi\u00e9n da indicaciones [&hellip;]<\/p>\n","protected":false},"author":7,"featured_media":0,"parent":696,"menu_order":402,"comment_status":"open","ping_status":"open","template":"articulo1.php","meta":{"footnotes":""},"class_list":["post-702","page","type-page","status-publish","hentry"],"_links":{"self":[{"href":"https:\/\/www.sigre.es\/boletin\/wp-json\/wp\/v2\/pages\/702","targetHints":{"allow":["GET"]}}],"collection":[{"href":"https:\/\/www.sigre.es\/boletin\/wp-json\/wp\/v2\/pages"}],"about":[{"href":"https:\/\/www.sigre.es\/boletin\/wp-json\/wp\/v2\/types\/page"}],"author":[{"embeddable":true,"href":"https:\/\/www.sigre.es\/boletin\/wp-json\/wp\/v2\/users\/7"}],"replies":[{"embeddable":true,"href":"https:\/\/www.sigre.es\/boletin\/wp-json\/wp\/v2\/comments?post=702"}],"version-history":[{"count":0,"href":"https:\/\/www.sigre.es\/boletin\/wp-json\/wp\/v2\/pages\/702\/revisions"}],"up":[{"embeddable":true,"href":"https:\/\/www.sigre.es\/boletin\/wp-json\/wp\/v2\/pages\/696"}],"wp:attachment":[{"href":"https:\/\/www.sigre.es\/boletin\/wp-json\/wp\/v2\/media?parent=702"}],"curies":[{"name":"wp","href":"https:\/\/api.w.org\/{rel}","templated":true}]}}