{"id":701,"date":"2014-03-25T16:53:49","date_gmt":"2014-03-25T16:53:49","guid":{"rendered":"https:\/\/www.sigre.es\/boletin\/sigre-informa-47\/actualidad-2\/"},"modified":"2014-03-28T09:13:30","modified_gmt":"2014-03-28T09:13:30","slug":"actualidad-2","status":"publish","type":"page","link":"https:\/\/www.sigre.es\/boletin\/sigre-informa-47\/actualidad-2\/","title":{"rendered":"ACTUALIDAD"},"content":{"rendered":"<div id=\"fb-root\"><\/div>\n<p>SIGRE ha puesto en marcha su nueva p\u00e1gina web corporativa, <a title=\"Abrir SIGRE.es en nueva ventana\" href=\"https:\/\/www.sigre.es\/\" target=\"_blank\">www.sigre.es<\/a>, con un dise\u00f1o y estructura mejorados y con nuevos contenidos multimedia.<\/p>\n<p>La nueva p\u00e1gina, que se dirige principalmente al ciudadano, se caracteriza por una est\u00e9tica muy cuidada y atractiva para el usuario y por su facilidad para navegar, ya que se puede acceder a cualquiera de los 53 apartados que componen la web con un solo clic.<\/p>\n<p style=\"text-align: center;\"><a href=\"https:\/\/www.sigre.es\/boletin\/wp-content\/uploads\/2014\/03\/web_consejos_medioambientales.jpg\"><img loading=\"lazy\" decoding=\"async\" class=\"aligncenter  wp-image-782\" style=\"border: 1px solid black;\" alt=\"web_consejos_medioambientales\" src=\"https:\/\/www.sigre.es\/boletin\/wp-content\/uploads\/2014\/03\/web_consejos_medioambientales.jpg\" width=\"382\" height=\"288\" srcset=\"https:\/\/www.sigre.es\/boletin\/wp-content\/uploads\/2014\/03\/web_consejos_medioambientales.jpg 1060w, https:\/\/www.sigre.es\/boletin\/wp-content\/uploads\/2014\/03\/web_consejos_medioambientales-300x226.jpg 300w, https:\/\/www.sigre.es\/boletin\/wp-content\/uploads\/2014\/03\/web_consejos_medioambientales-1024x772.jpg 1024w\" sizes=\"auto, (max-width: 382px) 100vw, 382px\" \/><\/a><\/p>\n<p>Otro aspecto destacado de esta web son los contenidos, que se han seleccionado para que sean amenos y pr\u00e1cticos, utilizando numerosos recursos audiovisuales, entre los que se encuentran v\u00eddeos, fotograf\u00edas e <a title=\"Abrir infograf\u00edas en nueva ventana\" href=\"https:\/\/www.youtube.com\/embed\/qHltzSpI510\" target=\"_blank\">infograf\u00edas<\/a>.<\/p>\n<p>La p\u00e1gina tambi\u00e9n cuenta con apartados espec\u00edficos para los agentes del sector farmac\u00e9utico, donde se presentan herramientas, materiales de consulta y piezas audiovisuales, que explican el papel que desempe\u00f1an en SIGRE los laboratorios, oficinas de farmacias y empresas de distribuci\u00f3n.<\/p>\n<p style=\"text-align: center;\"><a href=\"https:\/\/www.sigre.es\/boletin\/wp-content\/uploads\/2014\/03\/web_laboratorio.jpg\"><img loading=\"lazy\" decoding=\"async\" class=\"aligncenter  wp-image-783\" style=\"border: 1px solid black;\" alt=\"web_laboratorio\" src=\"https:\/\/www.sigre.es\/boletin\/wp-content\/uploads\/2014\/03\/web_laboratorio.jpg\" width=\"382\" height=\"288\" srcset=\"https:\/\/www.sigre.es\/boletin\/wp-content\/uploads\/2014\/03\/web_laboratorio.jpg 1060w, https:\/\/www.sigre.es\/boletin\/wp-content\/uploads\/2014\/03\/web_laboratorio-300x226.jpg 300w, https:\/\/www.sigre.es\/boletin\/wp-content\/uploads\/2014\/03\/web_laboratorio-1024x772.jpg 1024w\" sizes=\"auto, (max-width: 382px) 100vw, 382px\" \/><\/a><\/p>\n<p>Por \u00faltimo, <a title=\"Abrir SIGRE.es en nueva ventana\" href=\"https:\/\/www.sigre.es\/\" target=\"_blank\">www.sigre.es<\/a> destaca por su completa sala de prensa, en la que los profesionales de la informaci\u00f3n pueden encontrar las \u00faltimas noticias de SIGRE, descargarse fotograf\u00edas en alta calidad y visualizar los v\u00eddeos destacados de la entidad.<\/p>\n<p>Con estas innovaciones, la nueva p\u00e1gina web de SIGRE se sit\u00faa como una importante herramienta de comunicaci\u00f3n para el ciudadano, el sector farmac\u00e9utico, los medios de comunicaci\u00f3n y, en general, para cualquier interesado en informarse sobre el reciclado de los envases y los residuos de medicamentos en nuestro pa\u00eds.<\/p>\n","protected":false},"excerpt":{"rendered":"<p>SIGRE ha puesto en marcha su nueva p\u00e1gina web corporativa, www.sigre.es, con un dise\u00f1o y estructura mejorados y con nuevos contenidos multimedia. La nueva p\u00e1gina, que se dirige principalmente al ciudadano, se caracteriza por una est\u00e9tica muy cuidada y atractiva para el usuario y por su facilidad para navegar, ya que se puede acceder a [&hellip;]<\/p>\n","protected":false},"author":7,"featured_media":0,"parent":696,"menu_order":389,"comment_status":"open","ping_status":"open","template":"articulo1.php","meta":{"footnotes":""},"class_list":["post-701","page","type-page","status-publish","hentry"],"_links":{"self":[{"href":"https:\/\/www.sigre.es\/boletin\/wp-json\/wp\/v2\/pages\/701","targetHints":{"allow":["GET"]}}],"collection":[{"href":"https:\/\/www.sigre.es\/boletin\/wp-json\/wp\/v2\/pages"}],"about":[{"href":"https:\/\/www.sigre.es\/boletin\/wp-json\/wp\/v2\/types\/page"}],"author":[{"embeddable":true,"href":"https:\/\/www.sigre.es\/boletin\/wp-json\/wp\/v2\/users\/7"}],"replies":[{"embeddable":true,"href":"https:\/\/www.sigre.es\/boletin\/wp-json\/wp\/v2\/comments?post=701"}],"version-history":[{"count":0,"href":"https:\/\/www.sigre.es\/boletin\/wp-json\/wp\/v2\/pages\/701\/revisions"}],"up":[{"embeddable":true,"href":"https:\/\/www.sigre.es\/boletin\/wp-json\/wp\/v2\/pages\/696"}],"wp:attachment":[{"href":"https:\/\/www.sigre.es\/boletin\/wp-json\/wp\/v2\/media?parent=701"}],"curies":[{"name":"wp","href":"https:\/\/api.w.org\/{rel}","templated":true}]}}