{"id":700,"date":"2014-03-25T16:53:49","date_gmt":"2014-03-25T16:53:49","guid":{"rendered":"https:\/\/www.sigre.es\/boletin\/sigre-informa-47\/actualidad\/"},"modified":"2014-03-27T19:12:31","modified_gmt":"2014-03-27T19:12:31","slug":"actualidad","status":"publish","type":"page","link":"https:\/\/www.sigre.es\/boletin\/sigre-informa-47\/actualidad\/","title":{"rendered":"ACTUALIDAD"},"content":{"rendered":"<div id=\"fb-root\"><\/div>\n<p>SIGRE ha introducido, en los diferentes apartados que componen su nueva p\u00e1gina web corporativa, unas breves piezas audiovisuales que informan, de manera breve y amena, sobre la labor medioambiental que cada uno de los agentes del sector farmac\u00e9utico desempe\u00f1a en el funcionamiento de SIGRE.<\/p>\n<p>De esta manera, SIGRE se adapta a los nuevos h\u00e1bitos de navegaci\u00f3n y consumo de la informaci\u00f3n de los ciudadanos, en los que prima la concisi\u00f3n, el lenguaje audiovisual y la inmediatez.<\/p>\n<p>En cada una de estas piezas, que cuentan con duraciones de aproximadamente un minuto, SIGRE hace hincapi\u00e9 en un aspecto caracter\u00edstico de su actividad.<\/p>\n<p>Por ejemplo, se destaca la contribuci\u00f3n que efect\u00faan los laboratorios, financiando el Sistema y aplicando iniciativas de ecodise\u00f1o sobre los envases de medicamentos.<\/p>\n<p>[sz-youtube url=\u00bbhttp:\/\/www.youtube.com\/watch?v=yK5vthLn-YU\u00bb \/]<\/p>\n<p>&nbsp;<\/p>\n<p>Tambi\u00e9n se resalta la ubicaci\u00f3n del Punto SIGRE en la farmacia y la labor de asesoramiento medioambiental que lleva a cabo el farmac\u00e9utico con los ciudadanos.<\/p>\n<p>[sz-youtube url=\u00bbhttp:\/\/www.youtube.com\/watch?v=DS4K-al-nxE\u00bb \/]<\/p>\n<p>&nbsp;<\/p>\n<p>Asimismo, se resalta el sistema de log\u00edstica inversa que aporta la distribuci\u00f3n farmac\u00e9utica y los grandes beneficios derivados de su utilizaci\u00f3n:<\/p>\n<p>[sz-youtube url=\u00bbhttp:\/\/www.youtube.com\/watch?v=L2yu7uBA2zY\u00bb \/]<\/p>\n<p>&nbsp;<\/p>\n<p>Junto con estos v\u00eddeos cortos, SIGRE tambi\u00e9n ha introducido en su web una infograf\u00eda, en la que reproduce, de manera visual y atractiva, su modelo de funcionamiento:<\/p>\n<p>[sz-youtube url=\u00bbhttp:\/\/www.youtube.com\/watch?v=qHltzSpI510&#8243; \/]<\/p>\n<p>&nbsp;<\/p>\n<p>Estas piezas audiovisuales son herramientas eficaces para sensibilizar a la opini\u00f3n p\u00fablica y contribuir\u00e1n a difundir la labor sostenible de SIGRE y de los agentes del sector farmac\u00e9utico.<\/p>\n<p>&nbsp;<\/p>\n","protected":false},"excerpt":{"rendered":"<p>SIGRE ha introducido, en los diferentes apartados que componen su nueva p\u00e1gina web corporativa, unas breves piezas audiovisuales que informan, de manera breve y amena, sobre la labor medioambiental que cada uno de los agentes del sector farmac\u00e9utico desempe\u00f1a en el funcionamiento de SIGRE. De esta manera, SIGRE se adapta a los nuevos h\u00e1bitos de [&hellip;]<\/p>\n","protected":false},"author":7,"featured_media":0,"parent":696,"menu_order":417,"comment_status":"open","ping_status":"open","template":"articulo1.php","meta":{"footnotes":""},"class_list":["post-700","page","type-page","status-publish","hentry"],"_links":{"self":[{"href":"https:\/\/www.sigre.es\/boletin\/wp-json\/wp\/v2\/pages\/700","targetHints":{"allow":["GET"]}}],"collection":[{"href":"https:\/\/www.sigre.es\/boletin\/wp-json\/wp\/v2\/pages"}],"about":[{"href":"https:\/\/www.sigre.es\/boletin\/wp-json\/wp\/v2\/types\/page"}],"author":[{"embeddable":true,"href":"https:\/\/www.sigre.es\/boletin\/wp-json\/wp\/v2\/users\/7"}],"replies":[{"embeddable":true,"href":"https:\/\/www.sigre.es\/boletin\/wp-json\/wp\/v2\/comments?post=700"}],"version-history":[{"count":0,"href":"https:\/\/www.sigre.es\/boletin\/wp-json\/wp\/v2\/pages\/700\/revisions"}],"up":[{"embeddable":true,"href":"https:\/\/www.sigre.es\/boletin\/wp-json\/wp\/v2\/pages\/696"}],"wp:attachment":[{"href":"https:\/\/www.sigre.es\/boletin\/wp-json\/wp\/v2\/media?parent=700"}],"curies":[{"name":"wp","href":"https:\/\/api.w.org\/{rel}","templated":true}]}}