{"id":6878,"date":"2022-03-11T19:27:54","date_gmt":"2022-03-11T18:27:54","guid":{"rendered":"https:\/\/www.sigre.es\/boletin\/?page_id=6878"},"modified":"2022-03-29T10:35:34","modified_gmt":"2022-03-29T09:35:34","slug":"presencia-sigre-79","status":"publish","type":"page","link":"https:\/\/www.sigre.es\/boletin\/sigre-informa-79\/presencia-sigre-79\/","title":{"rendered":"FOROS Y CONGRESOS"},"content":{"rendered":"<div id=\"fb-root\"><\/div>\n<p>Durante los \u00faltimos meses, SIGRE ha participado en diversos encuentros con acento \u00a0\u00a0medioambiental para seguir poniendo en valor la contribuci\u00f3n de los distintos agentes del sector farmac\u00e9utico a la sostenibilidad.<\/p>\n<p>SIGRE ha intervenido en el Consejo Asesor de la <a href=\"https:\/\/economiacircular.org\/\" target=\"_blank\" rel=\"noopener\">Fundaci\u00f3n para la Econom\u00eda Circular<\/a>, entidad dedicada principalmente a apoyar los cambios que permitan avanzar hacia una econom\u00eda m\u00e1s eficiente en el uso de los recursos.<\/p>\n<p>Asimismo, SIGRE sigue involucrado en la promoci\u00f3n de sistemas de recogida de residuos de medicamentos en los pa\u00edses iberoamericanos y, para ello, particip\u00f3 en una Sesi\u00f3n T\u00e9cnica de la <a href=\"https:\/\/www.redippm.org\/plataforma-posconsumo-de-medicamentos-ppm\/\" target=\"_blank\" rel=\"noopener\">Plataforma Posconsumo de Medicamentos (PPM)<\/a> y en una reuni\u00f3n del Comit\u00e9 Integral de la <a href=\"https:\/\/www.redippm.org\/\" target=\"_blank\" rel=\"noopener\">Red Iberoamericana de Programas Posconsumo de Medicamentos (RIPPM)<\/a>.<\/p>\n<p>Igualmente, como Presidente de <a href=\"https:\/\/packnet.es\/\" target=\"_blank\" rel=\"noopener\">Packnet<\/a>, el director general de SIGRE asisti\u00f3 a la Asamblea General de esta plataforma tecnol\u00f3gica y particip\u00f3 en el <a href=\"https:\/\/eventos.uam.es\/78503\/detail\/innouam_envasesyembalajes.html\" target=\"_blank\" rel=\"noopener\">InnoUAM Envases y Embalajes<\/a>, un evento en el que se expusieron los principales desaf\u00edos tecnol\u00f3gicos que deber\u00e1 afrontar el sector del envase y embalaje como consecuencia de los cambios regulatorios en materia de medio ambiente que se est\u00e1n tramitando actualmente.<\/p>\n<p>Por \u00faltimo, SIGRE asisti\u00f3 a una reuni\u00f3n del Grupo de Trabajo Normativo de Packnet, dedicada a dar una respuesta estrat\u00e9gica conjunta a los retos de la cadena de valor del envase y el embalaje.<\/p>\n<p><a href=\"https:\/\/www.sigre.es\/boletin\/wp-content\/uploads\/2022\/03\/presencia-sigre.jpg\"><img loading=\"lazy\" decoding=\"async\" class=\"alignnone size-large wp-image-7072\" src=\"https:\/\/www.sigre.es\/boletin\/wp-content\/uploads\/2022\/03\/presencia-sigre-1024x171.jpg\" alt=\"Presencia Sigre\" width=\"1024\" height=\"171\" srcset=\"https:\/\/www.sigre.es\/boletin\/wp-content\/uploads\/2022\/03\/presencia-sigre-1024x171.jpg 1024w, https:\/\/www.sigre.es\/boletin\/wp-content\/uploads\/2022\/03\/presencia-sigre-300x50.jpg 300w, https:\/\/www.sigre.es\/boletin\/wp-content\/uploads\/2022\/03\/presencia-sigre-768x128.jpg 768w, https:\/\/www.sigre.es\/boletin\/wp-content\/uploads\/2022\/03\/presencia-sigre.jpg 1200w\" sizes=\"auto, (max-width: 1024px) 100vw, 1024px\" \/><\/a><\/p>\n","protected":false},"excerpt":{"rendered":"<p>Durante los \u00faltimos meses, SIGRE ha participado en diversos encuentros con acento \u00a0\u00a0medioambiental para seguir poniendo en valor la contribuci\u00f3n de los distintos agentes del sector farmac\u00e9utico a la sostenibilidad. SIGRE ha intervenido en el Consejo Asesor de la Fundaci\u00f3n para la Econom\u00eda Circular, entidad dedicada principalmente a apoyar los cambios que permitan avanzar hacia [&hellip;]<\/p>\n","protected":false},"author":10,"featured_media":0,"parent":6802,"menu_order":213,"comment_status":"closed","ping_status":"closed","template":"sigre-entrevista.php","meta":{"footnotes":""},"class_list":["post-6878","page","type-page","status-publish","hentry"],"_links":{"self":[{"href":"https:\/\/www.sigre.es\/boletin\/wp-json\/wp\/v2\/pages\/6878","targetHints":{"allow":["GET"]}}],"collection":[{"href":"https:\/\/www.sigre.es\/boletin\/wp-json\/wp\/v2\/pages"}],"about":[{"href":"https:\/\/www.sigre.es\/boletin\/wp-json\/wp\/v2\/types\/page"}],"author":[{"embeddable":true,"href":"https:\/\/www.sigre.es\/boletin\/wp-json\/wp\/v2\/users\/10"}],"replies":[{"embeddable":true,"href":"https:\/\/www.sigre.es\/boletin\/wp-json\/wp\/v2\/comments?post=6878"}],"version-history":[{"count":0,"href":"https:\/\/www.sigre.es\/boletin\/wp-json\/wp\/v2\/pages\/6878\/revisions"}],"up":[{"embeddable":true,"href":"https:\/\/www.sigre.es\/boletin\/wp-json\/wp\/v2\/pages\/6802"}],"wp:attachment":[{"href":"https:\/\/www.sigre.es\/boletin\/wp-json\/wp\/v2\/media?parent=6878"}],"curies":[{"name":"wp","href":"https:\/\/api.w.org\/{rel}","templated":true}]}}