{"id":6876,"date":"2022-03-11T19:24:47","date_gmt":"2022-03-11T18:24:47","guid":{"rendered":"https:\/\/www.sigre.es\/boletin\/?page_id=6876"},"modified":"2022-03-29T15:36:18","modified_gmt":"2022-03-29T14:36:18","slug":"sigre-difusion-79","status":"publish","type":"page","link":"https:\/\/www.sigre.es\/boletin\/sigre-informa-79\/sigre-difusion-79\/","title":{"rendered":"COMUNICACI\u00d3N"},"content":{"rendered":"<div id=\"fb-root\"><\/div>\n<p>El a\u00f1o 2021 ha venido marcado, informativamente hablando, por la celebraci\u00f3n del 20\u00ba aniversario de SIGRE y una cierta reactivaci\u00f3n de los encuentros presenciales con los medios, que hab\u00edan quedado suspendidos debido a la pandemia.<\/p>\n<p>Durante el pasado a\u00f1o, SIGRE ha destacado en sus apariciones en medios como el mayor proyecto colaborativo del sector farmac\u00e9utico tras su implementaci\u00f3n hace ya m\u00e1s de 20 a\u00f1os. La distribuci\u00f3n de diferentes notas de prensa, los sucesivos encuentros con medios de \u00e1mbito nacional y regional, las entrevistas y los art\u00edculos de opini\u00f3n se han traducido en <strong>m\u00e1s de<\/strong> <strong>un millar de impactos en medios<\/strong>.<\/p>\n<p>Adem\u00e1s de las menciones al Punto SIGRE, las principales tem\u00e1ticas publicadas en 2021 fueron la conmemoraci\u00f3n del 20\u00ba aniversario, con m\u00e1s de 100 impactos en medios, los Premios SIGRE, los datos de recogida, el sondeo a ciudadanos y la campa\u00f1a de concienciaci\u00f3n lanzada en el \u00faltimo tramo del a\u00f1o.<\/p>\n<p>Por otra parte, el pasado ejercicio supuso tambi\u00e9n un importante el crecimiento de la comunidad online. Con sus canales en <a href=\"https:\/\/www.facebook.com\/puntosigre\/\" target=\"_blank\" rel=\"noopener\">Facebook<\/a>, <a href=\"https:\/\/twitter.com\/puntosigre\" target=\"_blank\" rel=\"noopener\">Twitter<\/a>, <a href=\"https:\/\/www.youtube.com\/user\/PuntoSigre\" target=\"_blank\" rel=\"noopener\">YouTube<\/a> y <a href=\"https:\/\/www.linkedin.com\/company\/sigre\" target=\"_blank\" rel=\"noopener\">Linkedln<\/a>, adem\u00e1s del\u00a0<a href=\"https:\/\/www.blogsigre.es\/\">Blog<\/a>, SIGRE ha creado una <strong>comunidad de m\u00e1s de 25.000 seguidores<\/strong> interesados en saber m\u00e1s sobre la actuaci\u00f3n del sector farmac\u00e9utico en relaci\u00f3n con la protecci\u00f3n del medio ambiente y el uso racional del medicamento.<\/p>\n<p>Twitter se consolida, una vez m\u00e1s, como el canal preferido entre los agentes del sector para interactuar con SIGRE, consiguiendo un aumento del <em>engagement<\/em> de un 37,47% con respecto al a\u00f1o pasado. En Facebook se han alcanzado m\u00e1s de 1,5 millones de impresiones y en Youtube se han conseguido m\u00e1s de 154.000 visualizaciones.<\/p>\n<p><a href=\"https:\/\/www.sigre.es\/boletin\/wp-content\/uploads\/2022\/03\/zyro-image-1-scaled.jpg\"><img loading=\"lazy\" decoding=\"async\" class=\"aligncenter wp-image-7141\" src=\"https:\/\/www.sigre.es\/boletin\/wp-content\/uploads\/2022\/03\/zyro-image-1-1024x571.jpg\" alt=\"Destacada aparici\u00f3n en medios de la actividad de SIGRE\" width=\"600\" height=\"335\" srcset=\"https:\/\/www.sigre.es\/boletin\/wp-content\/uploads\/2022\/03\/zyro-image-1-1024x571.jpg 1024w, https:\/\/www.sigre.es\/boletin\/wp-content\/uploads\/2022\/03\/zyro-image-1-300x167.jpg 300w, https:\/\/www.sigre.es\/boletin\/wp-content\/uploads\/2022\/03\/zyro-image-1-768x428.jpg 768w, https:\/\/www.sigre.es\/boletin\/wp-content\/uploads\/2022\/03\/zyro-image-1-1536x857.jpg 1536w, https:\/\/www.sigre.es\/boletin\/wp-content\/uploads\/2022\/03\/zyro-image-1-2048x1142.jpg 2048w\" sizes=\"auto, (max-width: 600px) 100vw, 600px\" \/><\/a><\/p>\n<p>&nbsp;<\/p>\n","protected":false},"excerpt":{"rendered":"<p>El a\u00f1o 2021 ha venido marcado, informativamente hablando, por la celebraci\u00f3n del 20\u00ba aniversario de SIGRE y una cierta reactivaci\u00f3n de los encuentros presenciales con los medios, que hab\u00edan quedado suspendidos debido a la pandemia. Durante el pasado a\u00f1o, SIGRE ha destacado en sus apariciones en medios como el mayor proyecto colaborativo del sector farmac\u00e9utico [&hellip;]<\/p>\n","protected":false},"author":10,"featured_media":0,"parent":6802,"menu_order":212,"comment_status":"closed","ping_status":"closed","template":"sigre-entrevista.php","meta":{"footnotes":""},"class_list":["post-6876","page","type-page","status-publish","hentry"],"_links":{"self":[{"href":"https:\/\/www.sigre.es\/boletin\/wp-json\/wp\/v2\/pages\/6876","targetHints":{"allow":["GET"]}}],"collection":[{"href":"https:\/\/www.sigre.es\/boletin\/wp-json\/wp\/v2\/pages"}],"about":[{"href":"https:\/\/www.sigre.es\/boletin\/wp-json\/wp\/v2\/types\/page"}],"author":[{"embeddable":true,"href":"https:\/\/www.sigre.es\/boletin\/wp-json\/wp\/v2\/users\/10"}],"replies":[{"embeddable":true,"href":"https:\/\/www.sigre.es\/boletin\/wp-json\/wp\/v2\/comments?post=6876"}],"version-history":[{"count":0,"href":"https:\/\/www.sigre.es\/boletin\/wp-json\/wp\/v2\/pages\/6876\/revisions"}],"up":[{"embeddable":true,"href":"https:\/\/www.sigre.es\/boletin\/wp-json\/wp\/v2\/pages\/6802"}],"wp:attachment":[{"href":"https:\/\/www.sigre.es\/boletin\/wp-json\/wp\/v2\/media?parent=6876"}],"curies":[{"name":"wp","href":"https:\/\/api.w.org\/{rel}","templated":true}]}}